{"id":389870,"date":"2025-09-02T10:51:28","date_gmt":"2025-09-02T10:51:28","guid":{"rendered":"https:\/\/glotomania.com\/p\/set-cortadores-tappits-fmm-alfabeto-minuscula-cursiva-2\/"},"modified":"2026-04-30T00:22:27","modified_gmt":"2026-04-30T00:22:27","slug":"set-cortadores-tappits-fmm-alfabeto-minuscula-cursiva-2","status":"publish","type":"product","link":"https:\/\/glotomania.com\/pt-pt\/p\/set-cortadores-tappits-fmm-alfabeto-minuscula-cursiva-2\/","title":{"rendered":"Conjunto De Cortadores &#8220;tappits&#8221; Fmm &#8211; Alfabeto Min\u00dasculo (cursivo)"},"content":{"rendered":"<p>&nbsp;<\/p>\n<p><span style=\"font-size:14px\">Fabricado em pl&aacute;stico de qualidade alimentar.<\/span><\/p>\n<p><span style=\"font-size:14px\"><strong>Modo de utiliza&ccedil;&atilde;o:<\/strong><br \/>\nAmassar bem a pasta de a&ccedil;&uacute;car (ou qualquer outra massa), estendendo-a muito fina. De seguida, pressionar a letra desejada e separar o cortador.<\/span><\/p>\n<p><span style=\"font-size:14px\"><strong>Dimens&otilde;es aproximadas:<\/strong> 1 &#8211; 1,5 cm.<\/span><\/p>\n","protected":false},"excerpt":{"rendered":"<p>Inclui 2 r\u00e9guas com cortantes Fmm, com as letras min\u00fasculas (a &#8211; z) em it\u00e1lico.<\/p>\n","protected":false},"featured_media":348688,"comment_status":"open","ping_status":"closed","template":"","meta":{"_acf_changed":false},"pwb-brand":[],"product_brand":[],"product_cat":[3199,3087,1788,1767],"product_tag":[],"class_list":{"0":"post-389870","1":"product","2":"type-product","3":"status-publish","4":"has-post-thumbnail","6":"product_cat-cortadores-de-metal","7":"product_cat-ordem-e-armazenamento","8":"product_cat-cortadores-de-cobre","9":"product_cat-utensilios","11":"first","12":"instock","13":"taxable","14":"shipping-taxable","15":"purchasable","16":"product-type-simple"},"acf":[],"df_price":2.42,"df_sale_price":2.42,"df_regular_price":3.46,"df_image_link":"https:\/\/glotomania.com\/wp-content\/uploads\/2025\/11\/img_23416_b4684cd2e3811fdeeac9ce6e5bf9c399_1-37-300x300.jpg","brands":[],"_links":{"self":[{"href":"https:\/\/glotomania.com\/pt-pt\/wp-json\/wp\/v2\/product\/389870","targetHints":{"allow":["GET"]}}],"collection":[{"href":"https:\/\/glotomania.com\/pt-pt\/wp-json\/wp\/v2\/product"}],"about":[{"href":"https:\/\/glotomania.com\/pt-pt\/wp-json\/wp\/v2\/types\/product"}],"replies":[{"embeddable":true,"href":"https:\/\/glotomania.com\/pt-pt\/wp-json\/wp\/v2\/comments?post=389870"}],"wp:featuredmedia":[{"embeddable":true,"href":"https:\/\/glotomania.com\/pt-pt\/wp-json\/wp\/v2\/media\/348688"}],"wp:attachment":[{"href":"https:\/\/glotomania.com\/pt-pt\/wp-json\/wp\/v2\/media?parent=389870"}],"wp:term":[{"taxonomy":"pwb-brand","embeddable":true,"href":"https:\/\/glotomania.com\/pt-pt\/wp-json\/wp\/v2\/pwb-brand?post=389870"},{"taxonomy":"product_brand","embeddable":true,"href":"https:\/\/glotomania.com\/pt-pt\/wp-json\/wp\/v2\/product_brand?post=389870"},{"taxonomy":"product_cat","embeddable":true,"href":"https:\/\/glotomania.com\/pt-pt\/wp-json\/wp\/v2\/product_cat?post=389870"},{"taxonomy":"product_tag","embeddable":true,"href":"https:\/\/glotomania.com\/pt-pt\/wp-json\/wp\/v2\/product_tag?post=389870"}],"curies":[{"name":"wp","href":"https:\/\/api.w.org\/{rel}","templated":true}]}}