{"id":389872,"date":"2025-09-02T10:51:30","date_gmt":"2025-09-02T10:51:30","guid":{"rendered":"https:\/\/glotomania.com\/p\/set-cortadores-tappits-fmm-alfabeto-y-numeros-funky-mayuscula-2\/"},"modified":"2026-04-30T00:22:28","modified_gmt":"2026-04-30T00:22:28","slug":"set-cortadores-tappits-fmm-alfabeto-y-numeros-funky-mayuscula-2","status":"publish","type":"product","link":"https:\/\/glotomania.com\/pt-pt\/p\/set-cortadores-tappits-fmm-alfabeto-y-numeros-funky-mayuscula-2\/","title":{"rendered":"Conjunto De Cortadores Fmm &#8220;tappits&#8221; &#8211; Alfabeto E N\u00dameros &#8220;funky&#8221; (mai\u00dasculas)"},"content":{"rendered":"<p>&nbsp;<\/p>\n<p><span style=\"font-size:14px\">Fabricado em pl&aacute;stico de qualidade alimentar.<\/span><\/p>\n<p><span style=\"font-size:14px\"><strong>Modo de utiliza&ccedil;&atilde;o:<\/strong><br \/>\nAmassar bem a pasta de a&ccedil;&uacute;car (ou qualquer outra massa), enrolando-a muito fina. De seguida, pressionar a letra desejada e separar o cortador.<\/span><\/p>\n<p><span style=\"font-size:14px\"><strong>Dimens&otilde;es aproximadas: <\/strong>3 &#8211; 3,5 cm (letras e n&uacute;meros).<\/span><\/p>\n<p><span style=\"font-size:14px\">Inclui os seguintes desenhos em <strong>letras mai&uacute;sculas<\/strong>: alfabeto completo de A a Z; n&uacute;meros de 0 a 9; sinal &quot;&amp;&quot;.<\/span><\/p>\n","protected":false},"excerpt":{"rendered":"<p>Inclui 6 r\u00e9guas com cortantes com letras mai\u00fasculas (A &#8211; Z), n\u00fameros (0 &#8211; 9) e sinal &#8220;&amp;&#8221; com tipo de letra &#8220;Funky&#8221;.<\/p>\n","protected":false},"featured_media":342521,"comment_status":"open","ping_status":"closed","template":"","meta":{"_acf_changed":false},"pwb-brand":[],"product_brand":[],"product_cat":[3199,3087,1788,1767],"product_tag":[],"class_list":{"0":"post-389872","1":"product","2":"type-product","3":"status-publish","4":"has-post-thumbnail","6":"product_cat-cortadores-de-metal","7":"product_cat-ordem-e-armazenamento","8":"product_cat-cortadores-de-cobre","9":"product_cat-utensilios","11":"first","12":"instock","13":"taxable","14":"shipping-taxable","15":"purchasable","16":"product-type-simple"},"acf":[],"df_price":5.36,"df_sale_price":5.36,"df_regular_price":7.67,"df_image_link":"https:\/\/glotomania.com\/wp-content\/uploads\/2025\/11\/img_23420_4e0789f825bd931573b4287b5f5b97ce_1-31-300x300.jpg","brands":[],"_links":{"self":[{"href":"https:\/\/glotomania.com\/pt-pt\/wp-json\/wp\/v2\/product\/389872","targetHints":{"allow":["GET"]}}],"collection":[{"href":"https:\/\/glotomania.com\/pt-pt\/wp-json\/wp\/v2\/product"}],"about":[{"href":"https:\/\/glotomania.com\/pt-pt\/wp-json\/wp\/v2\/types\/product"}],"replies":[{"embeddable":true,"href":"https:\/\/glotomania.com\/pt-pt\/wp-json\/wp\/v2\/comments?post=389872"}],"wp:featuredmedia":[{"embeddable":true,"href":"https:\/\/glotomania.com\/pt-pt\/wp-json\/wp\/v2\/media\/342521"}],"wp:attachment":[{"href":"https:\/\/glotomania.com\/pt-pt\/wp-json\/wp\/v2\/media?parent=389872"}],"wp:term":[{"taxonomy":"pwb-brand","embeddable":true,"href":"https:\/\/glotomania.com\/pt-pt\/wp-json\/wp\/v2\/pwb-brand?post=389872"},{"taxonomy":"product_brand","embeddable":true,"href":"https:\/\/glotomania.com\/pt-pt\/wp-json\/wp\/v2\/product_brand?post=389872"},{"taxonomy":"product_cat","embeddable":true,"href":"https:\/\/glotomania.com\/pt-pt\/wp-json\/wp\/v2\/product_cat?post=389872"},{"taxonomy":"product_tag","embeddable":true,"href":"https:\/\/glotomania.com\/pt-pt\/wp-json\/wp\/v2\/product_tag?post=389872"}],"curies":[{"name":"wp","href":"https:\/\/api.w.org\/{rel}","templated":true}]}}