{"id":389877,"date":"2025-09-02T10:51:38","date_gmt":"2025-09-02T10:51:38","guid":{"rendered":"https:\/\/glotomania.com\/p\/topper-para-tarta-dekora-corazon-dorado-2\/"},"modified":"2026-03-31T13:15:16","modified_gmt":"2026-03-31T13:15:16","slug":"topper-para-tarta-dekora-corazon-dorado-2","status":"publish","type":"product","link":"https:\/\/glotomania.com\/pt-pt\/p\/topper-para-tarta-dekora-corazon-dorado-2\/","title":{"rendered":"Topper Para Bolo Dekora &#8211; Cora\u00c7ao Dourado"},"content":{"rendered":"<p>&nbsp;<\/p>\n<p><span style=\"font-size: 14px\">Figura n&atilde;o comest&iacute;vel, deve ser removida antes de consumir o bolo.&nbsp;<br \/>\nProduto feito de pl&aacute;stico, PVC, com excelente acabamento.&nbsp;<\/span><\/p>\n<p><span style=\"font-size: 14px\"><strong>Regulamento (UE) 1935\/2004:<\/strong>&nbsp;materiais e objectos destinados a entrar em contacto directo com os alimentos.&nbsp;<\/span><\/p>\n<p><span style=\"font-size: 14px\"><strong>Medidas<\/strong>:<\/span><span style=\"font-family: Helvetica;font-size: 14px\">&nbsp;<\/span><span style=\"font-family: Helvetica;font-size: 14px\">5&nbsp;x 205&nbsp;x 130 mm.<\/span><\/p>\n<p><em><span style=\"font-size: 14px\"><u>Armazenamento<\/u>: &eacute; essencial mant&ecirc;-lo na sua embalagem original e caixa durante o armazenamento.<\/span><\/em><\/p>\n","protected":false},"excerpt":{"rendered":"<p>Elegante e bela decora\u00e7\u00e3o dourada n\u00e3o comest\u00edvel, perfeita para coroar os nossos bolos mais rom\u00e2nticos.<\/p>\n","protected":false},"featured_media":156505,"comment_status":"open","ping_status":"closed","template":"","meta":{"_acf_changed":false},"pwb-brand":[],"product_brand":[],"product_cat":[1852,2910,1792,3200,2907,3087,1888,1849,2924,3208,1793,1767],"product_tag":[],"class_list":{"0":"post-389877","1":"product","2":"type-product","3":"status-publish","4":"has-post-thumbnail","6":"product_cat-san-valentin","7":"product_cat-casamentos-2","8":"product_cat-decoracion-no-comestible","9":"product_cat-decoracoes-nao-comestiveis","10":"product_cat-festas","11":"product_cat-ordem-e-armazenamento","12":"product_cat-bodas","13":"product_cat-fiestas","14":"product_cat-sao-valentim-2","15":"product_cat-toppers-para-bolos","16":"product_cat-toppers","17":"product_cat-utensilios","19":"first","20":"instock","21":"taxable","22":"shipping-taxable","23":"purchasable","24":"product-type-simple"},"acf":[],"df_price":2.13,"df_sale_price":"","df_regular_price":2.13,"df_image_link":"https:\/\/glotomania.com\/wp-content\/uploads\/2025\/09\/img_23433_2b9747fc007007272521c523056e8a36_1-300x300.png","brands":[],"_links":{"self":[{"href":"https:\/\/glotomania.com\/pt-pt\/wp-json\/wp\/v2\/product\/389877","targetHints":{"allow":["GET"]}}],"collection":[{"href":"https:\/\/glotomania.com\/pt-pt\/wp-json\/wp\/v2\/product"}],"about":[{"href":"https:\/\/glotomania.com\/pt-pt\/wp-json\/wp\/v2\/types\/product"}],"replies":[{"embeddable":true,"href":"https:\/\/glotomania.com\/pt-pt\/wp-json\/wp\/v2\/comments?post=389877"}],"wp:featuredmedia":[{"embeddable":true,"href":"https:\/\/glotomania.com\/pt-pt\/wp-json\/wp\/v2\/media\/156505"}],"wp:attachment":[{"href":"https:\/\/glotomania.com\/pt-pt\/wp-json\/wp\/v2\/media?parent=389877"}],"wp:term":[{"taxonomy":"pwb-brand","embeddable":true,"href":"https:\/\/glotomania.com\/pt-pt\/wp-json\/wp\/v2\/pwb-brand?post=389877"},{"taxonomy":"product_brand","embeddable":true,"href":"https:\/\/glotomania.com\/pt-pt\/wp-json\/wp\/v2\/product_brand?post=389877"},{"taxonomy":"product_cat","embeddable":true,"href":"https:\/\/glotomania.com\/pt-pt\/wp-json\/wp\/v2\/product_cat?post=389877"},{"taxonomy":"product_tag","embeddable":true,"href":"https:\/\/glotomania.com\/pt-pt\/wp-json\/wp\/v2\/product_tag?post=389877"}],"curies":[{"name":"wp","href":"https:\/\/api.w.org\/{rel}","templated":true}]}}