{"id":389885,"date":"2025-09-02T10:51:44","date_gmt":"2025-09-02T10:51:44","guid":{"rendered":"https:\/\/glotomania.com\/p\/molde-para-fondant-pme-varitas-harry-potter-2\/"},"modified":"2026-03-10T22:10:29","modified_gmt":"2026-03-10T22:10:29","slug":"molde-para-fondant-pme-varitas-harry-potter-2","status":"publish","type":"product","link":"https:\/\/glotomania.com\/pt-pt\/p\/molde-para-fondant-pme-varitas-harry-potter-2\/","title":{"rendered":"Molde De Fondant Pme &#8211; Varinhas &#8220;harry Potter&#8221;"},"content":{"rendered":"<p>&nbsp;<\/p>\n<p><span style=\"font-size:14px\"><strong>Tamanho aproximado das varinhas: <\/strong>100 x 10 mm.<\/span><\/p>\n<p><span style=\"font-size:14px\">O conjunto inclui 6 moldes para fazer 3 designs de varinhas diferentes (Harry Potter, Dumbledore e Lord Voldemort).<\/span><\/p>\n","protected":false},"excerpt":{"rendered":"<p>Crie as fant\u00e1sticas e m\u00e1gicas varinhas de Harry Potter em 3D com este fant\u00e1stico conjunto de 6 moldes da PME.<\/p>\n","protected":false},"featured_media":348712,"comment_status":"open","ping_status":"closed","template":"","meta":{"_acf_changed":false},"pwb-brand":[],"product_brand":[],"product_cat":[2773,3214,3221,1918,1801,3087,1767],"product_tag":[],"class_list":{"0":"post-389885","1":"product","2":"type-product","3":"status-publish","4":"has-post-thumbnail","6":"product_cat-fondant-sin-gluten","7":"product_cat-moldes-de-pastelaria","8":"product_cat-moldes-de-plastico","9":"product_cat-moldes-plastico","10":"product_cat-moldes","11":"product_cat-ordem-e-armazenamento","12":"product_cat-utensilios","14":"first","15":"instock","16":"taxable","17":"shipping-taxable","18":"purchasable","19":"product-type-simple"},"acf":[],"df_price":22.99,"df_sale_price":"","df_regular_price":22.99,"df_image_link":"https:\/\/glotomania.com\/wp-content\/uploads\/2025\/11\/img_23466_3793ee264f5982e31b55f9f2df582644_1-28-300x300.jpg","brands":[],"_links":{"self":[{"href":"https:\/\/glotomania.com\/pt-pt\/wp-json\/wp\/v2\/product\/389885","targetHints":{"allow":["GET"]}}],"collection":[{"href":"https:\/\/glotomania.com\/pt-pt\/wp-json\/wp\/v2\/product"}],"about":[{"href":"https:\/\/glotomania.com\/pt-pt\/wp-json\/wp\/v2\/types\/product"}],"replies":[{"embeddable":true,"href":"https:\/\/glotomania.com\/pt-pt\/wp-json\/wp\/v2\/comments?post=389885"}],"wp:featuredmedia":[{"embeddable":true,"href":"https:\/\/glotomania.com\/pt-pt\/wp-json\/wp\/v2\/media\/348712"}],"wp:attachment":[{"href":"https:\/\/glotomania.com\/pt-pt\/wp-json\/wp\/v2\/media?parent=389885"}],"wp:term":[{"taxonomy":"pwb-brand","embeddable":true,"href":"https:\/\/glotomania.com\/pt-pt\/wp-json\/wp\/v2\/pwb-brand?post=389885"},{"taxonomy":"product_brand","embeddable":true,"href":"https:\/\/glotomania.com\/pt-pt\/wp-json\/wp\/v2\/product_brand?post=389885"},{"taxonomy":"product_cat","embeddable":true,"href":"https:\/\/glotomania.com\/pt-pt\/wp-json\/wp\/v2\/product_cat?post=389885"},{"taxonomy":"product_tag","embeddable":true,"href":"https:\/\/glotomania.com\/pt-pt\/wp-json\/wp\/v2\/product_tag?post=389885"}],"curies":[{"name":"wp","href":"https:\/\/api.w.org\/{rel}","templated":true}]}}