{"id":389889,"date":"2025-09-02T10:51:48","date_gmt":"2025-09-02T10:51:48","guid":{"rendered":"https:\/\/glotomania.com\/p\/cafetera-top-moka-super-top-roja-1-taza-2\/"},"modified":"2026-03-10T22:10:36","modified_gmt":"2026-03-10T22:10:36","slug":"cafetera-top-moka-super-top-roja-1-taza-2","status":"publish","type":"product","link":"https:\/\/glotomania.com\/pt-pt\/p\/cafetera-top-moka-super-top-roja-1-taza-2\/","title":{"rendered":"Cafeteira Top Moka &#8220;super Top&#8221; &#8211; Vermelho (1 Ta\u00c7a)"},"content":{"rendered":"<p>&nbsp;<\/p>\n<p><span style=\"font-size: 14px\">Fabricada em It&aacute;lia com mat&eacute;rias-primas de primeira qualidade.<\/span><\/p>\n<p><span style=\"font-size: 14px\">O seu fundo duplo especialmente tratado e o difusor de calor na caldeira permitem uma sa&iacute;da equilibrada,&nbsp;<strong>aproveitando ao m&aacute;ximo a mistura do caf&eacute;<\/strong>&nbsp;e real&ccedil;ando assim o seu sabor rico e intenso.&nbsp;<\/span><\/p>\n<p><span style=\"font-size: 14px\">Possui<strong>&nbsp;man&iacute;pulo e pega cromados<\/strong>&nbsp;e um&nbsp;<strong>fundo duplo &quot;diamante&quot;<\/strong>&nbsp;especialmente tratado, o que faz desta cafeteira um modelo de qualidade superior.<\/span><\/p>\n<p><strong><span style=\"font-size: 14px\">Capacidade de 1 ch&aacute;vena.<\/span><\/strong><\/p>\n","protected":false},"excerpt":{"rendered":"<p>Cafeteira concebida para a elabora\u00e7\u00e3o de um caf\u00e9 de qualidade superior gra\u00e7as ao seu fabrico artesanal, com um elegante design met\u00e1lico.<\/p>\n","protected":false},"featured_media":348716,"comment_status":"open","ping_status":"closed","template":"","meta":{"_acf_changed":false},"pwb-brand":[],"product_brand":[],"product_cat":[3066,3057,1939,1867,1869],"product_tag":[],"class_list":{"0":"post-389889","1":"product","2":"type-product","3":"status-publish","4":"has-post-thumbnail","6":"product_cat-maquinas-de-cafe-2","7":"product_cat-tapetes-de-microfibra","8":"product_cat-cafeteras","9":"product_cat-menaje","10":"product_cat-ultimas-unidades","12":"first","13":"instock","14":"taxable","15":"shipping-taxable","16":"purchasable","17":"product-type-simple"},"acf":[],"df_price":19.95,"df_sale_price":"","df_regular_price":19.95,"df_image_link":"https:\/\/glotomania.com\/wp-content\/uploads\/2025\/11\/img_23518_36539bf734f13159df55154a6dbf4a06_1-45-300x300.jpg","brands":[],"_links":{"self":[{"href":"https:\/\/glotomania.com\/pt-pt\/wp-json\/wp\/v2\/product\/389889","targetHints":{"allow":["GET"]}}],"collection":[{"href":"https:\/\/glotomania.com\/pt-pt\/wp-json\/wp\/v2\/product"}],"about":[{"href":"https:\/\/glotomania.com\/pt-pt\/wp-json\/wp\/v2\/types\/product"}],"replies":[{"embeddable":true,"href":"https:\/\/glotomania.com\/pt-pt\/wp-json\/wp\/v2\/comments?post=389889"}],"wp:featuredmedia":[{"embeddable":true,"href":"https:\/\/glotomania.com\/pt-pt\/wp-json\/wp\/v2\/media\/348716"}],"wp:attachment":[{"href":"https:\/\/glotomania.com\/pt-pt\/wp-json\/wp\/v2\/media?parent=389889"}],"wp:term":[{"taxonomy":"pwb-brand","embeddable":true,"href":"https:\/\/glotomania.com\/pt-pt\/wp-json\/wp\/v2\/pwb-brand?post=389889"},{"taxonomy":"product_brand","embeddable":true,"href":"https:\/\/glotomania.com\/pt-pt\/wp-json\/wp\/v2\/product_brand?post=389889"},{"taxonomy":"product_cat","embeddable":true,"href":"https:\/\/glotomania.com\/pt-pt\/wp-json\/wp\/v2\/product_cat?post=389889"},{"taxonomy":"product_tag","embeddable":true,"href":"https:\/\/glotomania.com\/pt-pt\/wp-json\/wp\/v2\/product_tag?post=389889"}],"curies":[{"name":"wp","href":"https:\/\/api.w.org\/{rel}","templated":true}]}}