{"id":389892,"date":"2025-09-02T10:51:49","date_gmt":"2025-09-02T10:51:49","guid":{"rendered":"https:\/\/glotomania.com\/p\/cafetera-papalina-top-moka-azul-2\/"},"modified":"2026-03-10T22:10:45","modified_gmt":"2026-03-10T22:10:45","slug":"cafetera-papalina-top-moka-azul-2","status":"publish","type":"product","link":"https:\/\/glotomania.com\/pt-pt\/p\/cafetera-papalina-top-moka-azul-2\/","title":{"rendered":"Cafeteira &#8220;papalina&#8221; Top Moka &#8211; Azul"},"content":{"rendered":"<p>&nbsp;<\/p>\n<p><span style=\"font-size: 14px\">Fabricada em It&aacute;lia com mat&eacute;rias-primas de primeira qualidade.<\/span><\/p>\n<p><span style=\"font-size: 14px\">Gra&ccedil;as a uma manga redutora no interior da caldeira, permite que a &aacute;gua trabalhe em banho-maria (at&eacute; temperaturas entre 70 e 80 C&deg;),&nbsp;<u>aproveitando ao m&aacute;ximo as propriedades do caf&eacute;<\/u>,&nbsp;<strong>obtendo assim um caf&eacute; cremoso como o que bebemos no bar.<\/strong><\/span><\/p>\n<p><span style=\"font-size: 14px\">Quando o caf&eacute; sobe e atinge o dep&oacute;sito superior, encontra uma v&aacute;lvula de seguran&ccedil;a especialmente concebida para n&atilde;o cortar a cremosidade do caf&eacute; e para o distribuir pelas 2 ch&aacute;venas.&nbsp;<\/span><\/p>\n<p><em><span style=\"font-size: 14px\">As ch&aacute;venas da fotografia n&atilde;o est&atilde;o inclu&iacute;das.<\/span><\/em><\/p>\n","protected":false},"excerpt":{"rendered":"<p>Cafeteira concebida para preparar um caf\u00e9 t\u00e3o cremoso como o do bar, mas em casa. Ideal para os amantes do caf\u00e9 expresso italiano.<\/p>\n","protected":false},"featured_media":348719,"comment_status":"open","ping_status":"closed","template":"","meta":{"_acf_changed":false},"pwb-brand":[],"product_brand":[],"product_cat":[3066,3057,1939,1867,1869],"product_tag":[],"class_list":{"0":"post-389892","1":"product","2":"type-product","3":"status-publish","4":"has-post-thumbnail","6":"product_cat-maquinas-de-cafe-2","7":"product_cat-tapetes-de-microfibra","8":"product_cat-cafeteras","9":"product_cat-menaje","10":"product_cat-ultimas-unidades","12":"first","13":"instock","14":"taxable","15":"shipping-taxable","16":"purchasable","17":"product-type-simple"},"acf":[],"df_price":46.75,"df_sale_price":"","df_regular_price":46.75,"df_image_link":"https:\/\/glotomania.com\/wp-content\/uploads\/2025\/11\/img_23528_d3a8365765d4e8ae54b020f7d46b8dac_1-30-300x300.jpg","brands":[],"_links":{"self":[{"href":"https:\/\/glotomania.com\/pt-pt\/wp-json\/wp\/v2\/product\/389892","targetHints":{"allow":["GET"]}}],"collection":[{"href":"https:\/\/glotomania.com\/pt-pt\/wp-json\/wp\/v2\/product"}],"about":[{"href":"https:\/\/glotomania.com\/pt-pt\/wp-json\/wp\/v2\/types\/product"}],"replies":[{"embeddable":true,"href":"https:\/\/glotomania.com\/pt-pt\/wp-json\/wp\/v2\/comments?post=389892"}],"wp:featuredmedia":[{"embeddable":true,"href":"https:\/\/glotomania.com\/pt-pt\/wp-json\/wp\/v2\/media\/348719"}],"wp:attachment":[{"href":"https:\/\/glotomania.com\/pt-pt\/wp-json\/wp\/v2\/media?parent=389892"}],"wp:term":[{"taxonomy":"pwb-brand","embeddable":true,"href":"https:\/\/glotomania.com\/pt-pt\/wp-json\/wp\/v2\/pwb-brand?post=389892"},{"taxonomy":"product_brand","embeddable":true,"href":"https:\/\/glotomania.com\/pt-pt\/wp-json\/wp\/v2\/product_brand?post=389892"},{"taxonomy":"product_cat","embeddable":true,"href":"https:\/\/glotomania.com\/pt-pt\/wp-json\/wp\/v2\/product_cat?post=389892"},{"taxonomy":"product_tag","embeddable":true,"href":"https:\/\/glotomania.com\/pt-pt\/wp-json\/wp\/v2\/product_tag?post=389892"}],"curies":[{"name":"wp","href":"https:\/\/api.w.org\/{rel}","templated":true}]}}