{"id":389894,"date":"2025-09-02T10:51:50","date_gmt":"2025-09-02T10:51:50","guid":{"rendered":"https:\/\/glotomania.com\/p\/set-cafetera-papalina-top-moka-azul-2\/"},"modified":"2026-03-10T22:10:49","modified_gmt":"2026-03-10T22:10:49","slug":"set-cafetera-papalina-top-moka-azul-2","status":"publish","type":"product","link":"https:\/\/glotomania.com\/pt-pt\/p\/set-cafetera-papalina-top-moka-azul-2\/","title":{"rendered":"Set Cafeteira &#8220;papalina&#8221; Top Moka &#8211; Azul"},"content":{"rendered":"<p>&nbsp;<\/p>\n<p><span style=\"font-size: 14px\">Fabricada em It&aacute;lia com mat&eacute;rias-primas de primeira qualidade.<\/span><\/p>\n<p><span style=\"font-size: 14px\">Gra&ccedil;as a uma manga redutora no interior da caldeira, permite que a &aacute;gua trabalhe em banho-maria (at&eacute; temperaturas entre 70 e 80 C&deg;),&nbsp;<u>aproveitando ao m&aacute;ximo as propriedades do caf&eacute;<\/u>,&nbsp;<strong>obtendo assim um caf&eacute; cremoso como o que bebemos no bar.<\/strong><\/span><\/p>\n<p><span style=\"font-size: 14px\">Quando o caf&eacute; sobe e atinge o dep&oacute;sito superior, encontra uma v&aacute;lvula de seguran&ccedil;a especialmente concebida para n&atilde;o cortar a cremosidade do caf&eacute; e para o distribuir pelas 2 ch&aacute;venas.&nbsp;<\/span><\/p>\n","protected":false},"excerpt":{"rendered":"<p>O conjunto inclui a m\u00e1quina de caf\u00e9 Papalina, juntamente com 2 ch\u00e1venas e 2 pratos de caf\u00e9. Ideal para os amantes do caf\u00e9 expresso italiano.<\/p>\n","protected":false},"featured_media":346056,"comment_status":"open","ping_status":"closed","template":"","meta":{"_acf_changed":false},"pwb-brand":[],"product_brand":[],"product_cat":[3084,3066,3057,1939,1867,1940,1869],"product_tag":[],"class_list":{"0":"post-389894","1":"product","2":"type-product","3":"status-publish","4":"has-post-thumbnail","6":"product_cat-chavenas-2","7":"product_cat-maquinas-de-cafe-2","8":"product_cat-tapetes-de-microfibra","9":"product_cat-cafeteras","10":"product_cat-menaje","11":"product_cat-tazas","12":"product_cat-ultimas-unidades","14":"first","15":"instock","16":"taxable","17":"shipping-taxable","18":"purchasable","19":"product-type-simple"},"acf":[],"df_price":46.75,"df_sale_price":"","df_regular_price":46.75,"df_image_link":"https:\/\/glotomania.com\/wp-content\/uploads\/2025\/11\/img_23539_4e76c439e3ed43aac966cee69259941e_1-36-300x300.jpg","brands":[],"_links":{"self":[{"href":"https:\/\/glotomania.com\/pt-pt\/wp-json\/wp\/v2\/product\/389894","targetHints":{"allow":["GET"]}}],"collection":[{"href":"https:\/\/glotomania.com\/pt-pt\/wp-json\/wp\/v2\/product"}],"about":[{"href":"https:\/\/glotomania.com\/pt-pt\/wp-json\/wp\/v2\/types\/product"}],"replies":[{"embeddable":true,"href":"https:\/\/glotomania.com\/pt-pt\/wp-json\/wp\/v2\/comments?post=389894"}],"wp:featuredmedia":[{"embeddable":true,"href":"https:\/\/glotomania.com\/pt-pt\/wp-json\/wp\/v2\/media\/346056"}],"wp:attachment":[{"href":"https:\/\/glotomania.com\/pt-pt\/wp-json\/wp\/v2\/media?parent=389894"}],"wp:term":[{"taxonomy":"pwb-brand","embeddable":true,"href":"https:\/\/glotomania.com\/pt-pt\/wp-json\/wp\/v2\/pwb-brand?post=389894"},{"taxonomy":"product_brand","embeddable":true,"href":"https:\/\/glotomania.com\/pt-pt\/wp-json\/wp\/v2\/product_brand?post=389894"},{"taxonomy":"product_cat","embeddable":true,"href":"https:\/\/glotomania.com\/pt-pt\/wp-json\/wp\/v2\/product_cat?post=389894"},{"taxonomy":"product_tag","embeddable":true,"href":"https:\/\/glotomania.com\/pt-pt\/wp-json\/wp\/v2\/product_tag?post=389894"}],"curies":[{"name":"wp","href":"https:\/\/api.w.org\/{rel}","templated":true}]}}