{"id":389896,"date":"2025-09-02T10:51:51","date_gmt":"2025-09-02T10:51:51","guid":{"rendered":"https:\/\/glotomania.com\/p\/set-6-tazas-vaso-arrugado-top-moka-azul-oscuro-2\/"},"modified":"2026-03-10T22:10:54","modified_gmt":"2026-03-10T22:10:54","slug":"set-6-tazas-vaso-arrugado-top-moka-azul-oscuro-2","status":"publish","type":"product","link":"https:\/\/glotomania.com\/pt-pt\/p\/set-6-tazas-vaso-arrugado-top-moka-azul-oscuro-2\/","title":{"rendered":"Conjunto Canecas &#8220;copo Amassado&#8221; Top Moka &#8211; Azul Escuro"},"content":{"rendered":"<p>&nbsp;<\/p>\n<p><span style=\"font-size: 14px\">Fabricadas com mat&eacute;rias-primas de primeira qualidade em It&aacute;lia, em<strong>&nbsp;cer&acirc;mica com o interior vidrado.&nbsp;<\/strong><\/span><\/p>\n<p><strong><span style=\"font-size: 14px\">Capacidade de 50 ml.<\/span><\/strong><\/p>\n","protected":false},"excerpt":{"rendered":"<p>Inclui 6 ch\u00e1venas de cer\u00e2mica com um design original de ch\u00e1vena de pl\u00e1stico amassado, com uma pega ergon\u00f3mica.<\/p>\n","protected":false},"featured_media":346058,"comment_status":"open","ping_status":"closed","template":"","meta":{"_acf_changed":false},"pwb-brand":[],"product_brand":[],"product_cat":[3084,1867,3057,1940,1869],"product_tag":[],"class_list":{"0":"post-389896","1":"product","2":"type-product","3":"status-publish","4":"has-post-thumbnail","6":"product_cat-chavenas-2","7":"product_cat-menaje","8":"product_cat-tapetes-de-microfibra","9":"product_cat-tazas","10":"product_cat-ultimas-unidades","12":"first","13":"instock","14":"taxable","15":"shipping-taxable","16":"purchasable","17":"product-type-simple"},"acf":[],"df_price":10.95,"df_sale_price":"","df_regular_price":10.95,"df_image_link":"https:\/\/glotomania.com\/wp-content\/uploads\/2025\/11\/img_23560_5ec3b3ecb9edbe5c617cb66b0270ad1a_1-41-300x300.jpg","brands":[],"_links":{"self":[{"href":"https:\/\/glotomania.com\/pt-pt\/wp-json\/wp\/v2\/product\/389896","targetHints":{"allow":["GET"]}}],"collection":[{"href":"https:\/\/glotomania.com\/pt-pt\/wp-json\/wp\/v2\/product"}],"about":[{"href":"https:\/\/glotomania.com\/pt-pt\/wp-json\/wp\/v2\/types\/product"}],"replies":[{"embeddable":true,"href":"https:\/\/glotomania.com\/pt-pt\/wp-json\/wp\/v2\/comments?post=389896"}],"wp:featuredmedia":[{"embeddable":true,"href":"https:\/\/glotomania.com\/pt-pt\/wp-json\/wp\/v2\/media\/346058"}],"wp:attachment":[{"href":"https:\/\/glotomania.com\/pt-pt\/wp-json\/wp\/v2\/media?parent=389896"}],"wp:term":[{"taxonomy":"pwb-brand","embeddable":true,"href":"https:\/\/glotomania.com\/pt-pt\/wp-json\/wp\/v2\/pwb-brand?post=389896"},{"taxonomy":"product_brand","embeddable":true,"href":"https:\/\/glotomania.com\/pt-pt\/wp-json\/wp\/v2\/product_brand?post=389896"},{"taxonomy":"product_cat","embeddable":true,"href":"https:\/\/glotomania.com\/pt-pt\/wp-json\/wp\/v2\/product_cat?post=389896"},{"taxonomy":"product_tag","embeddable":true,"href":"https:\/\/glotomania.com\/pt-pt\/wp-json\/wp\/v2\/product_tag?post=389896"}],"curies":[{"name":"wp","href":"https:\/\/api.w.org\/{rel}","templated":true}]}}