{"id":389928,"date":"2025-09-02T10:52:14","date_gmt":"2025-09-02T10:52:14","guid":{"rendered":"https:\/\/glotomania.com\/p\/regla-alisadora-para-glaseados-pme-40-cm-2\/"},"modified":"2026-03-10T22:12:07","modified_gmt":"2026-03-10T22:12:07","slug":"regla-alisadora-para-glaseados-pme-40-cm-2","status":"publish","type":"product","link":"https:\/\/glotomania.com\/pt-pt\/p\/regla-alisadora-para-glaseados-pme-40-cm-2\/","title":{"rendered":"R\u00c9gua De Alisamento De Glac\u00c9 Pme &#8211; 40 Cm"},"content":{"rendered":"<div>&nbsp;<\/div>\n<div><span style=\"font-size:14px\">R&eacute;gua de alisamento da PME, ideal para <strong>alisar as coberturas e cremes dos nossos bolos.<\/strong><\/span><\/div>\n<div><span style=\"font-size:14px\">Fabricada em a&ccedil;o inoxid&aacute;vel de qualidade alimentar.<\/span><\/div>\n<div>&nbsp;<\/div>\n<div><span style=\"font-size:14px\"><strong>Modo de utiliza&ccedil;&atilde;o:<\/strong><br \/>\nEspalhar a cobertura sobre o bolo com uma esp&aacute;tula e, em seguida, passar a r&eacute;gua de alisamento de uma ponta &agrave; outra do bolo para alisar a superf&iacute;cie.<\/span><\/div>\n<div>\n<span style=\"font-size:14px\"><strong>Medidas aproximadas: <\/strong>40,6 x 3,2 cm.<\/span><\/div>\n<div>&nbsp;<\/div>\n<div><span style=\"font-size:14px\">Sem marcas de medi&ccedil;&atilde;o na r&eacute;gua.<\/span><\/div>\n","protected":false},"excerpt":{"rendered":"<p>R\u00e9gua em a\u00e7o inoxid\u00e1vel PME ideal para conseguir um acabamento perfeito no topo dos nossos bolos de glac\u00ea e creme.<\/p>\n","protected":false},"featured_media":39122,"comment_status":"open","ping_status":"closed","template":"","meta":{"_acf_changed":false,"_joinchat":[]},"pwb-brand":[],"product_brand":[],"product_cat":[3106,3120,3087,1820,1943,1767],"product_tag":[],"class_list":{"0":"post-389928","1":"product","2":"type-product","3":"status-publish","4":"has-post-thumbnail","6":"product_cat-basicos-de-pastelaria","7":"product_cat-espatulas-e-alisadores-2","8":"product_cat-ordem-e-armazenamento","9":"product_cat-basicos","10":"product_cat-espatulas-y-alisadores","11":"product_cat-utensilios","13":"first","14":"instock","15":"taxable","16":"shipping-taxable","17":"purchasable","18":"product-type-simple"},"acf":[],"df_price":5.8,"df_sale_price":"","df_regular_price":5.8,"df_image_link":"https:\/\/glotomania.com\/wp-content\/uploads\/2024\/04\/img_23696_04986951e29e96eb178f12a942357469_1-300x300.png","brands":[],"_links":{"self":[{"href":"https:\/\/glotomania.com\/pt-pt\/wp-json\/wp\/v2\/product\/389928","targetHints":{"allow":["GET"]}}],"collection":[{"href":"https:\/\/glotomania.com\/pt-pt\/wp-json\/wp\/v2\/product"}],"about":[{"href":"https:\/\/glotomania.com\/pt-pt\/wp-json\/wp\/v2\/types\/product"}],"replies":[{"embeddable":true,"href":"https:\/\/glotomania.com\/pt-pt\/wp-json\/wp\/v2\/comments?post=389928"}],"wp:featuredmedia":[{"embeddable":true,"href":"https:\/\/glotomania.com\/pt-pt\/wp-json\/wp\/v2\/media\/39122"}],"wp:attachment":[{"href":"https:\/\/glotomania.com\/pt-pt\/wp-json\/wp\/v2\/media?parent=389928"}],"wp:term":[{"taxonomy":"pwb-brand","embeddable":true,"href":"https:\/\/glotomania.com\/pt-pt\/wp-json\/wp\/v2\/pwb-brand?post=389928"},{"taxonomy":"product_brand","embeddable":true,"href":"https:\/\/glotomania.com\/pt-pt\/wp-json\/wp\/v2\/product_brand?post=389928"},{"taxonomy":"product_cat","embeddable":true,"href":"https:\/\/glotomania.com\/pt-pt\/wp-json\/wp\/v2\/product_cat?post=389928"},{"taxonomy":"product_tag","embeddable":true,"href":"https:\/\/glotomania.com\/pt-pt\/wp-json\/wp\/v2\/product_tag?post=389928"}],"curies":[{"name":"wp","href":"https:\/\/api.w.org\/{rel}","templated":true}]}}