{"id":389930,"date":"2025-09-02T10:52:15","date_gmt":"2025-09-02T10:52:15","guid":{"rendered":"https:\/\/glotomania.com\/p\/espatula-alisadora-de-acero-lado-plano-pme-alta-2\/"},"modified":"2026-03-10T22:12:10","modified_gmt":"2026-03-10T22:12:10","slug":"espatula-alisadora-de-acero-lado-plano-pme-alta-2","status":"publish","type":"product","link":"https:\/\/glotomania.com\/pt-pt\/p\/espatula-alisadora-de-acero-lado-plano-pme-alta-2\/","title":{"rendered":"Esp\u00c1tula De Alisamento Em A\u00c7o (lado Plano) Pme &#8211; Alta"},"content":{"rendered":"<p>\n<span style=\"font-size: 14px\">Esp&aacute;tula PME plana, ideal para alisar as coberturas e os cremes dos nossos bolos. Tamb&eacute;m &eacute; &uacute;til para retirar o &uacute;ltimo peda&ccedil;o de massa do recipiente de mistura.<\/span><\/p>\n<p><span style=\"font-size: 14px\">Fabricada em a&ccedil;o inoxid&aacute;vel de qualidade alimentar. F&aacute;cil de limpar com &aacute;gua morna e sab&atilde;o.<\/span><\/p>\n<p><span style=\"font-size: 14px\"><strong>Dimens&otilde;es aproximadas:&nbsp;<\/strong><\/span><span style=\"font-size: 14px\">25 x 8,8 cm.<\/span><\/p>\n","protected":false},"excerpt":{"rendered":"<p>Esp\u00e1tula de a\u00e7o inoxid\u00e1vel com bordos pontiagudos e arredondados em PME, ideal para criar acabamentos simples nas nossas coberturas e cremes.<\/p>\n","protected":false},"featured_media":39124,"comment_status":"open","ping_status":"closed","template":"","meta":{"_acf_changed":false,"_joinchat":[]},"pwb-brand":[],"product_brand":[],"product_cat":[3106,3120,3087,1820,1943,1767],"product_tag":[],"class_list":{"0":"post-389930","1":"product","2":"type-product","3":"status-publish","4":"has-post-thumbnail","6":"product_cat-basicos-de-pastelaria","7":"product_cat-espatulas-e-alisadores-2","8":"product_cat-ordem-e-armazenamento","9":"product_cat-basicos","10":"product_cat-espatulas-y-alisadores","11":"product_cat-utensilios","13":"first","14":"outofstock","15":"taxable","16":"shipping-taxable","17":"purchasable","18":"product-type-simple"},"acf":[],"df_price":6.5,"df_sale_price":"","df_regular_price":6.5,"df_image_link":"https:\/\/glotomania.com\/wp-content\/uploads\/2024\/04\/img_23703_c2f1d3467af2aaa7c493206e86f32523_1-300x300.png","brands":[],"_links":{"self":[{"href":"https:\/\/glotomania.com\/pt-pt\/wp-json\/wp\/v2\/product\/389930","targetHints":{"allow":["GET"]}}],"collection":[{"href":"https:\/\/glotomania.com\/pt-pt\/wp-json\/wp\/v2\/product"}],"about":[{"href":"https:\/\/glotomania.com\/pt-pt\/wp-json\/wp\/v2\/types\/product"}],"replies":[{"embeddable":true,"href":"https:\/\/glotomania.com\/pt-pt\/wp-json\/wp\/v2\/comments?post=389930"}],"wp:featuredmedia":[{"embeddable":true,"href":"https:\/\/glotomania.com\/pt-pt\/wp-json\/wp\/v2\/media\/39124"}],"wp:attachment":[{"href":"https:\/\/glotomania.com\/pt-pt\/wp-json\/wp\/v2\/media?parent=389930"}],"wp:term":[{"taxonomy":"pwb-brand","embeddable":true,"href":"https:\/\/glotomania.com\/pt-pt\/wp-json\/wp\/v2\/pwb-brand?post=389930"},{"taxonomy":"product_brand","embeddable":true,"href":"https:\/\/glotomania.com\/pt-pt\/wp-json\/wp\/v2\/product_brand?post=389930"},{"taxonomy":"product_cat","embeddable":true,"href":"https:\/\/glotomania.com\/pt-pt\/wp-json\/wp\/v2\/product_cat?post=389930"},{"taxonomy":"product_tag","embeddable":true,"href":"https:\/\/glotomania.com\/pt-pt\/wp-json\/wp\/v2\/product_tag?post=389930"}],"curies":[{"name":"wp","href":"https:\/\/api.w.org\/{rel}","templated":true}]}}