{"id":389932,"date":"2025-09-02T10:52:16","date_gmt":"2025-09-02T10:52:16","guid":{"rendered":"https:\/\/glotomania.com\/p\/perlas-de-azucar-blandas-pequenas-funcakes-bronce-oro-70-g-2\/"},"modified":"2026-04-27T18:03:03","modified_gmt":"2026-04-27T18:03:03","slug":"perlas-de-azucar-blandas-pequenas-funcakes-bronce-oro-70-g-2","status":"publish","type":"product","link":"https:\/\/glotomania.com\/pt-pt\/p\/perlas-de-azucar-blandas-pequenas-funcakes-bronce-oro-70-g-2\/","title":{"rendered":"P\u00c9rolas De A\u00c7\u00dacar Moles Pequenas Funcakes &#8211; Bronze \/ Ouro (60 G)"},"content":{"rendered":"<p>\n<span style=\"font-size: 14px\">Agora pode fazer belas decora&ccedil;&otilde;es nos seus bolos ou bolinhos com estas p&eacute;rolas comest&iacute;veis&nbsp;macias&nbsp;da Funcakes.&nbsp;<\/span><\/p>\n<p><span style=\"font-size: 14px\">As p&eacute;rolas s&atilde;o macias e adequadas para crian&ccedil;as.<\/span><\/p>\n","protected":false},"excerpt":{"rendered":"<p>As p\u00e9rolas de a\u00e7\u00facar comest\u00edveis Funcakes s\u00e3o suaves e macias.<\/p>\n","protected":false},"featured_media":38866,"comment_status":"open","ping_status":"closed","template":"","meta":{"_acf_changed":false},"pwb-brand":[],"product_brand":[],"product_cat":[2910,1839,1840,2979,2982,1832,2907,1845,2920,2996,1888,1849,1866,3001],"product_tag":[],"class_list":{"0":"post-389932","1":"product","2":"type-product","3":"status-publish","4":"has-post-thumbnail","6":"product_cat-casamentos-2","7":"product_cat-decoracion-comestible","8":"product_cat-decoraciones-azucar-comestibles","9":"product_cat-decoracoes-comestiveis-2","10":"product_cat-decoracoes-de-acucar","11":"product_cat-diestas-especiales","12":"product_cat-festas","13":"product_cat-dieta-sin-e-171","14":"product_cat-natal-2","15":"product_cat-produtos-vegetarianos","16":"product_cat-bodas","17":"product_cat-fiestas","18":"product_cat-navidad","19":"product_cat-sem-e-171-2","21":"first","22":"instock","23":"taxable","24":"shipping-taxable","25":"purchasable","26":"product-type-simple"},"acf":[],"df_price":3.5,"df_sale_price":"","df_regular_price":3.5,"df_image_link":"https:\/\/glotomania.com\/wp-content\/uploads\/2024\/04\/img_23707_8f34ec2c4ac7c0fb8220d923012a1665_1-300x300.png","brands":[],"_links":{"self":[{"href":"https:\/\/glotomania.com\/pt-pt\/wp-json\/wp\/v2\/product\/389932","targetHints":{"allow":["GET"]}}],"collection":[{"href":"https:\/\/glotomania.com\/pt-pt\/wp-json\/wp\/v2\/product"}],"about":[{"href":"https:\/\/glotomania.com\/pt-pt\/wp-json\/wp\/v2\/types\/product"}],"replies":[{"embeddable":true,"href":"https:\/\/glotomania.com\/pt-pt\/wp-json\/wp\/v2\/comments?post=389932"}],"wp:featuredmedia":[{"embeddable":true,"href":"https:\/\/glotomania.com\/pt-pt\/wp-json\/wp\/v2\/media\/38866"}],"wp:attachment":[{"href":"https:\/\/glotomania.com\/pt-pt\/wp-json\/wp\/v2\/media?parent=389932"}],"wp:term":[{"taxonomy":"pwb-brand","embeddable":true,"href":"https:\/\/glotomania.com\/pt-pt\/wp-json\/wp\/v2\/pwb-brand?post=389932"},{"taxonomy":"product_brand","embeddable":true,"href":"https:\/\/glotomania.com\/pt-pt\/wp-json\/wp\/v2\/product_brand?post=389932"},{"taxonomy":"product_cat","embeddable":true,"href":"https:\/\/glotomania.com\/pt-pt\/wp-json\/wp\/v2\/product_cat?post=389932"},{"taxonomy":"product_tag","embeddable":true,"href":"https:\/\/glotomania.com\/pt-pt\/wp-json\/wp\/v2\/product_tag?post=389932"}],"curies":[{"name":"wp","href":"https:\/\/api.w.org\/{rel}","templated":true}]}}