{"id":389934,"date":"2025-09-02T10:52:18","date_gmt":"2025-09-02T10:52:18","guid":{"rendered":"https:\/\/glotomania.com\/p\/fideos-de-azucar-funcakes-negros-80-g-2\/"},"modified":"2026-03-10T22:12:17","modified_gmt":"2026-03-10T22:12:17","slug":"fideos-de-azucar-funcakes-negros-80-g-2","status":"publish","type":"product","link":"https:\/\/glotomania.com\/pt-pt\/p\/fideos-de-azucar-funcakes-negros-80-g-2\/","title":{"rendered":"Granulado De A\u00c7ucar Funcakes &#8211; Preto"},"content":{"rendered":"","protected":false},"excerpt":{"rendered":"<p>Granulado comest\u00edvel Funcakes, ideal para decorar as nossas cria\u00e7\u00f5es com facilidade.<\/p>\n","protected":false},"featured_media":39105,"comment_status":"open","ping_status":"closed","template":"","meta":{"_acf_changed":false},"pwb-brand":[],"product_brand":[],"product_cat":[1839,1840,2979,2982,1832,2907,2917,1845,2996,1849,1863,3001],"product_tag":[],"class_list":{"0":"post-389934","1":"product","2":"type-product","3":"status-publish","4":"has-post-thumbnail","6":"product_cat-decoracion-comestible","7":"product_cat-decoraciones-azucar-comestibles","8":"product_cat-decoracoes-comestiveis-2","9":"product_cat-decoracoes-de-acucar","10":"product_cat-diestas-especiales","11":"product_cat-festas","12":"product_cat-halloween","13":"product_cat-dieta-sin-e-171","14":"product_cat-produtos-vegetarianos","15":"product_cat-fiestas","17":"product_cat-sem-e-171-2","19":"first","20":"instock","21":"taxable","22":"shipping-taxable","23":"purchasable","24":"product-type-simple"},"acf":[],"df_price":2.95,"df_sale_price":"","df_regular_price":2.95,"df_image_link":"https:\/\/glotomania.com\/wp-content\/uploads\/2024\/04\/img_23713_9b74ea18699da10e539b53df8b4e9eae_1-300x300.png","brands":[],"_links":{"self":[{"href":"https:\/\/glotomania.com\/pt-pt\/wp-json\/wp\/v2\/product\/389934","targetHints":{"allow":["GET"]}}],"collection":[{"href":"https:\/\/glotomania.com\/pt-pt\/wp-json\/wp\/v2\/product"}],"about":[{"href":"https:\/\/glotomania.com\/pt-pt\/wp-json\/wp\/v2\/types\/product"}],"replies":[{"embeddable":true,"href":"https:\/\/glotomania.com\/pt-pt\/wp-json\/wp\/v2\/comments?post=389934"}],"wp:featuredmedia":[{"embeddable":true,"href":"https:\/\/glotomania.com\/pt-pt\/wp-json\/wp\/v2\/media\/39105"}],"wp:attachment":[{"href":"https:\/\/glotomania.com\/pt-pt\/wp-json\/wp\/v2\/media?parent=389934"}],"wp:term":[{"taxonomy":"pwb-brand","embeddable":true,"href":"https:\/\/glotomania.com\/pt-pt\/wp-json\/wp\/v2\/pwb-brand?post=389934"},{"taxonomy":"product_brand","embeddable":true,"href":"https:\/\/glotomania.com\/pt-pt\/wp-json\/wp\/v2\/product_brand?post=389934"},{"taxonomy":"product_cat","embeddable":true,"href":"https:\/\/glotomania.com\/pt-pt\/wp-json\/wp\/v2\/product_cat?post=389934"},{"taxonomy":"product_tag","embeddable":true,"href":"https:\/\/glotomania.com\/pt-pt\/wp-json\/wp\/v2\/product_tag?post=389934"}],"curies":[{"name":"wp","href":"https:\/\/api.w.org\/{rel}","templated":true}]}}