{"id":389935,"date":"2025-09-02T10:52:18","date_gmt":"2025-09-02T10:52:18","guid":{"rendered":"https:\/\/glotomania.com\/p\/set-cortadores-de-acero-patisse-cuadrados-2\/"},"modified":"2026-03-10T22:12:19","modified_gmt":"2026-03-10T22:12:19","slug":"set-cortadores-de-acero-patisse-cuadrados-2","status":"publish","type":"product","link":"https:\/\/glotomania.com\/pt-pt\/p\/set-cortadores-de-acero-patisse-cuadrados-2\/","title":{"rendered":"Conjunto De Cortadores Em A\u00c7o Inoxid\u00c1vel Patisse &#8211; Quadrados"},"content":{"rendered":"<p>&nbsp;<\/p>\n<p><span style=\"font-size:14px\">Conjunto de cortadores em a&ccedil;o inoxid&aacute;vel, adequado para uso alimentar.<\/span><\/p>\n<p><span style=\"font-size:14px\"><strong>Dimens&otilde;es aproximadas:<\/strong> <u>Pequeno <\/u>3,5 x 3,5 x 3,5 x 3,5 x 2 cm &#8211; <u>M&eacute;dio <\/u>4,5 x 4,5 x 4,5 x 4,5 x 2 cm &#8211; <u>Grande <\/u>5,5 x 5,5 x 5,5 x 2 cm.<\/span><\/p>\n","protected":false},"excerpt":{"rendered":"<p>Inclui 3 cortadores de a\u00e7o inoxid\u00e1vel Patisse, com diferentes tamanhos de quadrados com bordos encaracolados, perfeitos para biscoitos, decora\u00e7\u00f5es,&#8230; e muito mais!<\/p>\n","protected":false},"featured_media":46553,"comment_status":"open","ping_status":"closed","template":"","meta":{"_acf_changed":false},"pwb-brand":[],"product_brand":[],"product_cat":[3199,3087,1788,1767],"product_tag":[],"class_list":{"0":"post-389935","1":"product","2":"type-product","3":"status-publish","4":"has-post-thumbnail","6":"product_cat-cortadores-de-metal","7":"product_cat-ordem-e-armazenamento","8":"product_cat-cortadores-de-cobre","9":"product_cat-utensilios","11":"first","12":"instock","13":"taxable","14":"shipping-taxable","15":"purchasable","16":"product-type-simple"},"acf":[],"df_price":3.4,"df_sale_price":"","df_regular_price":3.4,"df_image_link":"https:\/\/glotomania.com\/wp-content\/uploads\/2024\/10\/img_23714_e6088ae104a12290a932f26d4fd404d1_1-300x300.png","brands":[],"_links":{"self":[{"href":"https:\/\/glotomania.com\/pt-pt\/wp-json\/wp\/v2\/product\/389935","targetHints":{"allow":["GET"]}}],"collection":[{"href":"https:\/\/glotomania.com\/pt-pt\/wp-json\/wp\/v2\/product"}],"about":[{"href":"https:\/\/glotomania.com\/pt-pt\/wp-json\/wp\/v2\/types\/product"}],"replies":[{"embeddable":true,"href":"https:\/\/glotomania.com\/pt-pt\/wp-json\/wp\/v2\/comments?post=389935"}],"wp:featuredmedia":[{"embeddable":true,"href":"https:\/\/glotomania.com\/pt-pt\/wp-json\/wp\/v2\/media\/46553"}],"wp:attachment":[{"href":"https:\/\/glotomania.com\/pt-pt\/wp-json\/wp\/v2\/media?parent=389935"}],"wp:term":[{"taxonomy":"pwb-brand","embeddable":true,"href":"https:\/\/glotomania.com\/pt-pt\/wp-json\/wp\/v2\/pwb-brand?post=389935"},{"taxonomy":"product_brand","embeddable":true,"href":"https:\/\/glotomania.com\/pt-pt\/wp-json\/wp\/v2\/product_brand?post=389935"},{"taxonomy":"product_cat","embeddable":true,"href":"https:\/\/glotomania.com\/pt-pt\/wp-json\/wp\/v2\/product_cat?post=389935"},{"taxonomy":"product_tag","embeddable":true,"href":"https:\/\/glotomania.com\/pt-pt\/wp-json\/wp\/v2\/product_tag?post=389935"}],"curies":[{"name":"wp","href":"https:\/\/api.w.org\/{rel}","templated":true}]}}