{"id":389937,"date":"2025-09-02T10:52:19","date_gmt":"2025-09-02T10:52:19","guid":{"rendered":"https:\/\/glotomania.com\/p\/set-cortadores-geometricos-fmm-2\/"},"modified":"2026-04-30T00:22:33","modified_gmt":"2026-04-30T00:22:33","slug":"set-cortadores-geometricos-fmm-2","status":"publish","type":"product","link":"https:\/\/glotomania.com\/pt-pt\/p\/set-cortadores-geometricos-fmm-2\/","title":{"rendered":"Conjunto De Cortadores Geom\u00c9tricos &#8211; Fmm"},"content":{"rendered":"<p>&nbsp;<\/p>\n<p><span style=\"font-size:14px\">Fabricado em pl&aacute;stico de qualidade alimentar.<\/span><\/p>\n<p><span style=\"font-size:14px\"><strong>Dimens&otilde;es aproximadas<\/strong><\/span><\/p>\n<ul>\n<li><span style=\"font-size:14px\"><strong>C&iacute;rculos <\/strong><\/span>&Oslash; 22 &#8211; 32 &#8211; 41 &#8211; 56 mm.<\/li>\n<li><span style=\"font-size:14px\"><strong>Ovais <\/strong>41 x 23 mm &#8211; 60 x 35 mm &#8211; 73 x 40 mm.<\/span><\/li>\n<li><span style=\"font-size:14px\"><strong>Quadrados <\/strong>23 x 23 mm &#8211; 27 x 27 mm &#8211; 55 x 55 mm.<\/span><\/li>\n<\/ul>\n<p><span style=\"font-size:14px\">O conjunto inclui 10 cortadores: 4 c&iacute;rculos, 3 ovais e 3 quadrados.<\/span><\/p>\n","protected":false},"excerpt":{"rendered":"<p>Inclui 10 cortadores de pl\u00e1stico FMM em formas geom\u00e9tricas para fazer decora\u00e7\u00f5es perfeitas com facilidade<\/p>\n","protected":false},"featured_media":39186,"comment_status":"open","ping_status":"closed","template":"","meta":{"_acf_changed":false},"pwb-brand":[],"product_brand":[],"product_cat":[1788,3199,3087,1767],"product_tag":[],"class_list":{"0":"post-389937","1":"product","2":"type-product","3":"status-publish","4":"has-post-thumbnail","6":"product_cat-cortadores-de-cobre","7":"product_cat-cortadores-de-metal","8":"product_cat-ordem-e-armazenamento","9":"product_cat-utensilios","11":"first","12":"instock","13":"taxable","14":"shipping-taxable","15":"purchasable","16":"product-type-simple"},"acf":[],"df_price":3.4,"df_sale_price":3.4,"df_regular_price":4.86,"df_image_link":"https:\/\/glotomania.com\/wp-content\/uploads\/2024\/05\/img_23718_15401c0e46b83c7b09f2f8a5c68b1b3c_1-300x300.png","brands":[],"_links":{"self":[{"href":"https:\/\/glotomania.com\/pt-pt\/wp-json\/wp\/v2\/product\/389937","targetHints":{"allow":["GET"]}}],"collection":[{"href":"https:\/\/glotomania.com\/pt-pt\/wp-json\/wp\/v2\/product"}],"about":[{"href":"https:\/\/glotomania.com\/pt-pt\/wp-json\/wp\/v2\/types\/product"}],"replies":[{"embeddable":true,"href":"https:\/\/glotomania.com\/pt-pt\/wp-json\/wp\/v2\/comments?post=389937"}],"wp:featuredmedia":[{"embeddable":true,"href":"https:\/\/glotomania.com\/pt-pt\/wp-json\/wp\/v2\/media\/39186"}],"wp:attachment":[{"href":"https:\/\/glotomania.com\/pt-pt\/wp-json\/wp\/v2\/media?parent=389937"}],"wp:term":[{"taxonomy":"pwb-brand","embeddable":true,"href":"https:\/\/glotomania.com\/pt-pt\/wp-json\/wp\/v2\/pwb-brand?post=389937"},{"taxonomy":"product_brand","embeddable":true,"href":"https:\/\/glotomania.com\/pt-pt\/wp-json\/wp\/v2\/product_brand?post=389937"},{"taxonomy":"product_cat","embeddable":true,"href":"https:\/\/glotomania.com\/pt-pt\/wp-json\/wp\/v2\/product_cat?post=389937"},{"taxonomy":"product_tag","embeddable":true,"href":"https:\/\/glotomania.com\/pt-pt\/wp-json\/wp\/v2\/product_tag?post=389937"}],"curies":[{"name":"wp","href":"https:\/\/api.w.org\/{rel}","templated":true}]}}