{"id":389948,"date":"2025-09-02T10:52:29","date_gmt":"2025-09-02T10:52:29","guid":{"rendered":"https:\/\/glotomania.com\/p\/colorante-en-gel-pastkolor-blanco-50-g-2\/"},"modified":"2026-04-10T12:38:11","modified_gmt":"2026-04-10T12:38:11","slug":"colorante-en-gel-pastkolor-blanco-50-g-2","status":"publish","type":"product","link":"https:\/\/glotomania.com\/pt-pt\/p\/colorante-en-gel-pastkolor-blanco-50-g-2\/","title":{"rendered":"Corante Em Gel Pastkolor &#8211; Branco 50 G"},"content":{"rendered":"<p>&nbsp;<\/p>\n<p><span style=\"font-size: 14px\"><span>Corante alimentar em gel ideal para utilizar em bolos, cupcakes, bolachas, pasta de goma, pasta de flores, fondant, cremes, coberturas, gelatinas,&#8230; e muito mais!&nbsp;&Eacute; feito para todos os tipos de usos, sendo ideal para<strong>&nbsp;tingir ou colorir&nbsp;<\/strong>qualquer massa.<\/span><\/span><\/p>\n<p><span style=\"font-size: 14px\"><span>Possui a consist&ecirc;ncia adequada que permite uma colora&ccedil;&atilde;o r&aacute;pida e f&aacute;cil,<strong>&nbsp;sem desestabilizar a prepara&ccedil;&atilde;o<\/strong>. Possui pigmentos de qualidade, com&nbsp;<u>uma das maiores concentra&ccedil;&otilde;es do mercado<\/u>, para que possamos obter<strong>&nbsp;cores intensas<\/strong>.<\/span><\/span><\/p>\n<p><span style=\"font-size: 14px\"><span>Com a aplica&ccedil;&atilde;o de pequenas quantidades, conseguimos colorir a prepara&ccedil;&atilde;o com o tom de cor desejado.<\/span><\/span><\/p>\n","protected":false},"excerpt":{"rendered":"<p>Ideal para tingir ou colorir qualquer massa. Permite-nos obter cores intensas gra\u00e7as \u00e0 sua alta concentra\u00e7\u00e3o.<\/p>\n","protected":false},"featured_media":38470,"comment_status":"open","ping_status":"closed","template":"","meta":{"_acf_changed":false},"pwb-brand":[],"product_brand":[],"product_cat":[2908,2910,1835,1897,2911,2953,2957,1832,2907,1845,1833,2920,2996,1888,1862,1885,1849,1866,3001,3004],"product_tag":[],"class_list":{"0":"post-389948","1":"product","2":"type-product","3":"status-publish","4":"has-post-thumbnail","6":"product_cat-batizados","7":"product_cat-casamentos-2","8":"product_cat-colorantes","9":"product_cat-colorantes-gel","10":"product_cat-comunhoes","11":"product_cat-corantes-e-pinturas","12":"product_cat-corantes-em-gel-2","13":"product_cat-diestas-especiales","14":"product_cat-festas","15":"product_cat-dieta-sin-e-171","16":"product_cat-dieta-sin-gluten","17":"product_cat-natal-2","18":"product_cat-produtos-vegetarianos","19":"product_cat-bodas","20":"product_cat-comuniones","21":"product_cat-bautizos","22":"product_cat-fiestas","23":"product_cat-navidad","24":"product_cat-sem-e-171-2","25":"product_cat-sem-gluten-2","27":"first","28":"instock","29":"taxable","30":"shipping-taxable","31":"purchasable","32":"product-type-simple"},"acf":[],"df_price":4.9,"df_sale_price":"","df_regular_price":4.9,"df_image_link":"https:\/\/glotomania.com\/wp-content\/uploads\/2024\/04\/img_23733_aec55c9c34ea8faacd8c0df96d85959e_1-300x300.png","brands":[],"_links":{"self":[{"href":"https:\/\/glotomania.com\/pt-pt\/wp-json\/wp\/v2\/product\/389948","targetHints":{"allow":["GET"]}}],"collection":[{"href":"https:\/\/glotomania.com\/pt-pt\/wp-json\/wp\/v2\/product"}],"about":[{"href":"https:\/\/glotomania.com\/pt-pt\/wp-json\/wp\/v2\/types\/product"}],"replies":[{"embeddable":true,"href":"https:\/\/glotomania.com\/pt-pt\/wp-json\/wp\/v2\/comments?post=389948"}],"wp:featuredmedia":[{"embeddable":true,"href":"https:\/\/glotomania.com\/pt-pt\/wp-json\/wp\/v2\/media\/38470"}],"wp:attachment":[{"href":"https:\/\/glotomania.com\/pt-pt\/wp-json\/wp\/v2\/media?parent=389948"}],"wp:term":[{"taxonomy":"pwb-brand","embeddable":true,"href":"https:\/\/glotomania.com\/pt-pt\/wp-json\/wp\/v2\/pwb-brand?post=389948"},{"taxonomy":"product_brand","embeddable":true,"href":"https:\/\/glotomania.com\/pt-pt\/wp-json\/wp\/v2\/product_brand?post=389948"},{"taxonomy":"product_cat","embeddable":true,"href":"https:\/\/glotomania.com\/pt-pt\/wp-json\/wp\/v2\/product_cat?post=389948"},{"taxonomy":"product_tag","embeddable":true,"href":"https:\/\/glotomania.com\/pt-pt\/wp-json\/wp\/v2\/product_tag?post=389948"}],"curies":[{"name":"wp","href":"https:\/\/api.w.org\/{rel}","templated":true}]}}