{"id":389949,"date":"2025-09-02T10:52:30","date_gmt":"2025-09-02T10:52:30","guid":{"rendered":"https:\/\/glotomania.com\/p\/aerografo-con-compresor-de-aire-y-pistola-2\/"},"modified":"2026-03-10T22:12:48","modified_gmt":"2026-03-10T22:12:48","slug":"aerografo-con-compresor-de-aire-y-pistola-2","status":"publish","type":"product","link":"https:\/\/glotomania.com\/pt-pt\/p\/aerografo-con-compresor-de-aire-y-pistola-2\/","title":{"rendered":"Aer\u00d3grafo Com Compressor De Ar E Pistola De Pulveriza\u00c7\u00c3o"},"content":{"rendered":"<p>&nbsp;<\/p>\n<p><span style=\"font-size:14px\"><strong>Modo de utiliza&ccedil;&atilde;o:<\/strong><\/span><\/p>\n<ul>\n<li><span style=\"font-size:14px\">Ligar o aer&oacute;grafo &agrave; bomba e, em seguida, ligar a fonte de alimenta&ccedil;&atilde;o &#8211;&gt; o indicador vermelho &quot;POWER&quot; acende-se.<\/span><\/li>\n<li><span style=\"font-size:14px\">Pressione o s&iacute;mbolo de energia &#9212;, o indicador de velocidade &quot;Max&quot; acende-se, pressione novamente para o desligar.<\/span><\/li>\n<li><span style=\"font-size:14px\">Prima o bot&atilde;o &quot;MODE&quot; na mini bomba para ajustar a velocidade.<\/span><\/li>\n<li><span style=\"font-size:14px\">Adicione o pigmento apropriado ao copo do aer&oacute;grafo.<\/span><\/li>\n<li><span style=\"font-size:14px\">Segure a pistola com a m&atilde;o e puxe a alavanca de acionamento gradualmente para tr&aacute;s para pulverizar o l&iacute;quido.<\/span><\/li>\n<li><span style=\"font-size:14px\">O padr&atilde;o de pulveriza&ccedil;&atilde;o depende da dist&acirc;ncia entre a superf&iacute;cie de trabalho e o aer&oacute;grafo.<\/span><\/li>\n<li><span style=\"font-size:14px\">Para linhas finas: retire a tampa da agulha e segure o aer&oacute;grafo perto da superf&iacute;cie de trabalho.<\/span><\/li>\n<\/ul>\n<p>&nbsp;<\/p>\n<p><span style=\"font-size:14px\"><strong>Limpeza:<\/strong><\/span><\/p>\n<ul>\n<li>Esvazie qualquer resto de tinta para aer&oacute;grafo do copo.<\/li>\n<li><span style=\"font-size:14px\">Utilizando o conta-gotas, adicione &aacute;gua quente ou &aacute;lcool ao copo para o limpar.<\/span><\/li>\n<li><span style=\"font-size:14px\">Limpe bem o copo com um cotonete. Adicione mais &aacute;gua e repita a a&ccedil;&atilde;o, se necess&aacute;rio.<\/span><\/li>\n<li><span style=\"font-size:14px\">Pulverize a &aacute;gua ou o &aacute;lcool atrav&eacute;s do aer&oacute;grafo para uma toalha (at&eacute; ficar transparente). Deite fora o excesso de &aacute;gua e seque com um pano.<\/span><\/li>\n<\/ul>\n<p><strong><span style=\"font-size:14px\">Manuten&ccedil;&atilde;o:<\/span><\/strong><\/p>\n<ul>\n<li><span style=\"font-size:14px\">Esvaziar o copo de l&iacute;quido e lavar com &aacute;gua ou solvente com a ajuda de uma escova.<\/span><\/li>\n<li><span style=\"font-size:14px\">Voltar a encher com &aacute;gua ou solvente, bloquear a tampa da agulha com um dedo e pulverizar. O ar flui de volta para o bocal para limpar os res&iacute;duos de tinta.<\/span><\/li>\n<\/ul>\n<p><strong><span style=\"font-size:14px\">Avisos:<\/span><\/strong><\/p>\n<ul>\n<li><span style=\"font-size:14px\">N&atilde;o alterar rapidamente o n&iacute;vel &quot;MODE&quot;.<\/span><\/li>\n<li><span style=\"font-size:14px\">O compressor deve ser utilizado num local limpo, seco e ventilado.<\/span><\/li>\n<li><span style=\"font-size:14px\">Manter fora do alcance das crian&ccedil;as.<\/span><\/li>\n<li><span style=\"font-size:14px\">A temperatura ambiente do compressor deve ser de 0 a 40 &deg;C.<\/span><\/li>\n<li><span style=\"font-size:14px\">N&atilde;o expor &agrave; luz solar direta.<\/span><\/li>\n<li><span style=\"font-size:14px\">Colocar o aer&oacute;grafo no suporte quando n&atilde;o estiver a ser utilizado.<\/span><\/li>\n<li>&nbsp;<\/li>\n<\/ul>\n","protected":false},"excerpt":{"rendered":"<p>Aer\u00f3grafo profissional de dupla fun\u00e7\u00e3o com 5 velocidades, ideal para pulverizar e colorir as nossas cria\u00e7\u00f5es.<\/p>\n","protected":false},"featured_media":38392,"comment_status":"open","ping_status":"closed","template":"","meta":{"_acf_changed":false},"pwb-brand":[],"product_brand":[],"product_cat":[3109,1995,3087,1811,3226,1767],"product_tag":[],"class_list":{"0":"post-389949","1":"product","2":"type-product","3":"status-publish","4":"has-post-thumbnail","6":"product_cat-aerografos","8":"product_cat-ordem-e-armazenamento","9":"product_cat-cocina","10":"product_cat-pequenos-eletrodomesticos","11":"product_cat-utensilios","13":"first","14":"instock","15":"taxable","16":"shipping-taxable","17":"purchasable","18":"product-type-simple"},"acf":[],"df_price":99,"df_sale_price":"","df_regular_price":99,"df_image_link":"https:\/\/glotomania.com\/wp-content\/uploads\/2024\/04\/img_23745_4a70511980fd85f3132f57324cbcc6d3_1-300x300.png","brands":[],"_links":{"self":[{"href":"https:\/\/glotomania.com\/pt-pt\/wp-json\/wp\/v2\/product\/389949","targetHints":{"allow":["GET"]}}],"collection":[{"href":"https:\/\/glotomania.com\/pt-pt\/wp-json\/wp\/v2\/product"}],"about":[{"href":"https:\/\/glotomania.com\/pt-pt\/wp-json\/wp\/v2\/types\/product"}],"replies":[{"embeddable":true,"href":"https:\/\/glotomania.com\/pt-pt\/wp-json\/wp\/v2\/comments?post=389949"}],"wp:featuredmedia":[{"embeddable":true,"href":"https:\/\/glotomania.com\/pt-pt\/wp-json\/wp\/v2\/media\/38392"}],"wp:attachment":[{"href":"https:\/\/glotomania.com\/pt-pt\/wp-json\/wp\/v2\/media?parent=389949"}],"wp:term":[{"taxonomy":"pwb-brand","embeddable":true,"href":"https:\/\/glotomania.com\/pt-pt\/wp-json\/wp\/v2\/pwb-brand?post=389949"},{"taxonomy":"product_brand","embeddable":true,"href":"https:\/\/glotomania.com\/pt-pt\/wp-json\/wp\/v2\/product_brand?post=389949"},{"taxonomy":"product_cat","embeddable":true,"href":"https:\/\/glotomania.com\/pt-pt\/wp-json\/wp\/v2\/product_cat?post=389949"},{"taxonomy":"product_tag","embeddable":true,"href":"https:\/\/glotomania.com\/pt-pt\/wp-json\/wp\/v2\/product_tag?post=389949"}],"curies":[{"name":"wp","href":"https:\/\/api.w.org\/{rel}","templated":true}]}}