{"id":389950,"date":"2025-09-02T10:52:30","date_gmt":"2025-09-02T10:52:30","guid":{"rendered":"https:\/\/glotomania.com\/p\/moldes-silicona-para-cupcakes-pavoni-2\/"},"modified":"2026-04-19T00:03:24","modified_gmt":"2026-04-19T00:03:24","slug":"moldes-silicona-para-cupcakes-pavoni-2","status":"publish","type":"product","link":"https:\/\/glotomania.com\/pt-pt\/p\/moldes-silicona-para-cupcakes-pavoni-2\/","title":{"rendered":"Formas De Silicone Para Cupcake &#8211; Pavoni"},"content":{"rendered":"<p>&nbsp;<\/p>\n<p><span style=\"font-size:14px\"><strong>Flex&iacute;veis<\/strong> e <strong>antiaderentes<\/strong>, podem ser usadas por mais de 2.000 vezes para assar.<\/span><\/p>\n<p><span style=\"font-size:14px\">Feitos de silicone platinado de qualidade 100% alimentar. Adequadas para forno, freezer, geladeira, micro-ondas e m&aacute;quina de lavar lou&ccedil;a, <strong>suportam temperaturas entre -40 e +230 &ordm;C.<\/strong><\/span><\/p>\n<p><span style=\"font-size:14px\"><strong>Dimens&otilde;es aproximadas: <\/strong>75 x 45 x 30 mm.<\/span><\/p>\n","protected":false},"excerpt":{"rendered":"<p>Inclui 6 formas de silicone para cupcake com diferentes designs: cora\u00e7\u00e3o, flor, estrela, quadrado, c\u00edrculo e tri\u00e2ngulo.<\/p>\n","protected":false},"featured_media":35589,"comment_status":"open","ping_status":"closed","template":"","meta":{"_acf_changed":false},"pwb-brand":[],"product_brand":[],"product_cat":[3191,3193,3222,3087,2009,2010,1810,1869,1767],"product_tag":[],"class_list":{"0":"post-389950","1":"product","2":"type-product","3":"status-publish","4":"has-post-thumbnail","6":"product_cat-capacillos-de-papel-2","7":"product_cat-capsulas-para-cupcakes-2","8":"product_cat-moldes-de-silicone","9":"product_cat-ordem-e-armazenamento","10":"product_cat-capsulas","11":"product_cat-capsulas-cupcakes","12":"product_cat-moldes-silicona","13":"product_cat-ultimas-unidades","14":"product_cat-utensilios","16":"first","17":"instock","18":"taxable","19":"shipping-taxable","20":"purchasable","21":"product-type-simple"},"acf":[],"df_price":2.84,"df_sale_price":2.84,"df_regular_price":5.69,"df_image_link":"https:\/\/glotomania.com\/wp-content\/uploads\/2024\/05\/img_23762_7b34d6bdbd409363787b9fc44f0b283c_1-300x300.png","brands":[],"_links":{"self":[{"href":"https:\/\/glotomania.com\/pt-pt\/wp-json\/wp\/v2\/product\/389950","targetHints":{"allow":["GET"]}}],"collection":[{"href":"https:\/\/glotomania.com\/pt-pt\/wp-json\/wp\/v2\/product"}],"about":[{"href":"https:\/\/glotomania.com\/pt-pt\/wp-json\/wp\/v2\/types\/product"}],"replies":[{"embeddable":true,"href":"https:\/\/glotomania.com\/pt-pt\/wp-json\/wp\/v2\/comments?post=389950"}],"wp:featuredmedia":[{"embeddable":true,"href":"https:\/\/glotomania.com\/pt-pt\/wp-json\/wp\/v2\/media\/35589"}],"wp:attachment":[{"href":"https:\/\/glotomania.com\/pt-pt\/wp-json\/wp\/v2\/media?parent=389950"}],"wp:term":[{"taxonomy":"pwb-brand","embeddable":true,"href":"https:\/\/glotomania.com\/pt-pt\/wp-json\/wp\/v2\/pwb-brand?post=389950"},{"taxonomy":"product_brand","embeddable":true,"href":"https:\/\/glotomania.com\/pt-pt\/wp-json\/wp\/v2\/product_brand?post=389950"},{"taxonomy":"product_cat","embeddable":true,"href":"https:\/\/glotomania.com\/pt-pt\/wp-json\/wp\/v2\/product_cat?post=389950"},{"taxonomy":"product_tag","embeddable":true,"href":"https:\/\/glotomania.com\/pt-pt\/wp-json\/wp\/v2\/product_tag?post=389950"}],"curies":[{"name":"wp","href":"https:\/\/api.w.org\/{rel}","templated":true}]}}