{"id":389973,"date":"2025-09-02T10:52:42","date_gmt":"2025-09-02T10:52:42","guid":{"rendered":"https:\/\/glotomania.com\/p\/pasta-de-modelar-saracino-blanca-1-kg-2\/"},"modified":"2026-03-24T14:53:57","modified_gmt":"2026-03-24T14:53:57","slug":"pasta-de-modelar-saracino-blanca-1-kg-2","status":"publish","type":"product","link":"https:\/\/glotomania.com\/pt-pt\/p\/pasta-de-modelar-saracino-blanca-1-kg-2\/","title":{"rendered":"Pasta De Modelar Saracino &#8211; Branco 1 Kg"},"content":{"rendered":"<p>&nbsp;<\/p>\n<p><span style=\"font-size: 14px\">A pasta de modelar Saracino foi premiada pela sua elevada qualidade e excelentes resultados. &Eacute;&nbsp;<strong>extremamente el&aacute;stica e resistente<\/strong>,&nbsp;<u>pode ser modelada sem rachar e<\/u>, quando trabalhada,&nbsp;<u>mant&eacute;m a sua forma<\/u>. N&atilde;o seca imediatamente, o que lhe d&aacute; tempo para corrigir eventuais imperfei&ccedil;&otilde;es.&nbsp;<\/span><\/p>\n<p><span style=\"font-size: 14px\">Gra&ccedil;as &agrave; manteiga de cacau na sua composi&ccedil;&atilde;o, oferece uma&nbsp;<strong>grande flexibilidade e maleabilidade.&nbsp;<\/strong><\/span><\/p>\n<p><span style=\"font-size: 14px\">Ideal para trabalhos finos e delicados, como flores, rendas e ornamentos tridimensionais.&nbsp;<\/span><\/p>\n<p><span style=\"font-size: 14px\">Pode ser colorida com corantes em gel, em pasta ou em p&oacute;.<\/span><\/p>\n<p><span style=\"font-size: 14px\">Garante&nbsp;<strong>resultados perfeitos em todas as condi&ccedil;&otilde;es climat&eacute;ricas&nbsp;<\/strong>e confere um efeito brilhante a cada cria&ccedil;&atilde;o, secando rapidamente sem rachar.&nbsp;<\/span><\/p>\n","protected":false},"excerpt":{"rendered":"<p>Pasta de modelar pronta a usar da Saracino, com um leve sabor a baunilha, tem uma grande flexibilidade e maleabilidade gra\u00e7as \u00e0 manteiga de cacau na sua composi\u00e7\u00e3o.<\/p>\n","protected":false},"featured_media":39162,"comment_status":"open","ping_status":"closed","template":"","meta":{"_acf_changed":false,"_joinchat":[]},"pwb-brand":[],"product_brand":[],"product_cat":[3052,3040,3006,2996,3001,3004,1832,1847,1845,1833,1944,1906],"product_tag":[],"class_list":{"0":"post-389973","1":"product","2":"type-product","3":"status-publish","4":"has-post-thumbnail","6":"product_cat-pasta-de-modelar-saracino-2","7":"product_cat-pasta-de-modelar-the-sugar-paste","8":"product_cat-pastas-de-acucar-2","9":"product_cat-produtos-vegetarianos","10":"product_cat-sem-e-171-2","11":"product_cat-sem-gluten-2","12":"product_cat-diestas-especiales","13":"product_cat-fondant","14":"product_cat-dieta-sin-e-171","15":"product_cat-dieta-sin-gluten","16":"product_cat-pasta-modelar-saracino","17":"product_cat-pasta-modelado","19":"first","20":"instock","21":"taxable","22":"shipping-taxable","23":"purchasable","24":"product-type-simple"},"acf":[],"df_price":12.5,"df_sale_price":"","df_regular_price":12.5,"df_image_link":"https:\/\/glotomania.com\/wp-content\/uploads\/2024\/04\/img_23830_8e1dca0fe5f71794a5178f3bb24193d8_1-300x300.png","brands":[],"_links":{"self":[{"href":"https:\/\/glotomania.com\/pt-pt\/wp-json\/wp\/v2\/product\/389973","targetHints":{"allow":["GET"]}}],"collection":[{"href":"https:\/\/glotomania.com\/pt-pt\/wp-json\/wp\/v2\/product"}],"about":[{"href":"https:\/\/glotomania.com\/pt-pt\/wp-json\/wp\/v2\/types\/product"}],"replies":[{"embeddable":true,"href":"https:\/\/glotomania.com\/pt-pt\/wp-json\/wp\/v2\/comments?post=389973"}],"wp:featuredmedia":[{"embeddable":true,"href":"https:\/\/glotomania.com\/pt-pt\/wp-json\/wp\/v2\/media\/39162"}],"wp:attachment":[{"href":"https:\/\/glotomania.com\/pt-pt\/wp-json\/wp\/v2\/media?parent=389973"}],"wp:term":[{"taxonomy":"pwb-brand","embeddable":true,"href":"https:\/\/glotomania.com\/pt-pt\/wp-json\/wp\/v2\/pwb-brand?post=389973"},{"taxonomy":"product_brand","embeddable":true,"href":"https:\/\/glotomania.com\/pt-pt\/wp-json\/wp\/v2\/product_brand?post=389973"},{"taxonomy":"product_cat","embeddable":true,"href":"https:\/\/glotomania.com\/pt-pt\/wp-json\/wp\/v2\/product_cat?post=389973"},{"taxonomy":"product_tag","embeddable":true,"href":"https:\/\/glotomania.com\/pt-pt\/wp-json\/wp\/v2\/product_tag?post=389973"}],"curies":[{"name":"wp","href":"https:\/\/api.w.org\/{rel}","templated":true}]}}