{"id":389976,"date":"2025-09-02T10:52:43","date_gmt":"2025-09-02T10:52:43","guid":{"rendered":"https:\/\/glotomania.com\/p\/chocolate-para-modelar-saracino-blanco-250-g-2\/"},"modified":"2026-04-15T10:28:46","modified_gmt":"2026-04-15T10:28:46","slug":"chocolate-para-modelar-saracino-blanco-250-g-2","status":"publish","type":"product","link":"https:\/\/glotomania.com\/pt-pt\/p\/chocolate-para-modelar-saracino-blanco-250-g-2\/","title":{"rendered":"Chocolate Para Modelagem Saracino &#8211; Branco 250 G"},"content":{"rendered":"<p>&nbsp;<\/p>\n<p><span style=\"font-size:14px\">O chocolate pl&aacute;stico Saracino mistura-se bem com uma grande variedade de pigmentos: em p&oacute;, em gel, em pasta e at&eacute; com corantes para aer&oacute;grafo.&nbsp;<\/span><\/p>\n<p><strong><span style=\"font-size:14px\">Conselhos de utiliza&ccedil;&atilde;o:<\/span><\/strong><\/p>\n<ul>\n<li><span style=\"font-size:14px\">Antes de utilizar, trabalhar o chocolate at&eacute; obter uma consist&ecirc;ncia macia e el&aacute;stica.<\/span><\/li>\n<li><span style=\"font-size:14px\">Se as suas m&atilde;os ficarem demasiado quentes ou se o tempo estiver quente, trabalhe o chocolate de manh&atilde; ou &agrave; noite, ou coloque-o no frigor&iacute;fico de forma intermitente durante a modelagem para manter a sua forma. Caso contr&aacute;rio, o chocolate pode derreter.<\/span><\/li>\n<li><span style=\"font-size:14px\">Recomenda-se trabalhar com luvas de pl&aacute;stico.<\/span><\/li>\n<\/ul>\n","protected":false},"excerpt":{"rendered":"<p>Chocolate pl\u00e1stico Saracino, ideal para modelar figuras e decora\u00e7\u00f5es, porque mant\u00e9m a sua forma logo ap\u00f3s a moldagem.<\/p>\n","protected":false},"featured_media":39166,"comment_status":"open","ping_status":"closed","template":"","meta":{"_acf_changed":false},"pwb-brand":[],"product_brand":[],"product_cat":[3042,3006,2996,3001,3004,1945,1832,1847,1845,1833],"product_tag":[],"class_list":{"0":"post-389976","1":"product","2":"type-product","3":"status-publish","4":"has-post-thumbnail","6":"product_cat-chocolate-plastico-para-modelacao","7":"product_cat-pastas-de-acucar-2","8":"product_cat-produtos-vegetarianos","9":"product_cat-sem-e-171-2","10":"product_cat-sem-gluten-2","11":"product_cat-chocolate-modelar","12":"product_cat-diestas-especiales","13":"product_cat-fondant","14":"product_cat-dieta-sin-e-171","15":"product_cat-dieta-sin-gluten","17":"first","18":"instock","19":"taxable","20":"shipping-taxable","21":"purchasable","22":"product-type-simple"},"acf":[],"df_price":7.5,"df_sale_price":"","df_regular_price":7.5,"df_image_link":"https:\/\/glotomania.com\/wp-content\/uploads\/2024\/04\/img_23833_10bcfb508a990238bf8ab3b3f44e1098_1-300x300.png","brands":[],"_links":{"self":[{"href":"https:\/\/glotomania.com\/pt-pt\/wp-json\/wp\/v2\/product\/389976","targetHints":{"allow":["GET"]}}],"collection":[{"href":"https:\/\/glotomania.com\/pt-pt\/wp-json\/wp\/v2\/product"}],"about":[{"href":"https:\/\/glotomania.com\/pt-pt\/wp-json\/wp\/v2\/types\/product"}],"replies":[{"embeddable":true,"href":"https:\/\/glotomania.com\/pt-pt\/wp-json\/wp\/v2\/comments?post=389976"}],"wp:featuredmedia":[{"embeddable":true,"href":"https:\/\/glotomania.com\/pt-pt\/wp-json\/wp\/v2\/media\/39166"}],"wp:attachment":[{"href":"https:\/\/glotomania.com\/pt-pt\/wp-json\/wp\/v2\/media?parent=389976"}],"wp:term":[{"taxonomy":"pwb-brand","embeddable":true,"href":"https:\/\/glotomania.com\/pt-pt\/wp-json\/wp\/v2\/pwb-brand?post=389976"},{"taxonomy":"product_brand","embeddable":true,"href":"https:\/\/glotomania.com\/pt-pt\/wp-json\/wp\/v2\/product_brand?post=389976"},{"taxonomy":"product_cat","embeddable":true,"href":"https:\/\/glotomania.com\/pt-pt\/wp-json\/wp\/v2\/product_cat?post=389976"},{"taxonomy":"product_tag","embeddable":true,"href":"https:\/\/glotomania.com\/pt-pt\/wp-json\/wp\/v2\/product_tag?post=389976"}],"curies":[{"name":"wp","href":"https:\/\/api.w.org\/{rel}","templated":true}]}}