{"id":389980,"date":"2025-09-02T10:52:46","date_gmt":"2025-09-02T10:52:46","guid":{"rendered":"https:\/\/glotomania.com\/p\/bolsas-para-dulces-wilton-rayas-colores-20-u-2\/"},"modified":"2026-03-10T22:13:47","modified_gmt":"2026-03-10T22:13:47","slug":"bolsas-para-dulces-wilton-rayas-colores-20-u-2","status":"publish","type":"product","link":"https:\/\/glotomania.com\/pt-pt\/p\/bolsas-para-dulces-wilton-rayas-colores-20-u-2\/","title":{"rendered":"Sacos De Doces Wilton &#8211; Riscas Coloridas (20 U)"},"content":{"rendered":"<div>&nbsp;<\/div>\n<div>Cont&eacute;m 20 sacos e 20 fitas de fecho.<\/div>\n<div>&nbsp;<\/div>\n<div><strong>Dimens&otilde;es aproximadas:<\/strong> 10 x 5 x 24 cm.<\/div>\n","protected":false},"excerpt":{"rendered":"<p>Estes divertidos sacos de oferta Wilton s\u00e3o perfeitos para qualquer celebra\u00e7\u00e3o! Pode utiliz\u00e1-los para embrulhar bolachas, rebu\u00e7ados e outros doces.<\/p>\n","protected":false},"featured_media":38595,"comment_status":"open","ping_status":"closed","template":"","meta":{"_acf_changed":false},"pwb-brand":[],"product_brand":[],"product_cat":[2006,2005,2907,3087,1849,3149,3153,1767],"product_tag":[],"class_list":{"0":"post-389980","1":"product","2":"type-product","3":"status-publish","4":"has-post-thumbnail","6":"product_cat-bolsas-dulces","7":"product_cat-bolsas","8":"product_cat-festas","9":"product_cat-ordem-e-armazenamento","10":"product_cat-fiestas","11":"product_cat-sacos-de-pastelaria-2","12":"product_cat-sacos-para-doces-2","13":"product_cat-utensilios","15":"first","16":"instock","17":"taxable","18":"shipping-taxable","19":"purchasable","20":"product-type-simple"},"acf":[],"df_price":2.75,"df_sale_price":"","df_regular_price":2.75,"df_image_link":"https:\/\/glotomania.com\/wp-content\/uploads\/2024\/04\/img_23842_1e145292ac922ec032b57f405923c8c4_1-300x300.png","brands":[],"_links":{"self":[{"href":"https:\/\/glotomania.com\/pt-pt\/wp-json\/wp\/v2\/product\/389980","targetHints":{"allow":["GET"]}}],"collection":[{"href":"https:\/\/glotomania.com\/pt-pt\/wp-json\/wp\/v2\/product"}],"about":[{"href":"https:\/\/glotomania.com\/pt-pt\/wp-json\/wp\/v2\/types\/product"}],"replies":[{"embeddable":true,"href":"https:\/\/glotomania.com\/pt-pt\/wp-json\/wp\/v2\/comments?post=389980"}],"wp:featuredmedia":[{"embeddable":true,"href":"https:\/\/glotomania.com\/pt-pt\/wp-json\/wp\/v2\/media\/38595"}],"wp:attachment":[{"href":"https:\/\/glotomania.com\/pt-pt\/wp-json\/wp\/v2\/media?parent=389980"}],"wp:term":[{"taxonomy":"pwb-brand","embeddable":true,"href":"https:\/\/glotomania.com\/pt-pt\/wp-json\/wp\/v2\/pwb-brand?post=389980"},{"taxonomy":"product_brand","embeddable":true,"href":"https:\/\/glotomania.com\/pt-pt\/wp-json\/wp\/v2\/product_brand?post=389980"},{"taxonomy":"product_cat","embeddable":true,"href":"https:\/\/glotomania.com\/pt-pt\/wp-json\/wp\/v2\/product_cat?post=389980"},{"taxonomy":"product_tag","embeddable":true,"href":"https:\/\/glotomania.com\/pt-pt\/wp-json\/wp\/v2\/product_tag?post=389980"}],"curies":[{"name":"wp","href":"https:\/\/api.w.org\/{rel}","templated":true}]}}