{"id":389987,"date":"2025-10-01T12:45:26","date_gmt":"2025-10-01T12:45:26","guid":{"rendered":"https:\/\/glotomania.com\/p\/stand-para-cupcakes-transparente-4-niveles-2\/"},"modified":"2026-03-27T12:53:16","modified_gmt":"2026-03-27T12:53:16","slug":"stand-para-cupcakes-transparente-4-niveles-2","status":"publish","type":"product","link":"https:\/\/glotomania.com\/pt-pt\/p\/stand-para-cupcakes-transparente-4-niveles-2\/","title":{"rendered":"Suporte Transparente Para Cupcakes &#8211; 4 N\u00cdveis"},"content":{"rendered":"<p>&nbsp;<\/p>\n<p><span style=\"font-size:14px\">F&aacute;cil de montar e guardar.<\/span><\/p>\n<p><span style=\"font-size:14px\">Feito de material acr&iacute;lico de qualidade alimentar.<\/span><\/p>\n<p><span style=\"font-size:14px\">O conjunto inclui: suporte + 2 pernas transparentes + 3 parafusos + 2 rolhas de borracha para a base das pernas (para evitar riscos) + 1 mini chave de fendas.&nbsp;<\/span><\/p>\n<p><strong><span style=\"font-size:14px\">Dimens&otilde;es aproximadas&nbsp;<\/span><\/strong><\/p>\n<ul>\n<li><span style=\"font-size:14px\">N&iacute;veis: 23 x 5 cm &#8211; A 6 cm.<\/span><\/li>\n<li><span style=\"font-size:14px\">Pernas: 16,3 cm.<\/span><\/li>\n<li><span style=\"font-size:14px\">Altura do suporte: 18,5 cm.<\/span><\/li>\n<\/ul>\n<p><em><span style=\"font-size:14px\">O suporte est&aacute; equipado com uma pel&iacute;cula de pl&aacute;stico de prote&ccedil;&atilde;o contra riscos, que deve ser retirada antes da montagem do suporte.<\/span><\/em><\/p>\n","protected":false},"excerpt":{"rendered":"<p>Suporte acr\u00edlico em escada com 4 n\u00edveis, resistente e leve, perfeito para cupcakes, muffins, figuras de decora\u00e7\u00e3o,&#8230;<\/p>\n","protected":false},"featured_media":39168,"comment_status":"open","ping_status":"closed","template":"","meta":{"_acf_changed":false},"pwb-brand":[],"product_brand":[],"product_cat":[3093,1768,2910,2907,3087,1888,1849,1769,3228,1767],"product_tag":[],"class_list":{"0":"post-389987","1":"product","2":"type-product","3":"status-publish","4":"has-post-thumbnail","6":"product_cat-bases-para-bolos-2","7":"product_cat-bases","8":"product_cat-casamentos-2","9":"product_cat-festas","10":"product_cat-ordem-e-armazenamento","11":"product_cat-bodas","12":"product_cat-fiestas","13":"product_cat-soportes","14":"product_cat-suportes-para-doces-e-bolos","15":"product_cat-utensilios","17":"first","18":"instock","19":"taxable","20":"shipping-taxable","21":"purchasable","22":"product-type-simple"},"acf":[],"df_price":18.5,"df_sale_price":"","df_regular_price":18.5,"df_image_link":"https:\/\/glotomania.com\/wp-content\/uploads\/2024\/04\/img_23868_f93e71162b80e99e1a4e5af2c2ede68c_1-300x300.png","brands":[],"_links":{"self":[{"href":"https:\/\/glotomania.com\/pt-pt\/wp-json\/wp\/v2\/product\/389987","targetHints":{"allow":["GET"]}}],"collection":[{"href":"https:\/\/glotomania.com\/pt-pt\/wp-json\/wp\/v2\/product"}],"about":[{"href":"https:\/\/glotomania.com\/pt-pt\/wp-json\/wp\/v2\/types\/product"}],"replies":[{"embeddable":true,"href":"https:\/\/glotomania.com\/pt-pt\/wp-json\/wp\/v2\/comments?post=389987"}],"wp:featuredmedia":[{"embeddable":true,"href":"https:\/\/glotomania.com\/pt-pt\/wp-json\/wp\/v2\/media\/39168"}],"wp:attachment":[{"href":"https:\/\/glotomania.com\/pt-pt\/wp-json\/wp\/v2\/media?parent=389987"}],"wp:term":[{"taxonomy":"pwb-brand","embeddable":true,"href":"https:\/\/glotomania.com\/pt-pt\/wp-json\/wp\/v2\/pwb-brand?post=389987"},{"taxonomy":"product_brand","embeddable":true,"href":"https:\/\/glotomania.com\/pt-pt\/wp-json\/wp\/v2\/product_brand?post=389987"},{"taxonomy":"product_cat","embeddable":true,"href":"https:\/\/glotomania.com\/pt-pt\/wp-json\/wp\/v2\/product_cat?post=389987"},{"taxonomy":"product_tag","embeddable":true,"href":"https:\/\/glotomania.com\/pt-pt\/wp-json\/wp\/v2\/product_tag?post=389987"}],"curies":[{"name":"wp","href":"https:\/\/api.w.org\/{rel}","templated":true}]}}