{"id":389991,"date":"2025-09-02T10:52:54","date_gmt":"2025-09-02T10:52:54","guid":{"rendered":"https:\/\/glotomania.com\/p\/soportes-hexagonales-transparentes-para-tartas-20-y-30-cm-h-10-cm-2\/"},"modified":"2026-03-10T22:14:10","modified_gmt":"2026-03-10T22:14:10","slug":"soportes-hexagonales-transparentes-para-tartas-20-y-30-cm-h-10-cm-2","status":"publish","type":"product","link":"https:\/\/glotomania.com\/pt-pt\/p\/soportes-hexagonales-transparentes-para-tartas-20-y-30-cm-h-10-cm-2\/","title":{"rendered":"Suportes Para Bolos Hexagonais Transparentes &#8211; 20 E 30 Cm \/ H 10 Cm"},"content":{"rendered":"<p>&nbsp;<\/p>\n<p><span style=\"font-size:14px\">Podem ser utilizados em conjunto ou separadamente, e podem ser utilizados para fazer bolos com o n&uacute;mero de camadas que necessitar.<\/span><\/p>\n<p><span style=\"font-size:14px\">T&ecirc;m uma base fechada e uma parte superior aberta, pelo que pode colocar<strong> flores secas, decora&ccedil;&otilde;es n&atilde;o comest&iacute;veis,&#8230; e at&eacute; luzes no interior.<\/strong><\/span><\/p>\n<p><span style=\"font-size:14px\">Fabricado em material acr&iacute;lico de alta qualidade.<\/span><\/p>\n<p><strong><span style=\"font-size:14px\">Dimens&otilde;es aproximadas<\/span><\/strong><\/p>\n<p><span style=\"font-size:14px\">Hex&aacute;gono grande 30 x 30 &#8211; A 10 cm.<br \/>\nHex&aacute;gono pequeno 20 x 20 &#8211; A 10 cm.<\/span><\/p>\n","protected":false},"excerpt":{"rendered":"<p>Inclui 2 hex\u00e1gonos em acr\u00edlico transparente para criar bolos com v\u00e1rias camadas, ideais para colocar decora\u00e7\u00f5es no interior.<\/p>\n","protected":false},"featured_media":39204,"comment_status":"open","ping_status":"closed","template":"","meta":{"_acf_changed":false},"pwb-brand":[],"product_brand":[],"product_cat":[3093,1768,2910,2907,3087,1888,1849,1767],"product_tag":[],"class_list":{"0":"post-389991","1":"product","2":"type-product","3":"status-publish","4":"has-post-thumbnail","6":"product_cat-bases-para-bolos-2","7":"product_cat-bases","8":"product_cat-casamentos-2","9":"product_cat-festas","10":"product_cat-ordem-e-armazenamento","11":"product_cat-bodas","12":"product_cat-fiestas","13":"product_cat-utensilios","15":"first","16":"instock","17":"taxable","18":"shipping-taxable","19":"purchasable","20":"product-type-simple"},"acf":[],"df_price":64.36,"df_sale_price":"","df_regular_price":69.95,"df_image_link":"https:\/\/glotomania.com\/wp-content\/uploads\/2024\/04\/img_23893_4eb7219f5bd3435c95cbee81f9192d37_1-300x300.png","brands":[],"_links":{"self":[{"href":"https:\/\/glotomania.com\/pt-pt\/wp-json\/wp\/v2\/product\/389991","targetHints":{"allow":["GET"]}}],"collection":[{"href":"https:\/\/glotomania.com\/pt-pt\/wp-json\/wp\/v2\/product"}],"about":[{"href":"https:\/\/glotomania.com\/pt-pt\/wp-json\/wp\/v2\/types\/product"}],"replies":[{"embeddable":true,"href":"https:\/\/glotomania.com\/pt-pt\/wp-json\/wp\/v2\/comments?post=389991"}],"wp:featuredmedia":[{"embeddable":true,"href":"https:\/\/glotomania.com\/pt-pt\/wp-json\/wp\/v2\/media\/39204"}],"wp:attachment":[{"href":"https:\/\/glotomania.com\/pt-pt\/wp-json\/wp\/v2\/media?parent=389991"}],"wp:term":[{"taxonomy":"pwb-brand","embeddable":true,"href":"https:\/\/glotomania.com\/pt-pt\/wp-json\/wp\/v2\/pwb-brand?post=389991"},{"taxonomy":"product_brand","embeddable":true,"href":"https:\/\/glotomania.com\/pt-pt\/wp-json\/wp\/v2\/product_brand?post=389991"},{"taxonomy":"product_cat","embeddable":true,"href":"https:\/\/glotomania.com\/pt-pt\/wp-json\/wp\/v2\/product_cat?post=389991"},{"taxonomy":"product_tag","embeddable":true,"href":"https:\/\/glotomania.com\/pt-pt\/wp-json\/wp\/v2\/product_tag?post=389991"}],"curies":[{"name":"wp","href":"https:\/\/api.w.org\/{rel}","templated":true}]}}