{"id":389992,"date":"2025-10-01T12:45:33","date_gmt":"2025-10-01T12:45:33","guid":{"rendered":"https:\/\/glotomania.com\/p\/soporte-redondo-transparente-para-tartas-o-25-cm-h-10-cm-2\/"},"modified":"2026-03-31T11:39:40","modified_gmt":"2026-03-31T11:39:40","slug":"soporte-redondo-transparente-para-tartas-o-25-cm-h-10-cm-2","status":"publish","type":"product","link":"https:\/\/glotomania.com\/pt-pt\/p\/soporte-redondo-transparente-para-tartas-o-25-cm-h-10-cm-2\/","title":{"rendered":"Suporte Para Bolos Redondo Transparente &#8211; \u00d8 25 Cm \/ H 10 Cm"},"content":{"rendered":"<p>&nbsp;<\/p>\n<p><span style=\"font-size:14px\">Pode ser utilizado em combina&ccedil;&atilde;o com outros suportes ou separadamente, para que possa fazer bolos com o n&uacute;mero de camadas que necessitar.&nbsp;<\/span><\/p>\n<p><span style=\"font-size:14px\">Tem uma base fechada e um topo aberto, para que possa colocar<strong> flores secas, decora&ccedil;&otilde;es n&atilde;o comest&iacute;veis,&#8230; e at&eacute; luzes no interior.<\/strong><\/span><\/p>\n<p><span style=\"font-size:14px\">Fabricado em material acr&iacute;lico de alta qualidade.<\/span><\/p>\n<p><span style=\"font-size:14px\"><strong>Dimens&otilde;es aproximadas:<\/strong> &Oslash; 25 cm &#8211; H 10 cm.<\/span><\/p>\n","protected":false},"excerpt":{"rendered":"<p>Suporte para bolos redondo em acr\u00edlico transparente para criar bolos de v\u00e1rios andares, ideal para colocar decora\u00e7\u00f5es no interior.<\/p>\n","protected":false},"featured_media":39205,"comment_status":"open","ping_status":"closed","template":"","meta":{"_acf_changed":false},"pwb-brand":[],"product_brand":[],"product_cat":[3093,1768,2910,2907,3087,1888,1849,1769,3228,1767],"product_tag":[],"class_list":{"0":"post-389992","1":"product","2":"type-product","3":"status-publish","4":"has-post-thumbnail","6":"product_cat-bases-para-bolos-2","7":"product_cat-bases","8":"product_cat-casamentos-2","9":"product_cat-festas","10":"product_cat-ordem-e-armazenamento","11":"product_cat-bodas","12":"product_cat-fiestas","13":"product_cat-soportes","14":"product_cat-suportes-para-doces-e-bolos","15":"product_cat-utensilios","17":"first","18":"instock","19":"taxable","20":"shipping-taxable","21":"purchasable","22":"product-type-simple"},"acf":[],"df_price":32.44,"df_sale_price":"","df_regular_price":35.26,"df_image_link":"https:\/\/glotomania.com\/wp-content\/uploads\/2024\/04\/img_23899_13023107d8eb6e53afeccab6159d9e50_1-300x300.png","brands":[],"_links":{"self":[{"href":"https:\/\/glotomania.com\/pt-pt\/wp-json\/wp\/v2\/product\/389992","targetHints":{"allow":["GET"]}}],"collection":[{"href":"https:\/\/glotomania.com\/pt-pt\/wp-json\/wp\/v2\/product"}],"about":[{"href":"https:\/\/glotomania.com\/pt-pt\/wp-json\/wp\/v2\/types\/product"}],"replies":[{"embeddable":true,"href":"https:\/\/glotomania.com\/pt-pt\/wp-json\/wp\/v2\/comments?post=389992"}],"wp:featuredmedia":[{"embeddable":true,"href":"https:\/\/glotomania.com\/pt-pt\/wp-json\/wp\/v2\/media\/39205"}],"wp:attachment":[{"href":"https:\/\/glotomania.com\/pt-pt\/wp-json\/wp\/v2\/media?parent=389992"}],"wp:term":[{"taxonomy":"pwb-brand","embeddable":true,"href":"https:\/\/glotomania.com\/pt-pt\/wp-json\/wp\/v2\/pwb-brand?post=389992"},{"taxonomy":"product_brand","embeddable":true,"href":"https:\/\/glotomania.com\/pt-pt\/wp-json\/wp\/v2\/product_brand?post=389992"},{"taxonomy":"product_cat","embeddable":true,"href":"https:\/\/glotomania.com\/pt-pt\/wp-json\/wp\/v2\/product_cat?post=389992"},{"taxonomy":"product_tag","embeddable":true,"href":"https:\/\/glotomania.com\/pt-pt\/wp-json\/wp\/v2\/product_tag?post=389992"}],"curies":[{"name":"wp","href":"https:\/\/api.w.org\/{rel}","templated":true}]}}