{"id":389994,"date":"2025-09-02T10:52:57","date_gmt":"2025-09-02T10:52:57","guid":{"rendered":"https:\/\/glotomania.com\/p\/soporte-hexagonal-transparente-para-tartas-20-cm-h-15-cm-2\/"},"modified":"2026-03-27T17:29:50","modified_gmt":"2026-03-27T17:29:50","slug":"soporte-hexagonal-transparente-para-tartas-20-cm-h-15-cm-2","status":"publish","type":"product","link":"https:\/\/glotomania.com\/pt-pt\/p\/soporte-hexagonal-transparente-para-tartas-20-cm-h-15-cm-2\/","title":{"rendered":"Suporte Hexagonal Transparente Para Bolos &#8211; 20 Cm \/ H 15 Cm"},"content":{"rendered":"<p>&nbsp;<\/p>\n<p><span style=\"font-size:14px\">Pode ser utilizado em combina&ccedil;&atilde;o com outros suportes ou separadamente, para que possa fazer bolos em tantas camadas quantas as necess&aacute;rias.&nbsp;<\/span><\/p>\n<p><span style=\"font-size:14px\">T&ecirc;m uma base fechada e um topo aberto, para que possa colocar <strong>flores secas, decora&ccedil;&otilde;es n&atilde;o comest&iacute;veis,&#8230; e at&eacute; luzes no interior.<\/strong><\/span><\/p>\n<p><span style=\"font-size:14px\">Fabricado em material acr&iacute;lico de alta qualidade.<\/span><\/p>\n<p><span style=\"font-size:14px\"><strong>Dimens&otilde;es aproximadas: <\/strong>20 x 20 cm &#8211; A 15 cm.<\/span><\/p>\n<div>&nbsp;<\/div>\n","protected":false},"excerpt":{"rendered":"<p>Suporte hexagonal em acr\u00edlico transparente para criar bolos com v\u00e1rias camadas, ideal para colocar decora\u00e7\u00f5es no interior.<\/p>\n","protected":false},"featured_media":39207,"comment_status":"open","ping_status":"closed","template":"","meta":{"_acf_changed":false},"pwb-brand":[],"product_brand":[],"product_cat":[3093,2910,2907,3087,1768,1888,1849,1767],"product_tag":[],"class_list":{"0":"post-389994","1":"product","2":"type-product","3":"status-publish","4":"has-post-thumbnail","6":"product_cat-bases-para-bolos-2","7":"product_cat-casamentos-2","8":"product_cat-festas","9":"product_cat-ordem-e-armazenamento","10":"product_cat-bases","11":"product_cat-bodas","12":"product_cat-fiestas","13":"product_cat-utensilios","15":"first","16":"instock","17":"taxable","18":"shipping-taxable","19":"purchasable","20":"product-type-simple"},"acf":[],"df_price":28.47,"df_sale_price":"","df_regular_price":30.95,"df_image_link":"https:\/\/glotomania.com\/wp-content\/uploads\/2024\/04\/img_23905_e799699fdef45eda6b10affa414cdbff_1-300x300.png","brands":[],"_links":{"self":[{"href":"https:\/\/glotomania.com\/pt-pt\/wp-json\/wp\/v2\/product\/389994","targetHints":{"allow":["GET"]}}],"collection":[{"href":"https:\/\/glotomania.com\/pt-pt\/wp-json\/wp\/v2\/product"}],"about":[{"href":"https:\/\/glotomania.com\/pt-pt\/wp-json\/wp\/v2\/types\/product"}],"replies":[{"embeddable":true,"href":"https:\/\/glotomania.com\/pt-pt\/wp-json\/wp\/v2\/comments?post=389994"}],"wp:featuredmedia":[{"embeddable":true,"href":"https:\/\/glotomania.com\/pt-pt\/wp-json\/wp\/v2\/media\/39207"}],"wp:attachment":[{"href":"https:\/\/glotomania.com\/pt-pt\/wp-json\/wp\/v2\/media?parent=389994"}],"wp:term":[{"taxonomy":"pwb-brand","embeddable":true,"href":"https:\/\/glotomania.com\/pt-pt\/wp-json\/wp\/v2\/pwb-brand?post=389994"},{"taxonomy":"product_brand","embeddable":true,"href":"https:\/\/glotomania.com\/pt-pt\/wp-json\/wp\/v2\/product_brand?post=389994"},{"taxonomy":"product_cat","embeddable":true,"href":"https:\/\/glotomania.com\/pt-pt\/wp-json\/wp\/v2\/product_cat?post=389994"},{"taxonomy":"product_tag","embeddable":true,"href":"https:\/\/glotomania.com\/pt-pt\/wp-json\/wp\/v2\/product_tag?post=389994"}],"curies":[{"name":"wp","href":"https:\/\/api.w.org\/{rel}","templated":true}]}}