{"id":390004,"date":"2025-09-02T10:53:18","date_gmt":"2025-09-02T10:53:18","guid":{"rendered":"https:\/\/glotomania.com\/p\/sprinkles-funcakes-confeti-alfabeto-65-g-2\/"},"modified":"2026-04-29T17:19:56","modified_gmt":"2026-04-29T17:19:56","slug":"sprinkles-funcakes-confeti-alfabeto-65-g-2","status":"publish","type":"product","link":"https:\/\/glotomania.com\/pt-pt\/p\/sprinkles-funcakes-confeti-alfabeto-65-g-2\/","title":{"rendered":"Sprinkles Funcakes &#8211; Confetti Alfab\u00c9tico (65 G)"},"content":{"rendered":"<p>&nbsp;<\/p>\n<p><span style=\"font-size:14px\">Inclui paus de a&ccedil;&uacute;car XL laranja e azul, p&eacute;rolas verdes e vermelhas e letras do alfabeto amarelas.<\/span><\/p>\n","protected":false},"excerpt":{"rendered":"<p>Mistura de decora\u00e7\u00f5es comest\u00edveis Funcakes, ideal para decorar as nossas cria\u00e7\u00f5es com as letras do alfabeto.<\/p>\n","protected":false},"featured_media":39212,"comment_status":"open","ping_status":"closed","template":"","meta":{"_acf_changed":false},"pwb-brand":[],"product_brand":[],"product_cat":[1839,1840,2979,2982,1832,2907,1845,2996,1849,3001],"product_tag":[],"class_list":{"0":"post-390004","1":"product","2":"type-product","3":"status-publish","4":"has-post-thumbnail","6":"product_cat-decoracion-comestible","7":"product_cat-decoraciones-azucar-comestibles","8":"product_cat-decoracoes-comestiveis-2","9":"product_cat-decoracoes-de-acucar","10":"product_cat-diestas-especiales","11":"product_cat-festas","12":"product_cat-dieta-sin-e-171","13":"product_cat-produtos-vegetarianos","14":"product_cat-fiestas","15":"product_cat-sem-e-171-2","17":"first","18":"instock","19":"taxable","20":"shipping-taxable","21":"purchasable","22":"product-type-simple"},"acf":[],"df_price":3.25,"df_sale_price":"","df_regular_price":3.25,"df_image_link":"https:\/\/glotomania.com\/wp-content\/uploads\/2024\/05\/img_23984_a4e8635a34e022b90ab1820a586b9c0b_1-300x300.png","brands":[],"_links":{"self":[{"href":"https:\/\/glotomania.com\/pt-pt\/wp-json\/wp\/v2\/product\/390004","targetHints":{"allow":["GET"]}}],"collection":[{"href":"https:\/\/glotomania.com\/pt-pt\/wp-json\/wp\/v2\/product"}],"about":[{"href":"https:\/\/glotomania.com\/pt-pt\/wp-json\/wp\/v2\/types\/product"}],"replies":[{"embeddable":true,"href":"https:\/\/glotomania.com\/pt-pt\/wp-json\/wp\/v2\/comments?post=390004"}],"wp:featuredmedia":[{"embeddable":true,"href":"https:\/\/glotomania.com\/pt-pt\/wp-json\/wp\/v2\/media\/39212"}],"wp:attachment":[{"href":"https:\/\/glotomania.com\/pt-pt\/wp-json\/wp\/v2\/media?parent=390004"}],"wp:term":[{"taxonomy":"pwb-brand","embeddable":true,"href":"https:\/\/glotomania.com\/pt-pt\/wp-json\/wp\/v2\/pwb-brand?post=390004"},{"taxonomy":"product_brand","embeddable":true,"href":"https:\/\/glotomania.com\/pt-pt\/wp-json\/wp\/v2\/product_brand?post=390004"},{"taxonomy":"product_cat","embeddable":true,"href":"https:\/\/glotomania.com\/pt-pt\/wp-json\/wp\/v2\/product_cat?post=390004"},{"taxonomy":"product_tag","embeddable":true,"href":"https:\/\/glotomania.com\/pt-pt\/wp-json\/wp\/v2\/product_tag?post=390004"}],"curies":[{"name":"wp","href":"https:\/\/api.w.org\/{rel}","templated":true}]}}