{"id":390012,"date":"2025-09-02T10:53:47","date_gmt":"2025-09-02T10:53:47","guid":{"rendered":"https:\/\/glotomania.com\/p\/aroma-en-pasta-chefdelice-pistacho-50-g-2\/"},"modified":"2026-04-05T22:35:59","modified_gmt":"2026-04-05T22:35:59","slug":"aroma-en-pasta-chefdelice-pistacho-50-g-2","status":"publish","type":"product","link":"https:\/\/glotomania.com\/pt-pt\/p\/aroma-en-pasta-chefdelice-pistacho-50-g-2\/","title":{"rendered":"Aroma Em Pasta Chefdelice &#8211; Pist\u00c1chio 50 G"},"content":{"rendered":"<p>\n<span style=\"font-size:14px\">Aroma emulsionado numa pasta muito resistente &agrave; cozedura. Gra&ccedil;as &agrave;s suas qualidades, o aroma &eacute; encapsulado em estabilizadores naturais, evitando a perda de sabor devido a altas temperaturas, formulado numa base aquosa e lipossol&uacute;vel.&nbsp;<\/span><\/p>\n<p><span style=\"font-size:14px\">T&ecirc;m uma textura pastosa que, para al&eacute;m de dar sabor &agrave;s nossas cria&ccedil;&otilde;es, tamb&eacute;m lhes confere cor.<\/span><\/p>\n<p><span style=\"font-size:14px\">Podem ser utilizadas em prepara&ccedil;&otilde;es frias, como batidos, gelados, refrigerantes,&#8230; A simples adi&ccedil;&atilde;o da pasta aromatizante ao leite permite obter um batido rico e saboroso.<\/span><\/p>\n<p><strong><span style=\"font-size:14px\">Dosagem recomendada:<\/span><\/strong><\/p>\n<p><span style=\"font-size:14px\">Adicionar entre 4 &#8211; 7 g de aromatizante por 1 kg de massa ou prepara&ccedil;&atilde;o a aromatizar.<\/span><\/p>\n","protected":false},"excerpt":{"rendered":"<p>Aroma em pasta alimentar que d\u00e1 cor e um sabor delicioso \u00e0s nossas cria\u00e7\u00f5es.<\/p>\n","protected":false},"featured_media":39292,"comment_status":"open","ping_status":"closed","template":"","meta":{"_acf_changed":false,"_joinchat":[]},"pwb-brand":[],"product_brand":[],"product_cat":[2943,2950,2996,3002,3004,1831,1830,1832,1896,1833],"product_tag":[],"class_list":{"0":"post-390012","1":"product","2":"type-product","3":"status-publish","4":"has-post-thumbnail","6":"product_cat-aromas-e-extractos","7":"product_cat-aromas-liquidos-2","8":"product_cat-produtos-vegetarianos","9":"product_cat-sem-acucar","10":"product_cat-sem-gluten-2","11":"product_cat-aroma-liquido","12":"product_cat-aromas-y-extractos","13":"product_cat-diestas-especiales","14":"product_cat-dieta-sin-azucar","15":"product_cat-dieta-sin-gluten","17":"first","18":"instock","19":"taxable","20":"shipping-taxable","21":"purchasable","22":"product-type-simple"},"acf":[],"df_price":3.95,"df_sale_price":"","df_regular_price":3.95,"df_image_link":"https:\/\/glotomania.com\/wp-content\/uploads\/2024\/05\/img_24061_fa383ae93e11ef31702d03d5210d9b88_1-300x300.png","brands":[],"_links":{"self":[{"href":"https:\/\/glotomania.com\/pt-pt\/wp-json\/wp\/v2\/product\/390012","targetHints":{"allow":["GET"]}}],"collection":[{"href":"https:\/\/glotomania.com\/pt-pt\/wp-json\/wp\/v2\/product"}],"about":[{"href":"https:\/\/glotomania.com\/pt-pt\/wp-json\/wp\/v2\/types\/product"}],"replies":[{"embeddable":true,"href":"https:\/\/glotomania.com\/pt-pt\/wp-json\/wp\/v2\/comments?post=390012"}],"wp:featuredmedia":[{"embeddable":true,"href":"https:\/\/glotomania.com\/pt-pt\/wp-json\/wp\/v2\/media\/39292"}],"wp:attachment":[{"href":"https:\/\/glotomania.com\/pt-pt\/wp-json\/wp\/v2\/media?parent=390012"}],"wp:term":[{"taxonomy":"pwb-brand","embeddable":true,"href":"https:\/\/glotomania.com\/pt-pt\/wp-json\/wp\/v2\/pwb-brand?post=390012"},{"taxonomy":"product_brand","embeddable":true,"href":"https:\/\/glotomania.com\/pt-pt\/wp-json\/wp\/v2\/product_brand?post=390012"},{"taxonomy":"product_cat","embeddable":true,"href":"https:\/\/glotomania.com\/pt-pt\/wp-json\/wp\/v2\/product_cat?post=390012"},{"taxonomy":"product_tag","embeddable":true,"href":"https:\/\/glotomania.com\/pt-pt\/wp-json\/wp\/v2\/product_tag?post=390012"}],"curies":[{"name":"wp","href":"https:\/\/api.w.org\/{rel}","templated":true}]}}