{"id":390016,"date":"2025-09-02T10:54:31","date_gmt":"2025-09-02T10:54:31","guid":{"rendered":"https:\/\/glotomania.com\/p\/soporte-dorado-con-tapa-transparente-para-12-macarons-2\/"},"modified":"2026-03-11T00:04:34","modified_gmt":"2026-03-11T00:04:34","slug":"soporte-dorado-con-tapa-transparente-para-12-macarons-2","status":"publish","type":"product","link":"https:\/\/glotomania.com\/pt-pt\/p\/soporte-dorado-con-tapa-transparente-para-12-macarons-2\/","title":{"rendered":"Base Dourada Com Tampa Transparente Para 12 Macarons"},"content":{"rendered":"<p>&nbsp;<\/p>\n<p><span style=\"font-size:14px\">Fabricado em pl&aacute;stico de alta qualidade, adequado para uso alimentar.&nbsp;<\/span><\/p>\n<p><span style=\"font-size:14px\"><strong>Medidas: <\/strong>Caixa 26,2 x 13,8 x 5 cm &#8211; <strong>Cavidade para macarons:<\/strong> 2,8 x 5 cm.<\/span><\/p>\n","protected":false},"excerpt":{"rendered":"<p>Inclui uma base dourada brilhante e uma tampa de pl\u00e1stico transparente, ideal para apresentar e transportar os nossos macarons em perfeitas condi\u00e7\u00f5es.<\/p>\n","protected":false},"featured_media":35452,"comment_status":"open","ping_status":"closed","template":"","meta":{"_acf_changed":false},"pwb-brand":[],"product_brand":[],"product_cat":[3158,3174,3087,1786,1782,1767],"product_tag":[],"class_list":{"0":"post-390016","1":"product","2":"type-product","3":"status-publish","4":"has-post-thumbnail","6":"product_cat-caixas-de-pastelaria","7":"product_cat-caixas-para-macarons-2","8":"product_cat-ordem-e-armazenamento","9":"product_cat-cajas-macarons","10":"product_cat-cajas","11":"product_cat-utensilios","13":"first","14":"instock","15":"taxable","16":"shipping-taxable","17":"purchasable","18":"product-type-simple"},"acf":[],"df_price":1.9,"df_sale_price":"","df_regular_price":1.9,"df_image_link":"https:\/\/glotomania.com\/wp-content\/uploads\/2024\/05\/img_24132_cfd293a75d5f4ae0d823b1dd31c23382_1-300x300.png","brands":[],"_links":{"self":[{"href":"https:\/\/glotomania.com\/pt-pt\/wp-json\/wp\/v2\/product\/390016","targetHints":{"allow":["GET"]}}],"collection":[{"href":"https:\/\/glotomania.com\/pt-pt\/wp-json\/wp\/v2\/product"}],"about":[{"href":"https:\/\/glotomania.com\/pt-pt\/wp-json\/wp\/v2\/types\/product"}],"replies":[{"embeddable":true,"href":"https:\/\/glotomania.com\/pt-pt\/wp-json\/wp\/v2\/comments?post=390016"}],"wp:featuredmedia":[{"embeddable":true,"href":"https:\/\/glotomania.com\/pt-pt\/wp-json\/wp\/v2\/media\/35452"}],"wp:attachment":[{"href":"https:\/\/glotomania.com\/pt-pt\/wp-json\/wp\/v2\/media?parent=390016"}],"wp:term":[{"taxonomy":"pwb-brand","embeddable":true,"href":"https:\/\/glotomania.com\/pt-pt\/wp-json\/wp\/v2\/pwb-brand?post=390016"},{"taxonomy":"product_brand","embeddable":true,"href":"https:\/\/glotomania.com\/pt-pt\/wp-json\/wp\/v2\/product_brand?post=390016"},{"taxonomy":"product_cat","embeddable":true,"href":"https:\/\/glotomania.com\/pt-pt\/wp-json\/wp\/v2\/product_cat?post=390016"},{"taxonomy":"product_tag","embeddable":true,"href":"https:\/\/glotomania.com\/pt-pt\/wp-json\/wp\/v2\/product_tag?post=390016"}],"curies":[{"name":"wp","href":"https:\/\/api.w.org\/{rel}","templated":true}]}}