{"id":390023,"date":"2025-09-02T10:54:43","date_gmt":"2025-09-02T10:54:43","guid":{"rendered":"https:\/\/glotomania.com\/p\/flores-de-papel-de-oblea-funcakes-hojas-verdes-2\/"},"modified":"2026-04-15T20:23:56","modified_gmt":"2026-04-15T20:23:56","slug":"flores-de-papel-de-oblea-funcakes-hojas-verdes-2","status":"publish","type":"product","link":"https:\/\/glotomania.com\/pt-pt\/p\/flores-de-papel-de-oblea-funcakes-hojas-verdes-2\/","title":{"rendered":"Flores De Papel Wafer Funcakes &#8211; Folhas Verdes"},"content":{"rendered":"<div>\n<p>&nbsp;<\/p>\n<p><span style=\"font-size:14px\">Decore os seus cupcakes ou bolos com estas fant&aacute;sticas flores de papel comest&iacute;vel da Funcakes, <strong>estaladi&ccedil;as <\/strong>e <strong>resistentes <\/strong>gra&ccedil;as ao facto de serem maioritariamente feitas de milho.<\/span><\/p>\n<p><span style=\"font-size:14px\">Inclui 50 folhas de papel de h&oacute;stia comest&iacute;vel verde, com um bonito desenho para as nossas flores comest&iacute;veis.&nbsp;<\/span><\/p>\n<\/div>\n","protected":false},"excerpt":{"rendered":"<p>Inclui 50 folhas de papel de h\u00f3stia comest\u00edvel verde, com um bonito desenho para as nossas flores comest\u00edveis.<\/p>\n","protected":false},"featured_media":39408,"comment_status":"open","ping_status":"closed","template":"","meta":{"_acf_changed":false},"pwb-brand":[],"product_brand":[],"product_cat":[2979,2990,2992,2997,2996,3001,1839,1832,1996,1997,1901,1845],"product_tag":[],"class_list":{"0":"post-390023","1":"product","2":"type-product","3":"status-publish","4":"has-post-thumbnail","6":"product_cat-decoracoes-comestiveis-2","7":"product_cat-flores-comestiveis-para-bolos-2","8":"product_cat-flores-de-wafer","9":"product_cat-halal","10":"product_cat-produtos-vegetarianos","11":"product_cat-sem-e-171-2","12":"product_cat-decoracion-comestible","13":"product_cat-diestas-especiales","14":"product_cat-flores","15":"product_cat-flores-oblea","16":"product_cat-dieta-halal","17":"product_cat-dieta-sin-e-171","19":"first","20":"instock","21":"taxable","22":"shipping-taxable","23":"purchasable","24":"product-type-simple"},"acf":[],"df_price":2.5,"df_sale_price":"","df_regular_price":2.5,"df_image_link":"https:\/\/glotomania.com\/wp-content\/uploads\/2024\/06\/img_24201_c660c1bbb7aeccdb856a174fa63d2e07_1-300x300.png","brands":[],"_links":{"self":[{"href":"https:\/\/glotomania.com\/pt-pt\/wp-json\/wp\/v2\/product\/390023","targetHints":{"allow":["GET"]}}],"collection":[{"href":"https:\/\/glotomania.com\/pt-pt\/wp-json\/wp\/v2\/product"}],"about":[{"href":"https:\/\/glotomania.com\/pt-pt\/wp-json\/wp\/v2\/types\/product"}],"replies":[{"embeddable":true,"href":"https:\/\/glotomania.com\/pt-pt\/wp-json\/wp\/v2\/comments?post=390023"}],"wp:featuredmedia":[{"embeddable":true,"href":"https:\/\/glotomania.com\/pt-pt\/wp-json\/wp\/v2\/media\/39408"}],"wp:attachment":[{"href":"https:\/\/glotomania.com\/pt-pt\/wp-json\/wp\/v2\/media?parent=390023"}],"wp:term":[{"taxonomy":"pwb-brand","embeddable":true,"href":"https:\/\/glotomania.com\/pt-pt\/wp-json\/wp\/v2\/pwb-brand?post=390023"},{"taxonomy":"product_brand","embeddable":true,"href":"https:\/\/glotomania.com\/pt-pt\/wp-json\/wp\/v2\/product_brand?post=390023"},{"taxonomy":"product_cat","embeddable":true,"href":"https:\/\/glotomania.com\/pt-pt\/wp-json\/wp\/v2\/product_cat?post=390023"},{"taxonomy":"product_tag","embeddable":true,"href":"https:\/\/glotomania.com\/pt-pt\/wp-json\/wp\/v2\/product_tag?post=390023"}],"curies":[{"name":"wp","href":"https:\/\/api.w.org\/{rel}","templated":true}]}}