{"id":390024,"date":"2025-09-02T10:54:44","date_gmt":"2025-09-02T10:54:44","guid":{"rendered":"https:\/\/glotomania.com\/p\/flores-de-papel-de-oblea-funcakes-rosas-2\/"},"modified":"2026-04-15T20:22:40","modified_gmt":"2026-04-15T20:22:40","slug":"flores-de-papel-de-oblea-funcakes-rosas-2","status":"publish","type":"product","link":"https:\/\/glotomania.com\/pt-pt\/p\/flores-de-papel-de-oblea-funcakes-rosas-2\/","title":{"rendered":"Flores De Papel De Oblea Funcakes &#8211; Margaritas"},"content":{"rendered":"<p>&nbsp;<\/p>\n<p><span style=\"font-size:14px\">Decore os seus cupcakes ou bolos com estas fant&aacute;sticas flores de papel comest&iacute;vel da Funcakes, estaladi&ccedil;as e resistentes gra&ccedil;as ao facto de serem feitas principalmente de milho.<\/span><\/p>\n","protected":false},"excerpt":{"rendered":"<p>Inclui 6 flores de papel de h\u00f3stia comest\u00edveis, com um bonito e fant\u00e1stico desenho de rosas.<\/p>\n","protected":false},"featured_media":39409,"comment_status":"open","ping_status":"closed","template":"","meta":{"_acf_changed":false},"pwb-brand":[],"product_brand":[],"product_cat":[1839,2979,1832,1996,2990,1997,2992,2997,1901,1845,2996,3001],"product_tag":[],"class_list":{"0":"post-390024","1":"product","2":"type-product","3":"status-publish","4":"has-post-thumbnail","6":"product_cat-decoracion-comestible","7":"product_cat-decoracoes-comestiveis-2","8":"product_cat-diestas-especiales","9":"product_cat-flores","10":"product_cat-flores-comestiveis-para-bolos-2","11":"product_cat-flores-oblea","12":"product_cat-flores-de-wafer","13":"product_cat-halal","14":"product_cat-dieta-halal","15":"product_cat-dieta-sin-e-171","16":"product_cat-produtos-vegetarianos","17":"product_cat-sem-e-171-2","19":"first","20":"instock","21":"taxable","22":"shipping-taxable","23":"purchasable","24":"product-type-simple"},"acf":[],"df_price":4.5,"df_sale_price":"","df_regular_price":4.5,"df_image_link":"https:\/\/glotomania.com\/wp-content\/uploads\/2024\/06\/img_24203_84c9e763528d52f18d2e1efc9a6277b3_1-300x300.png","brands":[],"_links":{"self":[{"href":"https:\/\/glotomania.com\/pt-pt\/wp-json\/wp\/v2\/product\/390024","targetHints":{"allow":["GET"]}}],"collection":[{"href":"https:\/\/glotomania.com\/pt-pt\/wp-json\/wp\/v2\/product"}],"about":[{"href":"https:\/\/glotomania.com\/pt-pt\/wp-json\/wp\/v2\/types\/product"}],"replies":[{"embeddable":true,"href":"https:\/\/glotomania.com\/pt-pt\/wp-json\/wp\/v2\/comments?post=390024"}],"wp:featuredmedia":[{"embeddable":true,"href":"https:\/\/glotomania.com\/pt-pt\/wp-json\/wp\/v2\/media\/39409"}],"wp:attachment":[{"href":"https:\/\/glotomania.com\/pt-pt\/wp-json\/wp\/v2\/media?parent=390024"}],"wp:term":[{"taxonomy":"pwb-brand","embeddable":true,"href":"https:\/\/glotomania.com\/pt-pt\/wp-json\/wp\/v2\/pwb-brand?post=390024"},{"taxonomy":"product_brand","embeddable":true,"href":"https:\/\/glotomania.com\/pt-pt\/wp-json\/wp\/v2\/product_brand?post=390024"},{"taxonomy":"product_cat","embeddable":true,"href":"https:\/\/glotomania.com\/pt-pt\/wp-json\/wp\/v2\/product_cat?post=390024"},{"taxonomy":"product_tag","embeddable":true,"href":"https:\/\/glotomania.com\/pt-pt\/wp-json\/wp\/v2\/product_tag?post=390024"}],"curies":[{"name":"wp","href":"https:\/\/api.w.org\/{rel}","templated":true}]}}