{"id":390030,"date":"2025-09-02T10:54:50","date_gmt":"2025-09-02T10:54:50","guid":{"rendered":"https:\/\/glotomania.com\/p\/flor-de-oblea-gigante-dekora-dalia-color-rosado-2\/"},"modified":"2026-03-11T00:05:41","modified_gmt":"2026-03-11T00:05:41","slug":"flor-de-oblea-gigante-dekora-dalia-color-rosado-2","status":"publish","type":"product","link":"https:\/\/glotomania.com\/pt-pt\/p\/flor-de-oblea-gigante-dekora-dalia-color-rosado-2\/","title":{"rendered":"Flor Gigante Em Folha De Wafer Dekora &#8211; Dalia (cor De Rosa)"},"content":{"rendered":"<p>&nbsp;<\/p>\n<p><span style=\"font-size: 14px\"><strong>Dim. aproximada:<\/strong>&nbsp;12,5 cm.<\/span><\/p>\n<p><em><span style=\"font-size: 14px\">Inclui 1 flor.<\/span><\/em><\/p>\n","protected":false},"excerpt":{"rendered":"<p>Decorar facilmente com esta flore gigante de wafer, perfeitas para dar um toque elegante e floral \u00e0s nossas elabora\u00e7\u00f5es.<\/p>\n","protected":false},"featured_media":39419,"comment_status":"open","ping_status":"closed","template":"","meta":{"_acf_changed":false},"pwb-brand":[],"product_brand":[],"product_cat":[2979,2907,2990,2992,2921,2996,3002,3001,3004,1839,1832,1996,1997,1896,1845,1833,1849,1858],"product_tag":[],"class_list":{"0":"post-390030","1":"product","2":"type-product","3":"status-publish","4":"has-post-thumbnail","6":"product_cat-decoracoes-comestiveis-2","7":"product_cat-festas","8":"product_cat-flores-comestiveis-para-bolos-2","9":"product_cat-flores-de-wafer","10":"product_cat-pascoa","11":"product_cat-produtos-vegetarianos","12":"product_cat-sem-acucar","13":"product_cat-sem-e-171-2","14":"product_cat-sem-gluten-2","15":"product_cat-decoracion-comestible","16":"product_cat-diestas-especiales","17":"product_cat-flores","18":"product_cat-flores-oblea","19":"product_cat-dieta-sin-azucar","20":"product_cat-dieta-sin-e-171","21":"product_cat-dieta-sin-gluten","22":"product_cat-fiestas","23":"product_cat-pascua","25":"first","26":"instock","27":"taxable","28":"shipping-taxable","29":"purchasable","30":"product-type-simple"},"acf":[],"df_price":8.95,"df_sale_price":"","df_regular_price":8.95,"df_image_link":"https:\/\/glotomania.com\/wp-content\/uploads\/2024\/06\/img_24227_3160e4e4c40330f675784e18dea12fc2_1-300x300.png","brands":[],"_links":{"self":[{"href":"https:\/\/glotomania.com\/pt-pt\/wp-json\/wp\/v2\/product\/390030","targetHints":{"allow":["GET"]}}],"collection":[{"href":"https:\/\/glotomania.com\/pt-pt\/wp-json\/wp\/v2\/product"}],"about":[{"href":"https:\/\/glotomania.com\/pt-pt\/wp-json\/wp\/v2\/types\/product"}],"replies":[{"embeddable":true,"href":"https:\/\/glotomania.com\/pt-pt\/wp-json\/wp\/v2\/comments?post=390030"}],"wp:featuredmedia":[{"embeddable":true,"href":"https:\/\/glotomania.com\/pt-pt\/wp-json\/wp\/v2\/media\/39419"}],"wp:attachment":[{"href":"https:\/\/glotomania.com\/pt-pt\/wp-json\/wp\/v2\/media?parent=390030"}],"wp:term":[{"taxonomy":"pwb-brand","embeddable":true,"href":"https:\/\/glotomania.com\/pt-pt\/wp-json\/wp\/v2\/pwb-brand?post=390030"},{"taxonomy":"product_brand","embeddable":true,"href":"https:\/\/glotomania.com\/pt-pt\/wp-json\/wp\/v2\/product_brand?post=390030"},{"taxonomy":"product_cat","embeddable":true,"href":"https:\/\/glotomania.com\/pt-pt\/wp-json\/wp\/v2\/product_cat?post=390030"},{"taxonomy":"product_tag","embeddable":true,"href":"https:\/\/glotomania.com\/pt-pt\/wp-json\/wp\/v2\/product_tag?post=390030"}],"curies":[{"name":"wp","href":"https:\/\/api.w.org\/{rel}","templated":true}]}}