{"id":390031,"date":"2025-09-02T10:54:51","date_gmt":"2025-09-02T10:54:51","guid":{"rendered":"https:\/\/glotomania.com\/p\/flores-de-oblea-dekora-orquidea-azul-2\/"},"modified":"2026-03-11T00:05:43","modified_gmt":"2026-03-11T00:05:43","slug":"flores-de-oblea-dekora-orquidea-azul-2","status":"publish","type":"product","link":"https:\/\/glotomania.com\/pt-pt\/p\/flores-de-oblea-dekora-orquidea-azul-2\/","title":{"rendered":"Flores Em Folhas De Wafer Dekora &#8211; Orqu\u00cddea Azul"},"content":{"rendered":"<p>&nbsp;<\/p>\n<p><span style=\"font-size: 14px\"><strong>Dimens&otilde;es aproximadas:<\/strong>&nbsp;7,5 x 8,5 cm.<\/span><\/p>\n<p><em><span style=\"font-size: 14px\">Inclui 10 orqu&iacute;deas.<\/span><\/em><\/p>\n","protected":false},"excerpt":{"rendered":"<p>Decorar facilmente com estas orqu\u00eddeas de wafer, perfeitas para dar um toque elegante e floral \u00e0s nossas elabora\u00e7\u00f5es.<\/p>\n","protected":false},"featured_media":38861,"comment_status":"open","ping_status":"closed","template":"","meta":{"_acf_changed":false,"_joinchat":[]},"pwb-brand":[],"product_brand":[],"product_cat":[2979,2916,2907,2990,2992,2921,2996,3002,3001,3004,1839,1832,1996,1997,1896,1845,1833,1951,1849,1858],"product_tag":[],"class_list":{"0":"post-390031","1":"product","2":"type-product","3":"status-publish","4":"has-post-thumbnail","6":"product_cat-decoracoes-comestiveis-2","7":"product_cat-dia-dos-pais-2","8":"product_cat-festas","9":"product_cat-flores-comestiveis-para-bolos-2","10":"product_cat-flores-de-wafer","11":"product_cat-pascoa","12":"product_cat-produtos-vegetarianos","13":"product_cat-sem-acucar","14":"product_cat-sem-e-171-2","15":"product_cat-sem-gluten-2","16":"product_cat-decoracion-comestible","17":"product_cat-diestas-especiales","18":"product_cat-flores","19":"product_cat-flores-oblea","20":"product_cat-dieta-sin-azucar","21":"product_cat-dieta-sin-e-171","22":"product_cat-dieta-sin-gluten","23":"product_cat-dia-del-padre","24":"product_cat-fiestas","25":"product_cat-pascua","27":"first","28":"instock","29":"taxable","30":"shipping-taxable","31":"purchasable","32":"product-type-simple"},"acf":[],"df_price":9.51,"df_sale_price":"","df_regular_price":9.51,"df_image_link":"https:\/\/glotomania.com\/wp-content\/uploads\/2024\/06\/img_24229_476d65f6cd99fe4fe4bb39868b64318c_1-300x300.png","brands":[],"_links":{"self":[{"href":"https:\/\/glotomania.com\/pt-pt\/wp-json\/wp\/v2\/product\/390031","targetHints":{"allow":["GET"]}}],"collection":[{"href":"https:\/\/glotomania.com\/pt-pt\/wp-json\/wp\/v2\/product"}],"about":[{"href":"https:\/\/glotomania.com\/pt-pt\/wp-json\/wp\/v2\/types\/product"}],"replies":[{"embeddable":true,"href":"https:\/\/glotomania.com\/pt-pt\/wp-json\/wp\/v2\/comments?post=390031"}],"wp:featuredmedia":[{"embeddable":true,"href":"https:\/\/glotomania.com\/pt-pt\/wp-json\/wp\/v2\/media\/38861"}],"wp:attachment":[{"href":"https:\/\/glotomania.com\/pt-pt\/wp-json\/wp\/v2\/media?parent=390031"}],"wp:term":[{"taxonomy":"pwb-brand","embeddable":true,"href":"https:\/\/glotomania.com\/pt-pt\/wp-json\/wp\/v2\/pwb-brand?post=390031"},{"taxonomy":"product_brand","embeddable":true,"href":"https:\/\/glotomania.com\/pt-pt\/wp-json\/wp\/v2\/product_brand?post=390031"},{"taxonomy":"product_cat","embeddable":true,"href":"https:\/\/glotomania.com\/pt-pt\/wp-json\/wp\/v2\/product_cat?post=390031"},{"taxonomy":"product_tag","embeddable":true,"href":"https:\/\/glotomania.com\/pt-pt\/wp-json\/wp\/v2\/product_tag?post=390031"}],"curies":[{"name":"wp","href":"https:\/\/api.w.org\/{rel}","templated":true}]}}