{"id":390032,"date":"2025-09-02T10:54:51","date_gmt":"2025-09-02T10:54:51","guid":{"rendered":"https:\/\/glotomania.com\/p\/flores-de-oblea-dekora-orquidea-amarilla-3\/"},"modified":"2026-03-11T00:05:45","modified_gmt":"2026-03-11T00:05:45","slug":"flores-de-oblea-dekora-orquidea-amarilla-3-2","status":"publish","type":"product","link":"https:\/\/glotomania.com\/pt-pt\/p\/flores-de-oblea-dekora-orquidea-amarilla-3-2\/","title":{"rendered":"Flores Em Folhas De Wafer Dekora &#8211; Orqu\u00cddea Amarelo"},"content":{"rendered":"<p>&nbsp;<\/p>\n<p><span style=\"font-size: 14px\"><strong>Dimens&otilde;es aproximadas:<\/strong>&nbsp;7,5 x 8,5 cm.<\/span><\/p>\n<p><em><span style=\"font-size: 14px\">Inclui 10 orqu&iacute;deas.<\/span><\/em><\/p>\n","protected":false},"excerpt":{"rendered":"<p>Decorar facilmente com estas orqu\u00eddeas de wafer, perfeitas para dar um toque elegante e floral \u00e0s nossas elabora\u00e7\u00f5es.<\/p>\n","protected":false},"featured_media":39420,"comment_status":"open","ping_status":"closed","template":"","meta":{"_acf_changed":false},"pwb-brand":[],"product_brand":[],"product_cat":[1839,2979,1832,2907,1996,2990,1997,2992,1896,1845,1833,2921,2996,1849,1858,3002,3001,3004],"product_tag":[],"class_list":{"0":"post-390032","1":"product","2":"type-product","3":"status-publish","4":"has-post-thumbnail","6":"product_cat-decoracion-comestible","7":"product_cat-decoracoes-comestiveis-2","8":"product_cat-diestas-especiales","9":"product_cat-festas","10":"product_cat-flores","11":"product_cat-flores-comestiveis-para-bolos-2","12":"product_cat-flores-oblea","13":"product_cat-flores-de-wafer","14":"product_cat-dieta-sin-azucar","15":"product_cat-dieta-sin-e-171","16":"product_cat-dieta-sin-gluten","17":"product_cat-pascoa","18":"product_cat-produtos-vegetarianos","19":"product_cat-fiestas","20":"product_cat-pascua","21":"product_cat-sem-acucar","22":"product_cat-sem-e-171-2","23":"product_cat-sem-gluten-2","25":"first","26":"instock","27":"taxable","28":"shipping-taxable","29":"purchasable","30":"product-type-simple"},"acf":[],"df_price":8.95,"df_sale_price":"","df_regular_price":8.95,"df_image_link":"https:\/\/glotomania.com\/wp-content\/uploads\/2024\/06\/img_24231_4626c2e545170188a2bf378593039204_1-300x300.png","brands":[],"_links":{"self":[{"href":"https:\/\/glotomania.com\/pt-pt\/wp-json\/wp\/v2\/product\/390032","targetHints":{"allow":["GET"]}}],"collection":[{"href":"https:\/\/glotomania.com\/pt-pt\/wp-json\/wp\/v2\/product"}],"about":[{"href":"https:\/\/glotomania.com\/pt-pt\/wp-json\/wp\/v2\/types\/product"}],"replies":[{"embeddable":true,"href":"https:\/\/glotomania.com\/pt-pt\/wp-json\/wp\/v2\/comments?post=390032"}],"wp:featuredmedia":[{"embeddable":true,"href":"https:\/\/glotomania.com\/pt-pt\/wp-json\/wp\/v2\/media\/39420"}],"wp:attachment":[{"href":"https:\/\/glotomania.com\/pt-pt\/wp-json\/wp\/v2\/media?parent=390032"}],"wp:term":[{"taxonomy":"pwb-brand","embeddable":true,"href":"https:\/\/glotomania.com\/pt-pt\/wp-json\/wp\/v2\/pwb-brand?post=390032"},{"taxonomy":"product_brand","embeddable":true,"href":"https:\/\/glotomania.com\/pt-pt\/wp-json\/wp\/v2\/product_brand?post=390032"},{"taxonomy":"product_cat","embeddable":true,"href":"https:\/\/glotomania.com\/pt-pt\/wp-json\/wp\/v2\/product_cat?post=390032"},{"taxonomy":"product_tag","embeddable":true,"href":"https:\/\/glotomania.com\/pt-pt\/wp-json\/wp\/v2\/product_tag?post=390032"}],"curies":[{"name":"wp","href":"https:\/\/api.w.org\/{rel}","templated":true}]}}