{"id":390035,"date":"2025-09-02T10:54:54","date_gmt":"2025-09-02T10:54:54","guid":{"rendered":"https:\/\/glotomania.com\/p\/flor-de-oblea-gigante-dekora-flor-de-otono-color-pastel-2\/"},"modified":"2026-03-11T00:05:51","modified_gmt":"2026-03-11T00:05:51","slug":"flor-de-oblea-gigante-dekora-flor-de-otono-color-pastel-2","status":"publish","type":"product","link":"https:\/\/glotomania.com\/pt-pt\/p\/flor-de-oblea-gigante-dekora-flor-de-otono-color-pastel-2\/","title":{"rendered":"Flor Gigante Em Folha De Wafer Dekora &#8211; Flor De Outono (cor Pastel)"},"content":{"rendered":"<p>&nbsp;<\/p>\n<p><span style=\"font-size: 14px\"><strong>Dim. aproximada:<\/strong>&nbsp;12,5 cm.<\/span><\/p>\n<p><em><span style=\"font-size: 14px\">Inclui 1 flor.<\/span><\/em><\/p>\n","protected":false},"excerpt":{"rendered":"<p>Decorar facilmente com esta flore gigante de wafer, perfeitas para dar um toque elegante e floral \u00e0s nossas elabora\u00e7\u00f5es.<\/p>\n","protected":false},"featured_media":39485,"comment_status":"open","ping_status":"closed","template":"","meta":{"_acf_changed":false},"pwb-brand":[],"product_brand":[],"product_cat":[2910,1839,2979,2913,1832,2907,1996,2990,1997,2992,1896,1845,1833,2921,2996,1888,1851,1849,1858,3002,3001,3004],"product_tag":[],"class_list":{"0":"post-390035","1":"product","2":"type-product","3":"status-publish","4":"has-post-thumbnail","6":"product_cat-casamentos-2","7":"product_cat-decoracion-comestible","8":"product_cat-decoracoes-comestiveis-2","9":"product_cat-dia-das-maes","10":"product_cat-diestas-especiales","11":"product_cat-festas","12":"product_cat-flores","13":"product_cat-flores-comestiveis-para-bolos-2","14":"product_cat-flores-oblea","15":"product_cat-flores-de-wafer","16":"product_cat-dieta-sin-azucar","17":"product_cat-dieta-sin-e-171","18":"product_cat-dieta-sin-gluten","19":"product_cat-pascoa","20":"product_cat-produtos-vegetarianos","21":"product_cat-bodas","22":"product_cat-dia-de-la-madre","23":"product_cat-fiestas","24":"product_cat-pascua","25":"product_cat-sem-acucar","26":"product_cat-sem-e-171-2","27":"product_cat-sem-gluten-2","29":"first","30":"instock","31":"taxable","32":"shipping-taxable","33":"purchasable","34":"product-type-simple"},"acf":[],"df_price":7.5,"df_sale_price":"","df_regular_price":7.5,"df_image_link":"https:\/\/glotomania.com\/wp-content\/uploads\/2024\/06\/img_24237_dc1f786a06229f23a60c6082e6fb2b85_1-300x300.png","brands":[],"_links":{"self":[{"href":"https:\/\/glotomania.com\/pt-pt\/wp-json\/wp\/v2\/product\/390035","targetHints":{"allow":["GET"]}}],"collection":[{"href":"https:\/\/glotomania.com\/pt-pt\/wp-json\/wp\/v2\/product"}],"about":[{"href":"https:\/\/glotomania.com\/pt-pt\/wp-json\/wp\/v2\/types\/product"}],"replies":[{"embeddable":true,"href":"https:\/\/glotomania.com\/pt-pt\/wp-json\/wp\/v2\/comments?post=390035"}],"wp:featuredmedia":[{"embeddable":true,"href":"https:\/\/glotomania.com\/pt-pt\/wp-json\/wp\/v2\/media\/39485"}],"wp:attachment":[{"href":"https:\/\/glotomania.com\/pt-pt\/wp-json\/wp\/v2\/media?parent=390035"}],"wp:term":[{"taxonomy":"pwb-brand","embeddable":true,"href":"https:\/\/glotomania.com\/pt-pt\/wp-json\/wp\/v2\/pwb-brand?post=390035"},{"taxonomy":"product_brand","embeddable":true,"href":"https:\/\/glotomania.com\/pt-pt\/wp-json\/wp\/v2\/product_brand?post=390035"},{"taxonomy":"product_cat","embeddable":true,"href":"https:\/\/glotomania.com\/pt-pt\/wp-json\/wp\/v2\/product_cat?post=390035"},{"taxonomy":"product_tag","embeddable":true,"href":"https:\/\/glotomania.com\/pt-pt\/wp-json\/wp\/v2\/product_tag?post=390035"}],"curies":[{"name":"wp","href":"https:\/\/api.w.org\/{rel}","templated":true}]}}