{"id":390038,"date":"2025-09-02T10:55:04","date_gmt":"2025-09-02T10:55:04","guid":{"rendered":"https:\/\/glotomania.com\/p\/decoraciones-de-azucar-funcakes-graduacion-2\/"},"modified":"2026-04-19T00:03:26","modified_gmt":"2026-04-19T00:03:26","slug":"decoraciones-de-azucar-funcakes-graduacion-2","status":"publish","type":"product","link":"https:\/\/glotomania.com\/pt-pt\/p\/decoraciones-de-azucar-funcakes-graduacion-2\/","title":{"rendered":"Decora\u00c7\u00d5es Em A\u00c7\u00dacar Funcakes &#8211; Gradua\u00c7\u00c3o"},"content":{"rendered":"<p>&nbsp;<\/p>\n<p><span style=\"font-size:14px\"><strong>Tamanho aproximado: <\/strong>2,5 cm &Oslash;<\/span><\/p>\n<p><span style=\"font-size:14px\">O conjunto inclui 8 pe&ccedil;as: 2 tampas, 2 copos de champanhe, 2 togas, 1 pergaminho e 1 livro.<\/span><\/p>\n","protected":false},"excerpt":{"rendered":"<p>8 Funcakes de a\u00e7\u00facar com tema de formatura de estudantes, perfeitos para dar um toque divertido e original \u00e0s nossas cria\u00e7\u00f5es.<\/p>\n","protected":false},"featured_media":36198,"comment_status":"open","ping_status":"closed","template":"","meta":{"_acf_changed":false},"pwb-brand":[],"product_brand":[],"product_cat":[2979,2907,2988,2996,3004,1839,1832,1999,1833,1849],"product_tag":[],"class_list":{"0":"post-390038","1":"product","2":"type-product","3":"status-publish","4":"has-post-thumbnail","6":"product_cat-decoracoes-comestiveis-2","7":"product_cat-festas","8":"product_cat-figuras-de-acucar-comestiveis-2","9":"product_cat-produtos-vegetarianos","10":"product_cat-sem-gluten-2","11":"product_cat-decoracion-comestible","12":"product_cat-diestas-especiales","13":"product_cat-figuras-de-azucar","14":"product_cat-dieta-sin-gluten","15":"product_cat-fiestas","17":"first","18":"instock","19":"taxable","20":"shipping-taxable","21":"purchasable","22":"product-type-simple"},"acf":[],"df_price":2.93,"df_sale_price":2.93,"df_regular_price":4.18,"df_image_link":"https:\/\/glotomania.com\/wp-content\/uploads\/2024\/06\/img_24243_f074451a63f0ea4feb65c4d283759e53_1-300x300.png","brands":[],"_links":{"self":[{"href":"https:\/\/glotomania.com\/pt-pt\/wp-json\/wp\/v2\/product\/390038","targetHints":{"allow":["GET"]}}],"collection":[{"href":"https:\/\/glotomania.com\/pt-pt\/wp-json\/wp\/v2\/product"}],"about":[{"href":"https:\/\/glotomania.com\/pt-pt\/wp-json\/wp\/v2\/types\/product"}],"replies":[{"embeddable":true,"href":"https:\/\/glotomania.com\/pt-pt\/wp-json\/wp\/v2\/comments?post=390038"}],"wp:featuredmedia":[{"embeddable":true,"href":"https:\/\/glotomania.com\/pt-pt\/wp-json\/wp\/v2\/media\/36198"}],"wp:attachment":[{"href":"https:\/\/glotomania.com\/pt-pt\/wp-json\/wp\/v2\/media?parent=390038"}],"wp:term":[{"taxonomy":"pwb-brand","embeddable":true,"href":"https:\/\/glotomania.com\/pt-pt\/wp-json\/wp\/v2\/pwb-brand?post=390038"},{"taxonomy":"product_brand","embeddable":true,"href":"https:\/\/glotomania.com\/pt-pt\/wp-json\/wp\/v2\/product_brand?post=390038"},{"taxonomy":"product_cat","embeddable":true,"href":"https:\/\/glotomania.com\/pt-pt\/wp-json\/wp\/v2\/product_cat?post=390038"},{"taxonomy":"product_tag","embeddable":true,"href":"https:\/\/glotomania.com\/pt-pt\/wp-json\/wp\/v2\/product_tag?post=390038"}],"curies":[{"name":"wp","href":"https:\/\/api.w.org\/{rel}","templated":true}]}}