{"id":390039,"date":"2025-09-02T10:55:05","date_gmt":"2025-09-02T10:55:05","guid":{"rendered":"https:\/\/glotomania.com\/p\/decoraciones-de-azucar-funcakes-vuelta-al-cole-2\/"},"modified":"2026-04-19T00:03:27","modified_gmt":"2026-04-19T00:03:27","slug":"decoraciones-de-azucar-funcakes-vuelta-al-cole-2","status":"publish","type":"product","link":"https:\/\/glotomania.com\/pt-pt\/p\/decoraciones-de-azucar-funcakes-vuelta-al-cole-2\/","title":{"rendered":"Decora\u00c7\u00d5es Em A\u00c7\u00dacar Funcakes &#8211; Volta \u00c0 Escola"},"content":{"rendered":"<p>&nbsp;<\/p>\n<p><span style=\"font-size:14px\">\u200bO conjunto inclui 8 pe&ccedil;as: 2 mochilas, 1 calculadora, 1 quadro negro, 2 l&aacute;pis e 2 r&eacute;guas.<\/span><\/p>\n","protected":false},"excerpt":{"rendered":"<p>8 Funcakes de a\u00e7\u00facar com tema de escola, perfeitos para dar um toque divertido e original \u00e0s nossas cria\u00e7\u00f5es.<\/p>\n","protected":false},"featured_media":39431,"comment_status":"open","ping_status":"closed","template":"","meta":{"_acf_changed":false},"pwb-brand":[],"product_brand":[],"product_cat":[1839,2979,1832,2907,2988,1999,1833,2996,1849,3004],"product_tag":[],"class_list":{"0":"post-390039","1":"product","2":"type-product","3":"status-publish","4":"has-post-thumbnail","6":"product_cat-decoracion-comestible","7":"product_cat-decoracoes-comestiveis-2","8":"product_cat-diestas-especiales","9":"product_cat-festas","10":"product_cat-figuras-de-acucar-comestiveis-2","11":"product_cat-figuras-de-azucar","12":"product_cat-dieta-sin-gluten","13":"product_cat-produtos-vegetarianos","14":"product_cat-fiestas","15":"product_cat-sem-gluten-2","17":"first","18":"instock","19":"taxable","20":"shipping-taxable","21":"purchasable","22":"product-type-simple"},"acf":[],"df_price":2.93,"df_sale_price":2.93,"df_regular_price":4.18,"df_image_link":"https:\/\/glotomania.com\/wp-content\/uploads\/2024\/06\/img_24247_dee23ff5c7e1a61843b08f9d5b25aaad_1-300x300.png","brands":[],"_links":{"self":[{"href":"https:\/\/glotomania.com\/pt-pt\/wp-json\/wp\/v2\/product\/390039","targetHints":{"allow":["GET"]}}],"collection":[{"href":"https:\/\/glotomania.com\/pt-pt\/wp-json\/wp\/v2\/product"}],"about":[{"href":"https:\/\/glotomania.com\/pt-pt\/wp-json\/wp\/v2\/types\/product"}],"replies":[{"embeddable":true,"href":"https:\/\/glotomania.com\/pt-pt\/wp-json\/wp\/v2\/comments?post=390039"}],"wp:featuredmedia":[{"embeddable":true,"href":"https:\/\/glotomania.com\/pt-pt\/wp-json\/wp\/v2\/media\/39431"}],"wp:attachment":[{"href":"https:\/\/glotomania.com\/pt-pt\/wp-json\/wp\/v2\/media?parent=390039"}],"wp:term":[{"taxonomy":"pwb-brand","embeddable":true,"href":"https:\/\/glotomania.com\/pt-pt\/wp-json\/wp\/v2\/pwb-brand?post=390039"},{"taxonomy":"product_brand","embeddable":true,"href":"https:\/\/glotomania.com\/pt-pt\/wp-json\/wp\/v2\/product_brand?post=390039"},{"taxonomy":"product_cat","embeddable":true,"href":"https:\/\/glotomania.com\/pt-pt\/wp-json\/wp\/v2\/product_cat?post=390039"},{"taxonomy":"product_tag","embeddable":true,"href":"https:\/\/glotomania.com\/pt-pt\/wp-json\/wp\/v2\/product_tag?post=390039"}],"curies":[{"name":"wp","href":"https:\/\/api.w.org\/{rel}","templated":true}]}}