{"id":390041,"date":"2025-09-02T10:55:06","date_gmt":"2025-09-02T10:55:06","guid":{"rendered":"https:\/\/glotomania.com\/p\/decoraciones-de-azucar-funcakes-futbol-2\/"},"modified":"2026-03-11T00:06:54","modified_gmt":"2026-03-11T00:06:54","slug":"decoraciones-de-azucar-funcakes-futbol-2","status":"publish","type":"product","link":"https:\/\/glotomania.com\/pt-pt\/p\/decoraciones-de-azucar-funcakes-futbol-2\/","title":{"rendered":"Decora\u00c7\u00d5es Em A\u00c7\u00dacar Funcakes &#8211; Futebol"},"content":{"rendered":"<p>&nbsp;<\/p>\n<p><span style=\"font-size: 14px\"><strong>Tamanho aproximado:&nbsp;<\/strong>2,5 cm &Oslash;<\/span><\/p>\n<p><span style=\"font-size: 14px\">A caixa cont&eacute;m 8 pe&ccedil;as:&nbsp;&nbsp;2 bolas, 2 trof&eacute;us, 2 chuteiras e 2 campos de futebol.<\/span><\/p>\n","protected":false},"excerpt":{"rendered":"<p>8 Funcakes de a\u00e7\u00facar com um tema desportivo, perfeitos para dar um toque divertido e original \u00e0s nossas cria\u00e7\u00f5es.<\/p>\n","protected":false},"featured_media":39433,"comment_status":"open","ping_status":"closed","template":"","meta":{"_acf_changed":false},"pwb-brand":[],"product_brand":[],"product_cat":[2908,2911,1839,2979,1832,2907,2988,1999,1833,2996,1862,1885,1849,3004],"product_tag":[],"class_list":{"0":"post-390041","1":"product","2":"type-product","3":"status-publish","4":"has-post-thumbnail","6":"product_cat-batizados","7":"product_cat-comunhoes","8":"product_cat-decoracion-comestible","9":"product_cat-decoracoes-comestiveis-2","10":"product_cat-diestas-especiales","11":"product_cat-festas","12":"product_cat-figuras-de-acucar-comestiveis-2","13":"product_cat-figuras-de-azucar","14":"product_cat-dieta-sin-gluten","15":"product_cat-produtos-vegetarianos","16":"product_cat-comuniones","17":"product_cat-bautizos","18":"product_cat-fiestas","19":"product_cat-sem-gluten-2","21":"first","22":"instock","23":"taxable","24":"shipping-taxable","25":"purchasable","26":"product-type-simple"},"acf":[],"df_price":3.75,"df_sale_price":"","df_regular_price":3.75,"df_image_link":"https:\/\/glotomania.com\/wp-content\/uploads\/2024\/06\/img_24252_8310e14b73c3d3385b393a03c3ea3f3b_1-300x300.png","brands":[],"_links":{"self":[{"href":"https:\/\/glotomania.com\/pt-pt\/wp-json\/wp\/v2\/product\/390041","targetHints":{"allow":["GET"]}}],"collection":[{"href":"https:\/\/glotomania.com\/pt-pt\/wp-json\/wp\/v2\/product"}],"about":[{"href":"https:\/\/glotomania.com\/pt-pt\/wp-json\/wp\/v2\/types\/product"}],"replies":[{"embeddable":true,"href":"https:\/\/glotomania.com\/pt-pt\/wp-json\/wp\/v2\/comments?post=390041"}],"wp:featuredmedia":[{"embeddable":true,"href":"https:\/\/glotomania.com\/pt-pt\/wp-json\/wp\/v2\/media\/39433"}],"wp:attachment":[{"href":"https:\/\/glotomania.com\/pt-pt\/wp-json\/wp\/v2\/media?parent=390041"}],"wp:term":[{"taxonomy":"pwb-brand","embeddable":true,"href":"https:\/\/glotomania.com\/pt-pt\/wp-json\/wp\/v2\/pwb-brand?post=390041"},{"taxonomy":"product_brand","embeddable":true,"href":"https:\/\/glotomania.com\/pt-pt\/wp-json\/wp\/v2\/product_brand?post=390041"},{"taxonomy":"product_cat","embeddable":true,"href":"https:\/\/glotomania.com\/pt-pt\/wp-json\/wp\/v2\/product_cat?post=390041"},{"taxonomy":"product_tag","embeddable":true,"href":"https:\/\/glotomania.com\/pt-pt\/wp-json\/wp\/v2\/product_tag?post=390041"}],"curies":[{"name":"wp","href":"https:\/\/api.w.org\/{rel}","templated":true}]}}