{"id":390042,"date":"2025-09-02T10:55:07","date_gmt":"2025-09-02T10:55:07","guid":{"rendered":"https:\/\/glotomania.com\/p\/decoraciones-de-azucar-funcakes-animales-del-bosque-2\/"},"modified":"2026-03-11T00:06:56","modified_gmt":"2026-03-11T00:06:56","slug":"decoraciones-de-azucar-funcakes-animales-del-bosque-2","status":"publish","type":"product","link":"https:\/\/glotomania.com\/pt-pt\/p\/decoraciones-de-azucar-funcakes-animales-del-bosque-2\/","title":{"rendered":"Decora\u00c7\u00d5es Em A\u00c7\u00dacar Funcakes &#8211; Animais Da Floresta"},"content":{"rendered":"<p>&nbsp;<\/p>\n<p><span style=\"font-size: 14px\"><strong>Tamanho aproximado:&nbsp;<\/strong>2,5 cm &Oslash;<\/span><\/p>\n<p><span style=\"font-size: 14px\">A caixa cont&eacute;m 8 pe&ccedil;as: 2 cogumelos, 2 ab&oacute;boras, 1 raposa, 1 veado, 1 esquilo e 1 coruja.<\/span><\/p>\n","protected":false},"excerpt":{"rendered":"<p>8 Funcakes de a\u00e7\u00facar com tema de animais da floresta, perfeitos para dar um toque divertido e original \u00e0s nossas cria\u00e7\u00f5es.<\/p>\n","protected":false},"featured_media":39434,"comment_status":"open","ping_status":"closed","template":"","meta":{"_acf_changed":false},"pwb-brand":[],"product_brand":[],"product_cat":[2908,1839,2979,1832,2907,2988,1999,1833,2921,2996,1885,1849,1858,3004],"product_tag":[],"class_list":{"0":"post-390042","1":"product","2":"type-product","3":"status-publish","4":"has-post-thumbnail","6":"product_cat-batizados","7":"product_cat-decoracion-comestible","8":"product_cat-decoracoes-comestiveis-2","9":"product_cat-diestas-especiales","10":"product_cat-festas","11":"product_cat-figuras-de-acucar-comestiveis-2","12":"product_cat-figuras-de-azucar","13":"product_cat-dieta-sin-gluten","14":"product_cat-pascoa","15":"product_cat-produtos-vegetarianos","16":"product_cat-bautizos","17":"product_cat-fiestas","18":"product_cat-pascua","19":"product_cat-sem-gluten-2","21":"first","22":"instock","23":"taxable","24":"shipping-taxable","25":"purchasable","26":"product-type-simple"},"acf":[],"df_price":3.75,"df_sale_price":"","df_regular_price":3.75,"df_image_link":"https:\/\/glotomania.com\/wp-content\/uploads\/2024\/06\/img_24255_b21afb695597a7dec5b4bd64240fe106_1-300x300.png","brands":[],"_links":{"self":[{"href":"https:\/\/glotomania.com\/pt-pt\/wp-json\/wp\/v2\/product\/390042","targetHints":{"allow":["GET"]}}],"collection":[{"href":"https:\/\/glotomania.com\/pt-pt\/wp-json\/wp\/v2\/product"}],"about":[{"href":"https:\/\/glotomania.com\/pt-pt\/wp-json\/wp\/v2\/types\/product"}],"replies":[{"embeddable":true,"href":"https:\/\/glotomania.com\/pt-pt\/wp-json\/wp\/v2\/comments?post=390042"}],"wp:featuredmedia":[{"embeddable":true,"href":"https:\/\/glotomania.com\/pt-pt\/wp-json\/wp\/v2\/media\/39434"}],"wp:attachment":[{"href":"https:\/\/glotomania.com\/pt-pt\/wp-json\/wp\/v2\/media?parent=390042"}],"wp:term":[{"taxonomy":"pwb-brand","embeddable":true,"href":"https:\/\/glotomania.com\/pt-pt\/wp-json\/wp\/v2\/pwb-brand?post=390042"},{"taxonomy":"product_brand","embeddable":true,"href":"https:\/\/glotomania.com\/pt-pt\/wp-json\/wp\/v2\/product_brand?post=390042"},{"taxonomy":"product_cat","embeddable":true,"href":"https:\/\/glotomania.com\/pt-pt\/wp-json\/wp\/v2\/product_cat?post=390042"},{"taxonomy":"product_tag","embeddable":true,"href":"https:\/\/glotomania.com\/pt-pt\/wp-json\/wp\/v2\/product_tag?post=390042"}],"curies":[{"name":"wp","href":"https:\/\/api.w.org\/{rel}","templated":true}]}}