{"id":390057,"date":"2025-09-02T10:55:31","date_gmt":"2025-09-02T10:55:31","guid":{"rendered":"https:\/\/glotomania.com\/p\/preparado-buttercream-crema-mantequilla-kelmy-sabor-neutro-500-g-3\/"},"modified":"2026-03-11T00:07:53","modified_gmt":"2026-03-11T00:07:53","slug":"preparado-buttercream-crema-mantequilla-kelmy-sabor-neutro-500-g-3","status":"publish","type":"product","link":"https:\/\/glotomania.com\/pt-pt\/p\/preparado-buttercream-crema-mantequilla-kelmy-sabor-neutro-500-g-3\/","title":{"rendered":"Prepara\u00c7\u00c3o Para &#8220;buttercream&#8221; (creme De Manteiga) Kelmy &#8211; Sabor Neutro [500 G]"},"content":{"rendered":"<p>&nbsp;<\/p>\n<p><span style=\"color:#000000\"><u><strong><span style=\"font-size: 14px\">MODO DE UTILIZA&Ccedil;&Atilde;O PARA O FABRICO DE CREME DE MANTEIGA:<\/span><\/strong><\/u><\/span><\/p>\n<ul>\n<li><span style=\"color:#000000\"><strong><span style=\"font-size: 14px\">Creme de manteiga com uma consist&ecirc;ncia suave e ligeira:<\/span><\/strong><\/span><\/li>\n<\/ul>\n<ol>\n<li><span style=\"color:#000000\"><span style=\"font-size: 14px\">Misturar 150 g de p&oacute; com 150 g de leite e 180 g de manteiga sem sal (&agrave; temperatura ambiente) numa tigela.<\/span><\/span><\/li>\n<li><span style=\"color:#000000\"><span style=\"font-size: 14px\">Adicione o corante e o aroma desejados e misture durante cerca de 1 minuto na velocidade baixa (2).<\/span><\/span><\/li>\n<li><span style=\"color:#000000\"><span style=\"font-size: 14px\">Bata durante 5 a&nbsp;7 minutos na velocidade m&aacute;xima.<\/span><\/span><\/li>\n<\/ol>\n<ul>\n<li><span style=\"color:#000000\"><strong><span style=\"font-size: 14px\">Creme de manteiga com uma consist&ecirc;ncia mais espessa:<\/span><\/strong><\/span><\/li>\n<\/ul>\n<ol>\n<li><span style=\"color:#000000\"><span style=\"font-size: 14px\">Misture 210 g de p&oacute; com 90 g de leite e 180 g de manteiga sem sal (&agrave; temperatura ambiente) numa tigela.<\/span><\/span><\/li>\n<li><span style=\"color:#000000\"><span style=\"font-size: 14px\">Adicione o corante e o aroma desejados e misture durante cerca de 1 minuto na velocidade baixa (2).<\/span><\/span><\/li>\n<li><span style=\"color:#000000\"><span style=\"font-size: 14px\">Bata durante 5 a 7 minutos na velocidade m&aacute;xima.<\/span><\/span><\/li>\n<\/ol>\n<p><span style=\"color:#000000\"><em><span style=\"font-size: 14px\">Pode substituir o leite por &aacute;gua se quiser que o creme de manteiga tenha um sabor menos leitoso.<\/span><\/em><\/span><\/p>\n<p><span style=\"color:#000000\"><u><strong><span style=\"font-size: 14px\">MODO DE UTILIZA&Ccedil;&Atilde;O PARA A CONFEC&Ccedil;&Atilde;O DA COBERTURA:<\/span><\/strong><\/u><\/span><\/p>\n<ol>\n<li><span style=\"color:#000000\"><span style=\"font-size: 14px\">Misturar 250 g de p&oacute; com 250 g de &aacute;gua numa tigela e adicionar o corante e o aroma desejados.<\/span><\/span><\/li>\n<li><span style=\"color:#000000\"><span style=\"font-size: 14px\">Misturar bem e colocar a tigela na batedeira. Bater durante cerca de 10 minutos na velocidade m&eacute;dia (3 &#8211; 4).<\/span><\/span><\/li>\n<li><span style=\"color:#000000\"><span style=\"font-size: 14px\">Uma vez preparado, se n&atilde;o for utilizado imediatamente, deve ser conservado no frigor&iacute;fico durante 2 a 3 dias, no m&aacute;ximo, e mexer antes de o voltar a utilizar. Para evitar que seque, recomenda-se que seja coberto.<\/span><\/span><\/li>\n<\/ol>\n","protected":false},"excerpt":{"rendered":"<p>Prepara\u00e7\u00e3o do creme de manteiga e do p\u00f3 de cobertura Kelmy, perfeito para cobrir, rechear e decorar qualquer prepara\u00e7\u00e3o.<\/p>\n","protected":false},"featured_media":39533,"comment_status":"open","ping_status":"closed","template":"","meta":{"_acf_changed":false},"pwb-brand":[],"product_brand":[],"product_cat":[3054,2996,3004,1832,1833,1854],"product_tag":[],"class_list":{"0":"post-390057","1":"product","2":"type-product","3":"status-publish","4":"has-post-thumbnail","6":"product_cat-preparados-de-pastelaria-2","7":"product_cat-produtos-vegetarianos","8":"product_cat-sem-gluten-2","9":"product_cat-diestas-especiales","10":"product_cat-dieta-sin-gluten","11":"product_cat-preparados","13":"first","14":"outofstock","15":"taxable","16":"shipping-taxable","17":"purchasable","18":"product-type-simple"},"acf":[],"df_price":3.75,"df_sale_price":"","df_regular_price":3.75,"df_image_link":"https:\/\/glotomania.com\/wp-content\/uploads\/2024\/08\/img_24406_a624fb41f60d304f25e0f0b1f5e67720_1-300x300.png","brands":[],"_links":{"self":[{"href":"https:\/\/glotomania.com\/pt-pt\/wp-json\/wp\/v2\/product\/390057","targetHints":{"allow":["GET"]}}],"collection":[{"href":"https:\/\/glotomania.com\/pt-pt\/wp-json\/wp\/v2\/product"}],"about":[{"href":"https:\/\/glotomania.com\/pt-pt\/wp-json\/wp\/v2\/types\/product"}],"replies":[{"embeddable":true,"href":"https:\/\/glotomania.com\/pt-pt\/wp-json\/wp\/v2\/comments?post=390057"}],"wp:featuredmedia":[{"embeddable":true,"href":"https:\/\/glotomania.com\/pt-pt\/wp-json\/wp\/v2\/media\/39533"}],"wp:attachment":[{"href":"https:\/\/glotomania.com\/pt-pt\/wp-json\/wp\/v2\/media?parent=390057"}],"wp:term":[{"taxonomy":"pwb-brand","embeddable":true,"href":"https:\/\/glotomania.com\/pt-pt\/wp-json\/wp\/v2\/pwb-brand?post=390057"},{"taxonomy":"product_brand","embeddable":true,"href":"https:\/\/glotomania.com\/pt-pt\/wp-json\/wp\/v2\/product_brand?post=390057"},{"taxonomy":"product_cat","embeddable":true,"href":"https:\/\/glotomania.com\/pt-pt\/wp-json\/wp\/v2\/product_cat?post=390057"},{"taxonomy":"product_tag","embeddable":true,"href":"https:\/\/glotomania.com\/pt-pt\/wp-json\/wp\/v2\/product_tag?post=390057"}],"curies":[{"name":"wp","href":"https:\/\/api.w.org\/{rel}","templated":true}]}}