{"id":390066,"date":"2025-09-02T10:55:40","date_gmt":"2025-09-02T10:55:40","guid":{"rendered":"https:\/\/glotomania.com\/p\/caramelos-popping-candy-funcakes-70-g-2\/"},"modified":"2026-04-29T00:24:07","modified_gmt":"2026-04-29T00:24:07","slug":"caramelos-popping-candy-funcakes-70-g-2","status":"publish","type":"product","link":"https:\/\/glotomania.com\/pt-pt\/p\/caramelos-popping-candy-funcakes-70-g-2\/","title":{"rendered":"Caramelos &#8220;popping Candy&#8221; Funcakes &#8211; 70 G"},"content":{"rendered":"","protected":false},"excerpt":{"rendered":"<p>Peda\u00e7os de rebu\u00e7ados gaseificados com rebu\u00e7ados popping, ideais para uma divertida sensa\u00e7\u00e3o de rebentamento na boca.<\/p>\n","protected":false},"featured_media":38423,"comment_status":"open","ping_status":"closed","template":"","meta":{"_acf_changed":false},"pwb-brand":[],"product_brand":[],"product_cat":[1839,1840,2979,2982,1832,2907,1845,2996,1849,3001],"product_tag":[],"class_list":{"0":"post-390066","1":"product","2":"type-product","3":"status-publish","4":"has-post-thumbnail","6":"product_cat-decoracion-comestible","7":"product_cat-decoraciones-azucar-comestibles","8":"product_cat-decoracoes-comestiveis-2","9":"product_cat-decoracoes-de-acucar","10":"product_cat-diestas-especiales","11":"product_cat-festas","12":"product_cat-dieta-sin-e-171","13":"product_cat-produtos-vegetarianos","14":"product_cat-fiestas","15":"product_cat-sem-e-171-2","17":"first","18":"instock","19":"taxable","20":"shipping-taxable","21":"purchasable","22":"product-type-simple"},"acf":[],"df_price":2.79,"df_sale_price":1.96,"df_regular_price":2.79,"df_image_link":"https:\/\/glotomania.com\/wp-content\/uploads\/2024\/08\/img_24461_483871fe004c35158d8505094c9e8f26_1-300x300.png","brands":[],"_links":{"self":[{"href":"https:\/\/glotomania.com\/pt-pt\/wp-json\/wp\/v2\/product\/390066","targetHints":{"allow":["GET"]}}],"collection":[{"href":"https:\/\/glotomania.com\/pt-pt\/wp-json\/wp\/v2\/product"}],"about":[{"href":"https:\/\/glotomania.com\/pt-pt\/wp-json\/wp\/v2\/types\/product"}],"replies":[{"embeddable":true,"href":"https:\/\/glotomania.com\/pt-pt\/wp-json\/wp\/v2\/comments?post=390066"}],"wp:featuredmedia":[{"embeddable":true,"href":"https:\/\/glotomania.com\/pt-pt\/wp-json\/wp\/v2\/media\/38423"}],"wp:attachment":[{"href":"https:\/\/glotomania.com\/pt-pt\/wp-json\/wp\/v2\/media?parent=390066"}],"wp:term":[{"taxonomy":"pwb-brand","embeddable":true,"href":"https:\/\/glotomania.com\/pt-pt\/wp-json\/wp\/v2\/pwb-brand?post=390066"},{"taxonomy":"product_brand","embeddable":true,"href":"https:\/\/glotomania.com\/pt-pt\/wp-json\/wp\/v2\/product_brand?post=390066"},{"taxonomy":"product_cat","embeddable":true,"href":"https:\/\/glotomania.com\/pt-pt\/wp-json\/wp\/v2\/product_cat?post=390066"},{"taxonomy":"product_tag","embeddable":true,"href":"https:\/\/glotomania.com\/pt-pt\/wp-json\/wp\/v2\/product_tag?post=390066"}],"curies":[{"name":"wp","href":"https:\/\/api.w.org\/{rel}","templated":true}]}}