{"id":390067,"date":"2025-09-02T10:55:50","date_gmt":"2025-09-02T10:55:50","guid":{"rendered":"https:\/\/glotomania.com\/p\/pintura-metalizada-comestible-sugarflair-rose-gold-oro-rosado-25-ml-2\/"},"modified":"2026-03-11T00:08:34","modified_gmt":"2026-03-11T00:08:34","slug":"pintura-metalizada-comestible-sugarflair-rose-gold-oro-rosado-25-ml-2","status":"publish","type":"product","link":"https:\/\/glotomania.com\/pt-pt\/p\/pintura-metalizada-comestible-sugarflair-rose-gold-oro-rosado-25-ml-2\/","title":{"rendered":"Tinta Met\u00c1lica Comest\u00cdvel Sugarflair &#8211; Rose Gold \/ Oro Rosado (25 Ml)"},"content":{"rendered":"<p>&nbsp;<\/p>\n<p><span style=\"font-size:14px\">F&aacute;cil de aplicar diretamente sobre pastas de a&ccedil;&uacute;car, pastas de flores, pastas de modelar, glac&ecirc; real,&#8230; ou em qualquer superf&iacute;cie lisa e seca, como chocolates e creme de manteiga, utilizando uma esponja ou um pincel, ou mesmo com stencils para desenhos mais pormenorizados.&nbsp;<\/span><\/p>\n","protected":false},"excerpt":{"rendered":"<p>A tinta comest\u00edvel Sugarflair, gra\u00e7as \u00e0 sua consist\u00eancia mais densa, permite obter uma cobertura mais espessa e um acabamento met\u00e1lico deslumbrante.<\/p>\n","protected":false},"featured_media":44531,"comment_status":"open","ping_status":"closed","template":"","meta":{"_acf_changed":false},"pwb-brand":[],"product_brand":[],"product_cat":[1852,2910,1835,2953,1832,2907,1845,2920,1899,2996,1888,1849,1866,2924,3001,2973],"product_tag":[],"class_list":{"0":"post-390067","1":"product","2":"type-product","3":"status-publish","4":"has-post-thumbnail","6":"product_cat-san-valentin","7":"product_cat-casamentos-2","8":"product_cat-colorantes","9":"product_cat-corantes-e-pinturas","10":"product_cat-diestas-especiales","11":"product_cat-festas","12":"product_cat-dieta-sin-e-171","13":"product_cat-natal-2","14":"product_cat-pinturas-comesibles","15":"product_cat-produtos-vegetarianos","16":"product_cat-bodas","17":"product_cat-fiestas","18":"product_cat-navidad","19":"product_cat-sao-valentim-2","20":"product_cat-sem-e-171-2","21":"product_cat-tintas-comestiveis-2","23":"first","24":"instock","25":"taxable","26":"shipping-taxable","27":"purchasable","28":"product-type-simple"},"acf":[],"df_price":6.75,"df_sale_price":"","df_regular_price":6.75,"df_image_link":"https:\/\/glotomania.com\/wp-content\/uploads\/2024\/09\/img_24549_176c70e59034a63c1525657d475de0e9_1-300x300.png","brands":[],"_links":{"self":[{"href":"https:\/\/glotomania.com\/pt-pt\/wp-json\/wp\/v2\/product\/390067","targetHints":{"allow":["GET"]}}],"collection":[{"href":"https:\/\/glotomania.com\/pt-pt\/wp-json\/wp\/v2\/product"}],"about":[{"href":"https:\/\/glotomania.com\/pt-pt\/wp-json\/wp\/v2\/types\/product"}],"replies":[{"embeddable":true,"href":"https:\/\/glotomania.com\/pt-pt\/wp-json\/wp\/v2\/comments?post=390067"}],"wp:featuredmedia":[{"embeddable":true,"href":"https:\/\/glotomania.com\/pt-pt\/wp-json\/wp\/v2\/media\/44531"}],"wp:attachment":[{"href":"https:\/\/glotomania.com\/pt-pt\/wp-json\/wp\/v2\/media?parent=390067"}],"wp:term":[{"taxonomy":"pwb-brand","embeddable":true,"href":"https:\/\/glotomania.com\/pt-pt\/wp-json\/wp\/v2\/pwb-brand?post=390067"},{"taxonomy":"product_brand","embeddable":true,"href":"https:\/\/glotomania.com\/pt-pt\/wp-json\/wp\/v2\/product_brand?post=390067"},{"taxonomy":"product_cat","embeddable":true,"href":"https:\/\/glotomania.com\/pt-pt\/wp-json\/wp\/v2\/product_cat?post=390067"},{"taxonomy":"product_tag","embeddable":true,"href":"https:\/\/glotomania.com\/pt-pt\/wp-json\/wp\/v2\/product_tag?post=390067"}],"curies":[{"name":"wp","href":"https:\/\/api.w.org\/{rel}","templated":true}]}}