{"id":390080,"date":"2025-09-02T10:56:25","date_gmt":"2025-09-02T10:56:25","guid":{"rendered":"https:\/\/glotomania.com\/p\/topper-para-tarta-globos-partydeco-avion-2\/"},"modified":"2026-03-11T00:09:40","modified_gmt":"2026-03-11T00:09:40","slug":"topper-para-tarta-globos-partydeco-avion-2","status":"publish","type":"product","link":"https:\/\/glotomania.com\/pt-pt\/p\/topper-para-tarta-globos-partydeco-avion-2\/","title":{"rendered":"Cake Topper Bal\u00c3o Partydeco &#8211; Avi\u00c3o"},"content":{"rendered":"<p>&nbsp;<\/p>\n<p><span style=\"font-size: 14px\">Uma forma divertida, original e duradoura de fazer do nosso bolo o ponto alto da festa. Ideal para ch&aacute;s de beb&eacute;, baptizados, anivers&aacute;rios, comunh&otilde;es,&#8230; e todo o tipo de eventos!&nbsp;<\/span><\/p>\n<p><span style=\"font-size: 14px\">&Eacute; f&aacute;cil de montar e &eacute; fabricado com materiais duradouros de alta qualidade, concebidos para resistir ao manuseamento e &agrave; exposi&ccedil;&atilde;o durante a festa sem perder a sua forma ou cor. Possui varas resistentes que funcionam como suporte para garantir que a decora&ccedil;&atilde;o permanece intacta.<\/span><\/p>\n<p><span style=\"font-size: 14px\"><strong>Dimens&otilde;es aproximadas:&nbsp;<\/strong>29 cm.<\/span><\/p>\n","protected":false},"excerpt":{"rendered":"<p>Fant\u00e1stico conjunto de festa que inclui: 8 bal\u00f5es coloridos, 1 avi\u00e3o de papel, 3 rel\u00e2mpagos de papel, 2 paus e 6 fitas adesivas.<\/p>\n","protected":false},"featured_media":43403,"comment_status":"open","ping_status":"closed","template":"","meta":{"_acf_changed":false,"_joinchat":[]},"pwb-brand":[],"product_brand":[],"product_cat":[2908,2911,1792,3200,2916,2907,3087,1862,1885,1951,1849,3208,1793,1767],"product_tag":[],"class_list":{"0":"post-390080","1":"product","2":"type-product","3":"status-publish","4":"has-post-thumbnail","6":"product_cat-batizados","7":"product_cat-comunhoes","8":"product_cat-decoracion-no-comestible","9":"product_cat-decoracoes-nao-comestiveis","10":"product_cat-dia-dos-pais-2","11":"product_cat-festas","12":"product_cat-ordem-e-armazenamento","13":"product_cat-comuniones","14":"product_cat-bautizos","15":"product_cat-dia-del-padre","16":"product_cat-fiestas","17":"product_cat-toppers-para-bolos","18":"product_cat-toppers","19":"product_cat-utensilios","21":"first","22":"instock","23":"taxable","24":"shipping-taxable","25":"purchasable","26":"product-type-simple"},"acf":[],"df_price":5.25,"df_sale_price":"","df_regular_price":5.25,"df_image_link":"https:\/\/glotomania.com\/wp-content\/uploads\/2024\/08\/img_24673_0dcfa7e33b358be0da1d596a71e0b88a_1-300x300.png","brands":[],"_links":{"self":[{"href":"https:\/\/glotomania.com\/pt-pt\/wp-json\/wp\/v2\/product\/390080","targetHints":{"allow":["GET"]}}],"collection":[{"href":"https:\/\/glotomania.com\/pt-pt\/wp-json\/wp\/v2\/product"}],"about":[{"href":"https:\/\/glotomania.com\/pt-pt\/wp-json\/wp\/v2\/types\/product"}],"replies":[{"embeddable":true,"href":"https:\/\/glotomania.com\/pt-pt\/wp-json\/wp\/v2\/comments?post=390080"}],"wp:featuredmedia":[{"embeddable":true,"href":"https:\/\/glotomania.com\/pt-pt\/wp-json\/wp\/v2\/media\/43403"}],"wp:attachment":[{"href":"https:\/\/glotomania.com\/pt-pt\/wp-json\/wp\/v2\/media?parent=390080"}],"wp:term":[{"taxonomy":"pwb-brand","embeddable":true,"href":"https:\/\/glotomania.com\/pt-pt\/wp-json\/wp\/v2\/pwb-brand?post=390080"},{"taxonomy":"product_brand","embeddable":true,"href":"https:\/\/glotomania.com\/pt-pt\/wp-json\/wp\/v2\/product_brand?post=390080"},{"taxonomy":"product_cat","embeddable":true,"href":"https:\/\/glotomania.com\/pt-pt\/wp-json\/wp\/v2\/product_cat?post=390080"},{"taxonomy":"product_tag","embeddable":true,"href":"https:\/\/glotomania.com\/pt-pt\/wp-json\/wp\/v2\/product_tag?post=390080"}],"curies":[{"name":"wp","href":"https:\/\/api.w.org\/{rel}","templated":true}]}}