{"id":390084,"date":"2025-09-02T10:56:28","date_gmt":"2025-09-02T10:56:28","guid":{"rendered":"https:\/\/glotomania.com\/p\/topper-para-tarta-globos-partydeco-rosas-2\/"},"modified":"2026-03-11T00:09:47","modified_gmt":"2026-03-11T00:09:47","slug":"topper-para-tarta-globos-partydeco-rosas-2","status":"publish","type":"product","link":"https:\/\/glotomania.com\/pt-pt\/p\/topper-para-tarta-globos-partydeco-rosas-2\/","title":{"rendered":"Cake Topper De Bal\u00d5es Partydeco &#8211; Cor De Rosa"},"content":{"rendered":"<p>&nbsp;<\/p>\n<p><span style=\"font-size: 14px\">Uma forma divertida, original e duradoura de fazer do nosso bolo o ponto alto da festa. Ideal para ch&aacute;s de beb&eacute;, baptizados, anivers&aacute;rios, comunh&otilde;es,&#8230; e todo o tipo de eventos!&nbsp;<\/span><\/p>\n<p><span style=\"font-size: 14px\">&Eacute; f&aacute;cil de montar e &eacute; fabricado com materiais duradouros de alta qualidade, concebidos para resistir ao manuseamento e &agrave; exposi&ccedil;&atilde;o durante a festa sem perder a sua forma ou cor. Possui varas resistentes que funcionam como suporte para garantir que a decora&ccedil;&atilde;o permanece intacta.<\/span><\/p>\n<p><span style=\"font-size: 14px\"><strong>Dimens&otilde;es aproximadas:<\/strong>&nbsp;29 cm.<\/span><\/p>\n","protected":false},"excerpt":{"rendered":"<p>Fant\u00e1stico conjunto de festa que inclui: 8 bal\u00f5es coloridos, 2 varas para bal\u00f5es e 6 peda\u00e7os de fita.<\/p>\n","protected":false},"featured_media":43990,"comment_status":"open","ping_status":"closed","template":"","meta":{"_acf_changed":false},"pwb-brand":[],"product_brand":[],"product_cat":[2908,2911,1792,3200,2913,2907,3087,1862,1885,1851,1849,3208,1793,1767],"product_tag":[],"class_list":{"0":"post-390084","1":"product","2":"type-product","3":"status-publish","4":"has-post-thumbnail","6":"product_cat-batizados","7":"product_cat-comunhoes","8":"product_cat-decoracion-no-comestible","9":"product_cat-decoracoes-nao-comestiveis","10":"product_cat-dia-das-maes","11":"product_cat-festas","12":"product_cat-ordem-e-armazenamento","13":"product_cat-comuniones","14":"product_cat-bautizos","15":"product_cat-dia-de-la-madre","16":"product_cat-fiestas","17":"product_cat-toppers-para-bolos","18":"product_cat-toppers","19":"product_cat-utensilios","21":"first","22":"instock","23":"taxable","24":"shipping-taxable","25":"purchasable","26":"product-type-simple"},"acf":[],"df_price":0.8,"df_sale_price":"","df_regular_price":0.8,"df_image_link":"https:\/\/glotomania.com\/wp-content\/uploads\/2024\/08\/img_24690_7e5d8a6a608b5ce9e2906b2cb7282afb_1-300x300.png","brands":[],"_links":{"self":[{"href":"https:\/\/glotomania.com\/pt-pt\/wp-json\/wp\/v2\/product\/390084","targetHints":{"allow":["GET"]}}],"collection":[{"href":"https:\/\/glotomania.com\/pt-pt\/wp-json\/wp\/v2\/product"}],"about":[{"href":"https:\/\/glotomania.com\/pt-pt\/wp-json\/wp\/v2\/types\/product"}],"replies":[{"embeddable":true,"href":"https:\/\/glotomania.com\/pt-pt\/wp-json\/wp\/v2\/comments?post=390084"}],"wp:featuredmedia":[{"embeddable":true,"href":"https:\/\/glotomania.com\/pt-pt\/wp-json\/wp\/v2\/media\/43990"}],"wp:attachment":[{"href":"https:\/\/glotomania.com\/pt-pt\/wp-json\/wp\/v2\/media?parent=390084"}],"wp:term":[{"taxonomy":"pwb-brand","embeddable":true,"href":"https:\/\/glotomania.com\/pt-pt\/wp-json\/wp\/v2\/pwb-brand?post=390084"},{"taxonomy":"product_brand","embeddable":true,"href":"https:\/\/glotomania.com\/pt-pt\/wp-json\/wp\/v2\/product_brand?post=390084"},{"taxonomy":"product_cat","embeddable":true,"href":"https:\/\/glotomania.com\/pt-pt\/wp-json\/wp\/v2\/product_cat?post=390084"},{"taxonomy":"product_tag","embeddable":true,"href":"https:\/\/glotomania.com\/pt-pt\/wp-json\/wp\/v2\/product_tag?post=390084"}],"curies":[{"name":"wp","href":"https:\/\/api.w.org\/{rel}","templated":true}]}}