{"id":390086,"date":"2025-09-02T10:56:31","date_gmt":"2025-09-02T10:56:31","guid":{"rendered":"https:\/\/glotomania.com\/p\/preparado-para-glaseado-scrapcooking-amarillo-limon-200-g-2\/"},"modified":"2026-04-28T00:17:04","modified_gmt":"2026-04-28T00:17:04","slug":"preparado-para-glaseado-scrapcooking-amarillo-limon-200-g-2","status":"publish","type":"product","link":"https:\/\/glotomania.com\/pt-pt\/p\/preparado-para-glaseado-scrapcooking-amarillo-limon-200-g-2\/","title":{"rendered":"Prepara\u00c7\u00c3o Para Glac\u00c9 Scrapcooking &#8211; Amarelo Lim\u00c3o (200 G)"},"content":{"rendered":"<p>&nbsp;<\/p>\n<p><span style=\"color:#000000\"><span style=\"font-size:14px\">O Magic Icing da Scrapcooking permite-nos explorar a nossa criatividade e dar um toque profissional &agrave;s nossas cria&ccedil;&otilde;es.&nbsp;<\/span><\/span><\/p>\n<p><span style=\"color:#000000\"><span style=\"font-size:14px\">O preparado em p&oacute; &ldquo;Magic Icing&rdquo; tem uma bonita tonalidade <strong>amarelo-lim&atilde;o <\/strong>e garante uma cor <strong>suave e uniforme,<\/strong> real&ccedil;ando o aspeto das receitas cozinhadas sem afetar a sua cor. &Eacute; altamente concentrado, o que garante uma <strong>cor intensa<\/strong> com uma pequena quantidade de produto.&nbsp;<\/span><\/span><\/p>\n<p><span style=\"color:#000000\"><span style=\"font-size:14px\">&Eacute; f&aacute;cil de aplicar, basta misturar o p&oacute; com algumas gotas de &aacute;gua para obter a consist&ecirc;ncia perfeita do glac&eacute;.<\/span><\/span><\/p>\n<p><span style=\"color:#000000\"><em><span style=\"font-size:14px\">Este produto n&atilde;o est&aacute; dispon&iacute;vel para a B&eacute;lgica, Fran&ccedil;a e Su&iacute;&ccedil;a.<\/span><\/em><\/span><\/p>\n","protected":false},"excerpt":{"rendered":"<p>Prepara\u00e7\u00e3o &#8220;Magic Icing&#8221; da Scrapcooking, concebida para obter uma cobertura perfeita para os nossos biscoitos, bolos e cupcakes.<\/p>\n","protected":false},"featured_media":43400,"comment_status":"open","ping_status":"closed","template":"","meta":{"_acf_changed":false},"pwb-brand":[],"product_brand":[],"product_cat":[1832,2907,1845,2921,3054,1854,2996,1849,1858,3001],"product_tag":[],"class_list":{"0":"post-390086","1":"product","2":"type-product","3":"status-publish","4":"has-post-thumbnail","6":"product_cat-diestas-especiales","7":"product_cat-festas","8":"product_cat-dieta-sin-e-171","9":"product_cat-pascoa","10":"product_cat-preparados-de-pastelaria-2","11":"product_cat-preparados","12":"product_cat-produtos-vegetarianos","13":"product_cat-fiestas","14":"product_cat-pascua","15":"product_cat-sem-e-171-2","17":"first","18":"instock","19":"taxable","20":"shipping-taxable","21":"purchasable","22":"product-type-simple"},"acf":[],"df_price":3.43,"df_sale_price":3.43,"df_regular_price":4.89,"df_image_link":"https:\/\/glotomania.com\/wp-content\/uploads\/2024\/08\/img_24699_ba7b3d10f8720b16a22f62cd2172a530_1-300x300.png","brands":[],"_links":{"self":[{"href":"https:\/\/glotomania.com\/pt-pt\/wp-json\/wp\/v2\/product\/390086","targetHints":{"allow":["GET"]}}],"collection":[{"href":"https:\/\/glotomania.com\/pt-pt\/wp-json\/wp\/v2\/product"}],"about":[{"href":"https:\/\/glotomania.com\/pt-pt\/wp-json\/wp\/v2\/types\/product"}],"replies":[{"embeddable":true,"href":"https:\/\/glotomania.com\/pt-pt\/wp-json\/wp\/v2\/comments?post=390086"}],"wp:featuredmedia":[{"embeddable":true,"href":"https:\/\/glotomania.com\/pt-pt\/wp-json\/wp\/v2\/media\/43400"}],"wp:attachment":[{"href":"https:\/\/glotomania.com\/pt-pt\/wp-json\/wp\/v2\/media?parent=390086"}],"wp:term":[{"taxonomy":"pwb-brand","embeddable":true,"href":"https:\/\/glotomania.com\/pt-pt\/wp-json\/wp\/v2\/pwb-brand?post=390086"},{"taxonomy":"product_brand","embeddable":true,"href":"https:\/\/glotomania.com\/pt-pt\/wp-json\/wp\/v2\/product_brand?post=390086"},{"taxonomy":"product_cat","embeddable":true,"href":"https:\/\/glotomania.com\/pt-pt\/wp-json\/wp\/v2\/product_cat?post=390086"},{"taxonomy":"product_tag","embeddable":true,"href":"https:\/\/glotomania.com\/pt-pt\/wp-json\/wp\/v2\/product_tag?post=390086"}],"curies":[{"name":"wp","href":"https:\/\/api.w.org\/{rel}","templated":true}]}}