{"id":390087,"date":"2025-09-02T10:56:32","date_gmt":"2025-09-02T10:56:32","guid":{"rendered":"https:\/\/glotomania.com\/p\/preparado-para-churros-scrapcooking-325-g-2\/"},"modified":"2026-04-28T00:17:05","modified_gmt":"2026-04-28T00:17:05","slug":"preparado-para-churros-scrapcooking-325-g-2","status":"publish","type":"product","link":"https:\/\/glotomania.com\/pt-pt\/p\/preparado-para-churros-scrapcooking-325-g-2\/","title":{"rendered":"Prepara\u00c7\u00c3o Para Churros Scrapcooking &#8211; 325 G"},"content":{"rendered":"<p>&nbsp;<\/p>\n<p><span style=\"color:#000000\"><span style=\"font-size:14px\">Com este preparado da Scrapcooking, pode fazer cerca de 20 churros tradicionais de forma r&aacute;pida e f&aacute;cil. Basta juntar &aacute;gua, ovos, manteiga e leite para obter uma massa perfeita.<\/span><\/span><\/p>\n<p><span style=\"color:#000000\"><strong><span style=\"font-size:14px\">Para fazer 20 churros:<\/span><\/strong><\/span><\/p>\n<ul>\n<li><span style=\"color:#000000\"><span style=\"font-size:14px\">Juntar 100 ml de leite, 3 ovos, 75 g de manteiga derretida, 100 ml de &aacute;gua.<\/span><\/span><\/li>\n<\/ul>\n<p><span style=\"color:#000000\"><span style=\"font-size:14px\">Dando asas &agrave; nossa imagina&ccedil;&atilde;o, podemos n&atilde;o s&oacute; fazer os cl&aacute;ssicos churros, adicionando v&aacute;rios ingredientes e sabores (como a&ccedil;&uacute;car ou chocolate), mas tamb&eacute;m podemos fazer sobremesas inspiradas neles, como churros bites ou mini churros.&nbsp;<\/span><\/span><\/p>\n<p><span style=\"color:#000000\"><span style=\"font-size:14px\">Especialmente concebido para ser utilizado com a m&aacute;quina de fazer churros Scrapcooking.<\/span><\/span><\/p>\n<p><span style=\"color:#000000\"><em><span style=\"font-size:14px\">Este produto n&atilde;o est&aacute; dispon&iacute;vel para a B&eacute;lgica, Fran&ccedil;a e Su&iacute;&ccedil;a.<\/span><\/em><\/span><\/p>\n","protected":false},"excerpt":{"rendered":"<p>Fa\u00e7a churros aut\u00eanticos, saborosos e estaladi\u00e7os de forma r\u00e1pida e f\u00e1cil com este preparado Scrapcooking.<\/p>\n","protected":false},"featured_media":43401,"comment_status":"open","ping_status":"closed","template":"","meta":{"_acf_changed":false},"pwb-brand":[],"product_brand":[],"product_cat":[1832,1845,3054,1854,2996,3001],"product_tag":[],"class_list":{"0":"post-390087","1":"product","2":"type-product","3":"status-publish","4":"has-post-thumbnail","6":"product_cat-diestas-especiales","7":"product_cat-dieta-sin-e-171","8":"product_cat-preparados-de-pastelaria-2","9":"product_cat-preparados","10":"product_cat-produtos-vegetarianos","11":"product_cat-sem-e-171-2","13":"first","14":"instock","15":"taxable","16":"shipping-taxable","17":"purchasable","18":"product-type-simple"},"acf":[],"df_price":3.15,"df_sale_price":3.15,"df_regular_price":4.5,"df_image_link":"https:\/\/glotomania.com\/wp-content\/uploads\/2024\/08\/img_24701_750aaabb2cbbc9fe7418874746ca871d_1-300x300.png","brands":[],"_links":{"self":[{"href":"https:\/\/glotomania.com\/pt-pt\/wp-json\/wp\/v2\/product\/390087","targetHints":{"allow":["GET"]}}],"collection":[{"href":"https:\/\/glotomania.com\/pt-pt\/wp-json\/wp\/v2\/product"}],"about":[{"href":"https:\/\/glotomania.com\/pt-pt\/wp-json\/wp\/v2\/types\/product"}],"replies":[{"embeddable":true,"href":"https:\/\/glotomania.com\/pt-pt\/wp-json\/wp\/v2\/comments?post=390087"}],"wp:featuredmedia":[{"embeddable":true,"href":"https:\/\/glotomania.com\/pt-pt\/wp-json\/wp\/v2\/media\/43401"}],"wp:attachment":[{"href":"https:\/\/glotomania.com\/pt-pt\/wp-json\/wp\/v2\/media?parent=390087"}],"wp:term":[{"taxonomy":"pwb-brand","embeddable":true,"href":"https:\/\/glotomania.com\/pt-pt\/wp-json\/wp\/v2\/pwb-brand?post=390087"},{"taxonomy":"product_brand","embeddable":true,"href":"https:\/\/glotomania.com\/pt-pt\/wp-json\/wp\/v2\/product_brand?post=390087"},{"taxonomy":"product_cat","embeddable":true,"href":"https:\/\/glotomania.com\/pt-pt\/wp-json\/wp\/v2\/product_cat?post=390087"},{"taxonomy":"product_tag","embeddable":true,"href":"https:\/\/glotomania.com\/pt-pt\/wp-json\/wp\/v2\/product_tag?post=390087"}],"curies":[{"name":"wp","href":"https:\/\/api.w.org\/{rel}","templated":true}]}}