{"id":390088,"date":"2025-09-02T10:56:33","date_gmt":"2025-09-02T10:56:33","guid":{"rendered":"https:\/\/glotomania.com\/p\/bolsas-para-dulces-cierre-zip-wilton-boo-eek-20-u-2\/"},"modified":"2026-03-11T00:09:55","modified_gmt":"2026-03-11T00:09:55","slug":"bolsas-para-dulces-cierre-zip-wilton-boo-eek-20-u-2","status":"publish","type":"product","link":"https:\/\/glotomania.com\/pt-pt\/p\/bolsas-para-dulces-cierre-zip-wilton-boo-eek-20-u-2\/","title":{"rendered":"Sacos De Doces Wilton (fecho De Correr) &#8211; &#8220;boo! Eek!&#8221; (20 U)"},"content":{"rendered":"<p>&nbsp;<\/p>\n<p><span style=\"font-size:14px\">Cont&eacute;m 20 sacos que podem ser fechados.<\/span><\/p>\n<p><span style=\"font-size:14px\"><strong>Dimens&otilde;es aproximadas: <\/strong>17 x 20 cm.<\/span><\/p>\n","protected":false},"excerpt":{"rendered":"<p>Estes sacos assustadores da Wilton s\u00e3o perfeitos para o Halloween! Pode us\u00e1-los para embrulhar biscoitos, rebu\u00e7ados e outros doces.<\/p>\n","protected":false},"featured_media":43393,"comment_status":"open","ping_status":"closed","template":"","meta":{"_acf_changed":false},"pwb-brand":[],"product_brand":[],"product_cat":[2006,2005,2907,2917,3087,1849,1863,3149,3153,1767],"product_tag":[],"class_list":{"0":"post-390088","1":"product","2":"type-product","3":"status-publish","4":"has-post-thumbnail","6":"product_cat-bolsas-dulces","7":"product_cat-bolsas","8":"product_cat-festas","9":"product_cat-halloween","10":"product_cat-ordem-e-armazenamento","11":"product_cat-fiestas","13":"product_cat-sacos-de-pastelaria-2","14":"product_cat-sacos-para-doces-2","15":"product_cat-utensilios","17":"first","18":"instock","19":"taxable","20":"shipping-taxable","21":"purchasable","22":"product-type-simple"},"acf":[],"df_price":3.37,"df_sale_price":"","df_regular_price":3.37,"df_image_link":"https:\/\/glotomania.com\/wp-content\/uploads\/2024\/08\/img_24704_fc4df707a6eb3bdadbe962de7783006d_1-300x300.png","brands":[],"_links":{"self":[{"href":"https:\/\/glotomania.com\/pt-pt\/wp-json\/wp\/v2\/product\/390088","targetHints":{"allow":["GET"]}}],"collection":[{"href":"https:\/\/glotomania.com\/pt-pt\/wp-json\/wp\/v2\/product"}],"about":[{"href":"https:\/\/glotomania.com\/pt-pt\/wp-json\/wp\/v2\/types\/product"}],"replies":[{"embeddable":true,"href":"https:\/\/glotomania.com\/pt-pt\/wp-json\/wp\/v2\/comments?post=390088"}],"wp:featuredmedia":[{"embeddable":true,"href":"https:\/\/glotomania.com\/pt-pt\/wp-json\/wp\/v2\/media\/43393"}],"wp:attachment":[{"href":"https:\/\/glotomania.com\/pt-pt\/wp-json\/wp\/v2\/media?parent=390088"}],"wp:term":[{"taxonomy":"pwb-brand","embeddable":true,"href":"https:\/\/glotomania.com\/pt-pt\/wp-json\/wp\/v2\/pwb-brand?post=390088"},{"taxonomy":"product_brand","embeddable":true,"href":"https:\/\/glotomania.com\/pt-pt\/wp-json\/wp\/v2\/product_brand?post=390088"},{"taxonomy":"product_cat","embeddable":true,"href":"https:\/\/glotomania.com\/pt-pt\/wp-json\/wp\/v2\/product_cat?post=390088"},{"taxonomy":"product_tag","embeddable":true,"href":"https:\/\/glotomania.com\/pt-pt\/wp-json\/wp\/v2\/product_tag?post=390088"}],"curies":[{"name":"wp","href":"https:\/\/api.w.org\/{rel}","templated":true}]}}