{"id":390089,"date":"2025-09-02T10:56:33","date_gmt":"2025-09-02T10:56:33","guid":{"rendered":"https:\/\/glotomania.com\/p\/bolsas-para-dulces-cierre-zip-wilton-sombrero-de-bruja-20-u-2\/"},"modified":"2026-04-19T00:03:37","modified_gmt":"2026-04-19T00:03:37","slug":"bolsas-para-dulces-cierre-zip-wilton-sombrero-de-bruja-20-u-2","status":"publish","type":"product","link":"https:\/\/glotomania.com\/pt-pt\/p\/bolsas-para-dulces-cierre-zip-wilton-sombrero-de-bruja-20-u-2\/","title":{"rendered":"Sacos De Doces Wilton (fecho De Correr) &#8211; Chap\u00c9u De Bruxa (20 Unidades)"},"content":{"rendered":"<p>&nbsp;<\/p>\n<p><span style=\"font-size:14px\">Cont&eacute;m 20 saquetas que podem ser fechadas.<\/span><\/p>\n<p><span style=\"font-size:14px\"><strong>Dimens&otilde;es aproximadas: <\/strong>17 x 20 cm.<\/span><\/p>\n","protected":false},"excerpt":{"rendered":"<p>Estes sacos de doces assustadores da Wilton s\u00e3o perfeitos para o Halloween! Pode us\u00e1-los para embrulhar bolachas, rebu\u00e7ados e outros doces.<\/p>\n","protected":false},"featured_media":43394,"comment_status":"open","ping_status":"closed","template":"","meta":{"_acf_changed":false},"pwb-brand":[],"product_brand":[],"product_cat":[2907,2917,3087,3149,3153,2006,2005,1849,1863,1767],"product_tag":[],"class_list":{"0":"post-390089","1":"product","2":"type-product","3":"status-publish","4":"has-post-thumbnail","6":"product_cat-festas","7":"product_cat-halloween","8":"product_cat-ordem-e-armazenamento","9":"product_cat-sacos-de-pastelaria-2","10":"product_cat-sacos-para-doces-2","11":"product_cat-bolsas-dulces","12":"product_cat-bolsas","13":"product_cat-fiestas","15":"product_cat-utensilios","17":"first","18":"instock","19":"taxable","20":"shipping-taxable","21":"purchasable","22":"product-type-simple"},"acf":[],"df_price":2.09,"df_sale_price":2.09,"df_regular_price":2.99,"df_image_link":"https:\/\/glotomania.com\/wp-content\/uploads\/2024\/08\/img_24705_dcb88c637d5cd2d177ae6fa1cea308ba_1-300x300.png","brands":[],"_links":{"self":[{"href":"https:\/\/glotomania.com\/pt-pt\/wp-json\/wp\/v2\/product\/390089","targetHints":{"allow":["GET"]}}],"collection":[{"href":"https:\/\/glotomania.com\/pt-pt\/wp-json\/wp\/v2\/product"}],"about":[{"href":"https:\/\/glotomania.com\/pt-pt\/wp-json\/wp\/v2\/types\/product"}],"replies":[{"embeddable":true,"href":"https:\/\/glotomania.com\/pt-pt\/wp-json\/wp\/v2\/comments?post=390089"}],"wp:featuredmedia":[{"embeddable":true,"href":"https:\/\/glotomania.com\/pt-pt\/wp-json\/wp\/v2\/media\/43394"}],"wp:attachment":[{"href":"https:\/\/glotomania.com\/pt-pt\/wp-json\/wp\/v2\/media?parent=390089"}],"wp:term":[{"taxonomy":"pwb-brand","embeddable":true,"href":"https:\/\/glotomania.com\/pt-pt\/wp-json\/wp\/v2\/pwb-brand?post=390089"},{"taxonomy":"product_brand","embeddable":true,"href":"https:\/\/glotomania.com\/pt-pt\/wp-json\/wp\/v2\/product_brand?post=390089"},{"taxonomy":"product_cat","embeddable":true,"href":"https:\/\/glotomania.com\/pt-pt\/wp-json\/wp\/v2\/product_cat?post=390089"},{"taxonomy":"product_tag","embeddable":true,"href":"https:\/\/glotomania.com\/pt-pt\/wp-json\/wp\/v2\/product_tag?post=390089"}],"curies":[{"name":"wp","href":"https:\/\/api.w.org\/{rel}","templated":true}]}}