{"id":390092,"date":"2025-09-02T10:56:35","date_gmt":"2025-09-02T10:56:35","guid":{"rendered":"https:\/\/glotomania.com\/p\/hierba-comestible-papel-de-oblea-cake-masters-30-g-2\/"},"modified":"2026-03-30T11:10:30","modified_gmt":"2026-03-30T11:10:30","slug":"hierba-comestible-papel-de-oblea-cake-masters-30-g-2","status":"publish","type":"product","link":"https:\/\/glotomania.com\/pt-pt\/p\/hierba-comestible-papel-de-oblea-cake-masters-30-g-2\/","title":{"rendered":"Grama De Papel De H\u00d3stia Comest\u00cdvel &#8211; Cake Masters (30 G)"},"content":{"rendered":"<p>&nbsp;<\/p>\n<p><span style=\"font-size:14px\">A grama&nbsp;verde-clara &eacute; servida em longos fios enrolados. Quando enrolada, forma um volume ideal para decorar cestos de P&aacute;scoa com cerca de 20 cm.<\/span><\/p>\n","protected":false},"excerpt":{"rendered":"<p>Grama de papel de h\u00f3stia comest\u00edvel da Cake Masters, perfeita para fazer cestos de P\u00e1scoa, ninhos, decora\u00e7\u00f5es de primavera&#8230; e muito mais! e muito mais!<\/p>\n","protected":false},"featured_media":43398,"comment_status":"open","ping_status":"closed","template":"","meta":{"_acf_changed":false},"pwb-brand":[],"product_brand":[],"product_cat":[1839,2979,1832,2907,1996,2990,1997,2992,1845,2921,2996,1849,1858,3001],"product_tag":[],"class_list":{"0":"post-390092","1":"product","2":"type-product","3":"status-publish","4":"has-post-thumbnail","6":"product_cat-decoracion-comestible","7":"product_cat-decoracoes-comestiveis-2","8":"product_cat-diestas-especiales","9":"product_cat-festas","10":"product_cat-flores","11":"product_cat-flores-comestiveis-para-bolos-2","12":"product_cat-flores-oblea","13":"product_cat-flores-de-wafer","14":"product_cat-dieta-sin-e-171","15":"product_cat-pascoa","16":"product_cat-produtos-vegetarianos","17":"product_cat-fiestas","18":"product_cat-pascua","19":"product_cat-sem-e-171-2","21":"first","22":"instock","23":"taxable","24":"shipping-taxable","25":"purchasable","26":"product-type-simple"},"acf":[],"df_price":2.75,"df_sale_price":"","df_regular_price":2.75,"df_image_link":"https:\/\/glotomania.com\/wp-content\/uploads\/2024\/08\/img_24714_e38150adc4291b389af32183e4d951b3_1-300x300.png","brands":[],"_links":{"self":[{"href":"https:\/\/glotomania.com\/pt-pt\/wp-json\/wp\/v2\/product\/390092","targetHints":{"allow":["GET"]}}],"collection":[{"href":"https:\/\/glotomania.com\/pt-pt\/wp-json\/wp\/v2\/product"}],"about":[{"href":"https:\/\/glotomania.com\/pt-pt\/wp-json\/wp\/v2\/types\/product"}],"replies":[{"embeddable":true,"href":"https:\/\/glotomania.com\/pt-pt\/wp-json\/wp\/v2\/comments?post=390092"}],"wp:featuredmedia":[{"embeddable":true,"href":"https:\/\/glotomania.com\/pt-pt\/wp-json\/wp\/v2\/media\/43398"}],"wp:attachment":[{"href":"https:\/\/glotomania.com\/pt-pt\/wp-json\/wp\/v2\/media?parent=390092"}],"wp:term":[{"taxonomy":"pwb-brand","embeddable":true,"href":"https:\/\/glotomania.com\/pt-pt\/wp-json\/wp\/v2\/pwb-brand?post=390092"},{"taxonomy":"product_brand","embeddable":true,"href":"https:\/\/glotomania.com\/pt-pt\/wp-json\/wp\/v2\/product_brand?post=390092"},{"taxonomy":"product_cat","embeddable":true,"href":"https:\/\/glotomania.com\/pt-pt\/wp-json\/wp\/v2\/product_cat?post=390092"},{"taxonomy":"product_tag","embeddable":true,"href":"https:\/\/glotomania.com\/pt-pt\/wp-json\/wp\/v2\/product_tag?post=390092"}],"curies":[{"name":"wp","href":"https:\/\/api.w.org\/{rel}","templated":true}]}}