{"id":390093,"date":"2025-09-02T10:56:36","date_gmt":"2025-09-02T10:56:36","guid":{"rendered":"https:\/\/glotomania.com\/p\/bote-de-limpieza-para-aerografo-cake-masters-2\/"},"modified":"2026-04-19T00:03:38","modified_gmt":"2026-04-19T00:03:38","slug":"bote-de-limpieza-para-aerografo-cake-masters-2","status":"publish","type":"product","link":"https:\/\/glotomania.com\/pt-pt\/p\/bote-de-limpieza-para-aerografo-cake-masters-2\/","title":{"rendered":"Recipiente Para Limpeza De Aer\u00d3grafos &#8211; Cake Masters"},"content":{"rendered":"<p>&nbsp;<\/p>\n<p><strong><span style=\"font-size:14px\">Solvente de limpeza:<\/span><\/strong><\/p>\n<ul>\n<li><span style=\"font-size:14px\">Se forem utilizadas tintas &agrave; base de &aacute;gua ou semelhantes, utilizar &aacute;gua para a limpeza.<\/span><\/li>\n<li><span style=\"font-size:14px\">Se o material de cor for tinta a &oacute;leo, laca ou outro material oleoso, utilize o diluente ou solvente adequado.<\/span><\/li>\n<\/ul>\n<p><span style=\"font-size:14px\"><strong>Modo de utiliza&ccedil;&atilde;o para a limpeza das pistolas de aer&oacute;grafo:<\/strong><\/span><\/p>\n<ol>\n<li><span style=\"font-size:14px\">Abrir a tampa e colocar o filtro no orif&iacute;cio.<\/span><\/li>\n<li><span style=\"font-size:14px\">Colocar cerca de 1,5 cm de &aacute;gua ou diluente na lata antes da utiliza&ccedil;&atilde;o.<\/span><\/li>\n<li><span style=\"font-size:14px\">Colocar o bocal no orif&iacute;cio de inser&ccedil;&atilde;o do aer&oacute;grafo e injetar a &aacute;gua ou o solvente de limpeza.<\/span><\/li>\n<li><span style=\"font-size:14px\">Em seguida, prima totalmente e puxe o gatilho para tr&aacute;s e repita a inje&ccedil;&atilde;o da &aacute;gua ou do solvente de limpeza.<\/span><\/li>\n<li><span style=\"font-size:14px\">Substituir o filtro quando este ficar sujo.<\/span><\/li>\n<\/ol>\n","protected":false},"excerpt":{"rendered":"<p>Ferramenta pr\u00e1tica 3 em 1 da Cake Masters para uma limpeza f\u00e1cil das nossas pistolas de aer\u00f3grafo, tamb\u00e9m pode ser utilizada como suporte para aer\u00f3grafo e pinc\u00e9is, e at\u00e9 mesmo \u00e1gua.<\/p>\n","protected":false},"featured_media":43389,"comment_status":"open","ping_status":"closed","template":"","meta":{"_acf_changed":false},"pwb-brand":[],"product_brand":[],"product_cat":[3109,1995,3087,1767],"product_tag":[],"class_list":{"0":"post-390093","1":"product","2":"type-product","3":"status-publish","4":"has-post-thumbnail","6":"product_cat-aerografos","8":"product_cat-ordem-e-armazenamento","9":"product_cat-utensilios","11":"first","12":"instock","13":"taxable","14":"shipping-taxable","15":"purchasable","16":"product-type-simple"},"acf":[],"df_price":9.76,"df_sale_price":9.76,"df_regular_price":13.95,"df_image_link":"https:\/\/glotomania.com\/wp-content\/uploads\/2024\/08\/img_24717_c80f277a04bb0241763c62ecc2e464c7_1-300x300.png","brands":[],"_links":{"self":[{"href":"https:\/\/glotomania.com\/pt-pt\/wp-json\/wp\/v2\/product\/390093","targetHints":{"allow":["GET"]}}],"collection":[{"href":"https:\/\/glotomania.com\/pt-pt\/wp-json\/wp\/v2\/product"}],"about":[{"href":"https:\/\/glotomania.com\/pt-pt\/wp-json\/wp\/v2\/types\/product"}],"replies":[{"embeddable":true,"href":"https:\/\/glotomania.com\/pt-pt\/wp-json\/wp\/v2\/comments?post=390093"}],"wp:featuredmedia":[{"embeddable":true,"href":"https:\/\/glotomania.com\/pt-pt\/wp-json\/wp\/v2\/media\/43389"}],"wp:attachment":[{"href":"https:\/\/glotomania.com\/pt-pt\/wp-json\/wp\/v2\/media?parent=390093"}],"wp:term":[{"taxonomy":"pwb-brand","embeddable":true,"href":"https:\/\/glotomania.com\/pt-pt\/wp-json\/wp\/v2\/pwb-brand?post=390093"},{"taxonomy":"product_brand","embeddable":true,"href":"https:\/\/glotomania.com\/pt-pt\/wp-json\/wp\/v2\/product_brand?post=390093"},{"taxonomy":"product_cat","embeddable":true,"href":"https:\/\/glotomania.com\/pt-pt\/wp-json\/wp\/v2\/product_cat?post=390093"},{"taxonomy":"product_tag","embeddable":true,"href":"https:\/\/glotomania.com\/pt-pt\/wp-json\/wp\/v2\/product_tag?post=390093"}],"curies":[{"name":"wp","href":"https:\/\/api.w.org\/{rel}","templated":true}]}}