{"id":390125,"date":"2025-09-02T10:57:19","date_gmt":"2025-09-02T10:57:19","guid":{"rendered":"https:\/\/glotomania.com\/p\/nata-vegetal-ambiante-chocolate-1-l-2\/"},"modified":"2026-04-13T18:28:11","modified_gmt":"2026-04-13T18:28:11","slug":"nata-vegetal-ambiante-chocolate-1-l-2","status":"publish","type":"product","link":"https:\/\/glotomania.com\/pt-pt\/p\/nata-vegetal-ambiante-chocolate-1-l-2\/","title":{"rendered":"Creme Vegetal Ambiante Chocolate &#8211; 1 L"},"content":{"rendered":"<p>&nbsp;<\/p>\n<p><span style=\"font-size:14px\">Ideal para as nossas decora&ccedil;&otilde;es, mousses, recheios e coberturas. De cor castanha e sabor a cacau. Muito vers&aacute;til, pode tamb&eacute;m ser misturado com outros ingredientes.<br \/>\nA sua textura cremosa e uniforme permite um alisamento e uma estabilidade perfeitos. Mant&eacute;m a sua estabilidade tamb&eacute;m a temperaturas extremas (admite congela&ccedil;&atilde;o).<\/span><\/p>\n<p><span style=\"font-size:14px\"><strong>Modo de utiliza&ccedil;&atilde;o:<\/strong><br \/>\nDeve ser deixado a arrefecer no frigor&iacute;fico durante um m&iacute;nimo de 12 h, para atingir 5\/7 &ordm;C antes de bater, conseguindo assim uma maior estabilidade. Bater em velocidade m&eacute;dia numa ta&ccedil;a fria e seca at&eacute; obter a consist&ecirc;ncia desejada.<\/span><\/p>\n<p><span style=\"font-size:14px\">O chantilly que n&atilde;o vai ser utilizado deve ser guardado no frigor&iacute;fico e pode ser batido novamente mais tarde sem alterar a prepara&ccedil;&atilde;o. Uma vez batido, o produto &eacute; est&aacute;vel &agrave; congela&ccedil;&atilde;o e &agrave; descongela&ccedil;&atilde;o.&nbsp;<\/span><\/p>\n","protected":false},"excerpt":{"rendered":"<p>Mistura vegetal Ambiante com sabor a cacau, ideal para recheios e decora\u00e7\u00f5es com linhas perfeitas e est\u00e1veis. Com cobertura uniforme e textura suave, macia e duradoura.<\/p>\n","protected":false},"featured_media":44532,"comment_status":"open","ping_status":"closed","template":"","meta":{"_acf_changed":false},"pwb-brand":[],"product_brand":[],"product_cat":[3036,2996,3001,1832,1845,1893],"product_tag":[],"class_list":{"0":"post-390125","1":"product","2":"type-product","3":"status-publish","4":"has-post-thumbnail","6":"product_cat-natas-vegetais-2","7":"product_cat-produtos-vegetarianos","8":"product_cat-sem-e-171-2","9":"product_cat-diestas-especiales","10":"product_cat-dieta-sin-e-171","11":"product_cat-nata-vegetal","13":"first","14":"instock","15":"taxable","16":"shipping-taxable","17":"purchasable","18":"product-type-simple"},"acf":[],"df_price":5.26,"df_sale_price":"","df_regular_price":5.26,"df_image_link":"https:\/\/glotomania.com\/wp-content\/uploads\/2024\/09\/img_24895_3074e991d7ea547e5b2f5be082e037d1_1-300x300.png","brands":[],"_links":{"self":[{"href":"https:\/\/glotomania.com\/pt-pt\/wp-json\/wp\/v2\/product\/390125","targetHints":{"allow":["GET"]}}],"collection":[{"href":"https:\/\/glotomania.com\/pt-pt\/wp-json\/wp\/v2\/product"}],"about":[{"href":"https:\/\/glotomania.com\/pt-pt\/wp-json\/wp\/v2\/types\/product"}],"replies":[{"embeddable":true,"href":"https:\/\/glotomania.com\/pt-pt\/wp-json\/wp\/v2\/comments?post=390125"}],"wp:featuredmedia":[{"embeddable":true,"href":"https:\/\/glotomania.com\/pt-pt\/wp-json\/wp\/v2\/media\/44532"}],"wp:attachment":[{"href":"https:\/\/glotomania.com\/pt-pt\/wp-json\/wp\/v2\/media?parent=390125"}],"wp:term":[{"taxonomy":"pwb-brand","embeddable":true,"href":"https:\/\/glotomania.com\/pt-pt\/wp-json\/wp\/v2\/pwb-brand?post=390125"},{"taxonomy":"product_brand","embeddable":true,"href":"https:\/\/glotomania.com\/pt-pt\/wp-json\/wp\/v2\/product_brand?post=390125"},{"taxonomy":"product_cat","embeddable":true,"href":"https:\/\/glotomania.com\/pt-pt\/wp-json\/wp\/v2\/product_cat?post=390125"},{"taxonomy":"product_tag","embeddable":true,"href":"https:\/\/glotomania.com\/pt-pt\/wp-json\/wp\/v2\/product_tag?post=390125"}],"curies":[{"name":"wp","href":"https:\/\/api.w.org\/{rel}","templated":true}]}}