{"id":390128,"date":"2025-09-02T10:57:21","date_gmt":"2025-09-02T10:57:21","guid":{"rendered":"https:\/\/glotomania.com\/p\/pasta-de-vainilla-bourbon-bio-eurovanille-1-kg-2\/"},"modified":"2026-04-15T00:19:07","modified_gmt":"2026-04-15T00:19:07","slug":"pasta-de-vainilla-bourbon-bio-eurovanille-1-kg-2","status":"publish","type":"product","link":"https:\/\/glotomania.com\/pt-pt\/p\/pasta-de-vainilla-bourbon-bio-eurovanille-1-kg-2\/","title":{"rendered":"Pasta De Baunilha Bourbon Biol\u00d3gica Eurovanille &#8211; 1 Kg"},"content":{"rendered":"<p>\n<span style=\"font-size:14px\">Pasta de baunilha de bourbon 100% natural e biol&oacute;gica: sem corantes, conservantes ou aditivos, transformar&aacute; as suas cria&ccedil;&otilde;es em algo sublime!<\/span><\/p>\n<p><span style=\"font-size:14px\">Pasta de <strong>baunilha de bourbon 100% natural e biol&oacute;gica<\/strong>: sem corantes, sem conservantes, sem aditivos, ela vai real&ccedil;ar as suas cria&ccedil;&otilde;es!<\/span><\/p>\n<table border=\"1\" cellpadding=\"1\" cellspacing=\"1\" style=\"width: 500px\">\n<tbody>\n<tr>\n<td style=\"text-align: center\"><strong><span style=\"font-size: 14px\">APLICA&Ccedil;&Otilde;ES&nbsp; &nbsp; &nbsp; &nbsp; &nbsp; &nbsp; &nbsp; &nbsp; &nbsp; &nbsp; &nbsp; &nbsp; &nbsp; &nbsp; &nbsp; &nbsp;&nbsp;<\/span><\/strong><\/td>\n<td style=\"text-align: center\"><strong><span style=\"font-size: 14px\">DOSAGEM RECOMENDADA 1 L \/ 1 KG<\/span><\/strong><\/td>\n<\/tr>\n<tr>\n<td style=\"text-align: center\"><span style=\"font-size:14px\">Cremes ( pastelaria, inglesas), creme br&ucirc;l&eacute;e, creme catal&atilde;o<\/span><\/td>\n<td style=\"text-align: center\"><span style=\"font-size:14px\">+\/- 20 gramas<\/span><\/td>\n<\/tr>\n<tr>\n<td style=\"text-align: center\"><span style=\"font-size:14px\">Biscoitos e bolos<\/span><\/td>\n<td style=\"text-align: center\"><span style=\"font-size:14px\">+\/- 20 gramas<\/span><\/td>\n<\/tr>\n<tr>\n<td style=\"text-align: center\"><span style=\"font-size:14px\">Iogurtes<\/span><\/td>\n<td style=\"text-align: center\"><span style=\"text-align: center\">7 &#8211; 10 gramos<\/span><\/td>\n<\/tr>\n<\/tbody>\n<\/table>\n<p>\n&nbsp;<\/p>\n","protected":false},"excerpt":{"rendered":"<p>Pasta de baunilha de bourbon de Madag\u00e1scar 100% biol\u00f3gica, ideal para utilizar como aromatizante ou cobertura, trazendo notas doces de baunilha \u00e0s nossas cria\u00e7\u00f5es.<\/p>\n","protected":false},"featured_media":44528,"comment_status":"open","ping_status":"closed","template":"","meta":{"_acf_changed":false},"pwb-brand":[],"product_brand":[],"product_cat":[2943,2945,2945,2943,2952,2952,2996,1954,2999,1930,3001,3004,2999,2996,3001,3004],"product_tag":[],"class_list":{"0":"post-390128","1":"product","2":"type-product","3":"status-publish","4":"has-post-thumbnail","6":"product_cat-aromas-e-extractos","7":"product_cat-aromas-em-pasta","10":"product_cat-coberturas-2","12":"product_cat-produtos-vegetarianos","13":"product_cat-ingredientes-bio-para-reposteria","14":"product_cat-kosher-2","15":"product_cat-ingredientes-organicos-para-reposteria","16":"product_cat-sem-e-171-2","17":"product_cat-sem-gluten-2","23":"first","24":"instock","25":"taxable","26":"shipping-taxable","27":"purchasable","28":"product-type-simple"},"acf":[],"df_price":55,"df_sale_price":"","df_regular_price":55,"df_image_link":"https:\/\/glotomania.com\/wp-content\/uploads\/2024\/10\/img_24918_caf2b1f15bfe33ab780299f2f34a56b4_1-300x300.png","brands":[],"_links":{"self":[{"href":"https:\/\/glotomania.com\/pt-pt\/wp-json\/wp\/v2\/product\/390128","targetHints":{"allow":["GET"]}}],"collection":[{"href":"https:\/\/glotomania.com\/pt-pt\/wp-json\/wp\/v2\/product"}],"about":[{"href":"https:\/\/glotomania.com\/pt-pt\/wp-json\/wp\/v2\/types\/product"}],"replies":[{"embeddable":true,"href":"https:\/\/glotomania.com\/pt-pt\/wp-json\/wp\/v2\/comments?post=390128"}],"wp:featuredmedia":[{"embeddable":true,"href":"https:\/\/glotomania.com\/pt-pt\/wp-json\/wp\/v2\/media\/44528"}],"wp:attachment":[{"href":"https:\/\/glotomania.com\/pt-pt\/wp-json\/wp\/v2\/media?parent=390128"}],"wp:term":[{"taxonomy":"pwb-brand","embeddable":true,"href":"https:\/\/glotomania.com\/pt-pt\/wp-json\/wp\/v2\/pwb-brand?post=390128"},{"taxonomy":"product_brand","embeddable":true,"href":"https:\/\/glotomania.com\/pt-pt\/wp-json\/wp\/v2\/product_brand?post=390128"},{"taxonomy":"product_cat","embeddable":true,"href":"https:\/\/glotomania.com\/pt-pt\/wp-json\/wp\/v2\/product_cat?post=390128"},{"taxonomy":"product_tag","embeddable":true,"href":"https:\/\/glotomania.com\/pt-pt\/wp-json\/wp\/v2\/product_tag?post=390128"}],"curies":[{"name":"wp","href":"https:\/\/api.w.org\/{rel}","templated":true}]}}